{"id":121547,"date":"2026-02-17T11:45:43","date_gmt":"2026-02-17T10:45:43","guid":{"rendered":"https:\/\/jogerso.se\/infor-ditt-besok\/"},"modified":"2026-02-17T13:33:25","modified_gmt":"2026-02-17T12:33:25","slug":"infor-ditt-besok","status":"publish","type":"page","link":"https:\/\/jogerso.se\/en\/infor-ditt-besok\/","title":{"rendered":"Before your visit"},"content":{"rendered":"<div class=\"wpb-content-wrapper\"><p>[vc_row row_height_percent=&#8221;0&#8243; override_padding=&#8221;yes&#8221; h_padding=&#8221;2&#8243; top_padding=&#8221;5&#8243; bottom_padding=&#8221;5&#8243; overlay_alpha=&#8221;50&#8243; equal_height=&#8221;yes&#8221; gutter_size=&#8221;4&#8243; column_width_percent=&#8221;100&#8243; shift_y=&#8221;0&#8243; z_index=&#8221;0&#8243; inverted_device_order=&#8221;yes&#8221; uncode_shortcode_id=&#8221;117591&#8243;][vc_column column_width_percent=&#8221;100&#8243; position_horizontal=&#8221;left&#8221; position_vertical=&#8221;middle&#8221; gutter_size=&#8221;3&#8243; overlay_alpha=&#8221;50&#8243; shift_x=&#8221;0&#8243; shift_y=&#8221;0&#8243; shift_y_down=&#8221;0&#8243; z_index=&#8221;0&#8243; medium_width=&#8221;4&#8243; mobile_width=&#8221;0&#8243; width=&#8221;6\/12&#8243; uncode_shortcode_id=&#8221;157888&#8243;][vc_custom_heading auto_text=&#8221;yes&#8221; heading_semantic=&#8221;h1&#8243; text_size=&#8221;h1&#8243; sub_lead=&#8221;yes&#8221; uncode_shortcode_id=&#8221;129861&#8243;][\/vc_custom_heading][vc_column_text text_lead=&#8221;yes&#8221; uncode_shortcode_id=&#8221;167656&#8243;]Welcome to Jogers\u00f6 Eco Camp &#8211; a nature-oriented campsite in Oxel\u00f6sund close to the sea, beach and archipelago. Here we have gathered all practical information for your stay, whether you are traveling with a motorhome, caravan or tent. <\/p>\n<p>On this page you will find information on how to book a campsite, our campsite map, comfort rules, optional extras, late arrival and cancellation terms. The aim is to make your arrival as smooth as possible and give you a safe start to your camping experience in S\u00f6rmland. <\/p>\n<p>Please read the information before your arrival so that you are well prepared when you check in at Jogers\u00f6.[\/vc_column_text][vc_empty_space empty_h=&#8221;0&#8243;][vc_empty_space empty_h=&#8221;0&#8243;][\/vc_column][vc_column column_width_percent=&#8221;100&#8243; gutter_size=&#8221;3&#8243; overlay_alpha=&#8221;50&#8243; shift_x=&#8221;0&#8243; shift_y=&#8221;0&#8243; shift_y_down=&#8221;0&#8243; z_index=&#8221;0&#8243; medium_width=&#8221;4&#8243; mobile_width=&#8221;0&#8243; width=&#8221;6\/12&#8243; uncode_shortcode_id=&#8221;710163&#8243;][vc_single_image media=&#8221;121395&#8243; media_width_percent=&#8221;100&#8243; media_ratio=&#8221;one-one&#8221; alignment=&#8221;right&#8221; shape=&#8221;img-round&#8221; radius=&#8221;lg&#8221; uncode_shortcode_id=&#8221;197897&#8243;][\/vc_column][\/vc_row][vc_row row_height_percent=&#8221;0&#8243; overlay_alpha=&#8221;50&#8243; gutter_size=&#8221;3&#8243; column_width_percent=&#8221;100&#8243; shift_y=&#8221;0&#8243; z_index=&#8221;0&#8243; content_parallax=&#8221;0&#8243; uncode_shortcode_id=&#8221;648138&#8243;][vc_column width=&#8221;1\/1&#8243;][vc_button button_color=&#8221;color-482803&#8243; size=&#8221;btn-lg&#8221; text_skin=&#8221;yes&#8221; border_width=&#8221;0&#8243; display=&#8221;inline&#8221; inline_mobile=&#8221;yes&#8221; link=&#8221;url:https%3A%2F%2Fjogerso.se%2Finfor-ditt-besok%2F%23boka|title:How%20do%20I%20book%3F|&#8221; uncode_shortcode_id=&#8221;887450&#8243; button_color_type=&#8221;uncode-palette&#8221;]How do I book?[\/vc_button][vc_button button_color=&#8221;color-482803&#8243; size=&#8221;btn-lg&#8221; text_skin=&#8221;yes&#8221; border_width=&#8221;0&#8243; display=&#8221;inline&#8221; inline_mobile=&#8221;yes&#8221; link=&#8221;url:https%3A%2F%2Fjogerso.se%2Fen%2Fstay%2Fcampingkarta%2F|title:Camping%20site%20map|&#8221; uncode_shortcode_id=&#8221;446337&#8243; button_color_type=&#8221;uncode-palette&#8221;]Camping site map[\/vc_button][vc_button button_color=&#8221;color-482803&#8243; size=&#8221;btn-lg&#8221; text_skin=&#8221;yes&#8221; border_width=&#8221;0&#8243; display=&#8221;inline&#8221; inline_mobile=&#8221;yes&#8221; link=&#8221;url:https%3A%2F%2Fjogerso.se%2Fen%2Foptional%2F|title:Optional%20extras|&#8221; uncode_shortcode_id=&#8221;728528&#8243; button_color_type=&#8221;uncode-palette&#8221;]Optional extras[\/vc_button][vc_button button_color=&#8221;color-482803&#8243; size=&#8221;btn-lg&#8221; text_skin=&#8221;yes&#8221; border_width=&#8221;0&#8243; display=&#8221;inline&#8221; inline_mobile=&#8221;yes&#8221; link=&#8221;url:https%3A%2F%2Fjogerso.se%2Fen%2Frules-of-conduct%2F|title:Well-being%20rules|&#8221; uncode_shortcode_id=&#8221;132202&#8243; button_color_type=&#8221;uncode-palette&#8221;]Well-being rules[\/vc_button][vc_button button_color=&#8221;color-482803&#8243; size=&#8221;btn-lg&#8221; text_skin=&#8221;yes&#8221; border_width=&#8221;0&#8243; display=&#8221;inline&#8221; inline_mobile=&#8221;yes&#8221; link=&#8221;url:https%3A%2F%2Fjogerso.se%2Fen%2Fstay%2Flate-arrival%2F|title:Late%20arrival|&#8221; uncode_shortcode_id=&#8221;102410&#8243; button_color_type=&#8221;uncode-palette&#8221;]Late arrival[\/vc_button][vc_button button_color=&#8221;color-482803&#8243; size=&#8221;btn-lg&#8221; text_skin=&#8221;yes&#8221; border_width=&#8221;0&#8243; display=&#8221;inline&#8221; inline_mobile=&#8221;yes&#8221; link=&#8221;url:https%3A%2F%2Fjogerso.se%2Fen%2Fstay%2Fcancellation-policy%2F|title:Cancellation%20policy|&#8221; uncode_shortcode_id=&#8221;119596&#8243; button_color_type=&#8221;uncode-palette&#8221;]Cancellation policy[\/vc_button][\/vc_column][\/vc_row][vc_row row_height_percent=&#8221;0&#8243; override_padding=&#8221;yes&#8221; h_padding=&#8221;2&#8243; top_padding=&#8221;5&#8243; bottom_padding=&#8221;5&#8243; overlay_alpha=&#8221;50&#8243; equal_height=&#8221;yes&#8221; gutter_size=&#8221;4&#8243; column_width_percent=&#8221;100&#8243; shift_y=&#8221;0&#8243; z_index=&#8221;0&#8243; content_parallax=&#8221;0&#8243; uncode_shortcode_id=&#8221;214384&#8243; el_id=&#8221;book&#8221;][vc_column column_width_percent=&#8221;100&#8243; gutter_size=&#8221;3&#8243; overlay_alpha=&#8221;50&#8243; shift_x=&#8221;0&#8243; shift_y=&#8221;0&#8243; shift_y_down=&#8221;0&#8243; z_index=&#8221;0&#8243; medium_width=&#8221;4&#8243; mobile_width=&#8221;0&#8243; width=&#8221;6\/12&#8243; uncode_shortcode_id=&#8221;626807&#8243;][vc_single_image media=&#8221;121492&#8243; media_width_percent=&#8221;100&#8243; uncode_shortcode_id=&#8221;186641&#8243;][\/vc_column][vc_column column_width_percent=&#8221;100&#8243; position_horizontal=&#8221;left&#8221; position_vertical=&#8221;middle&#8221; gutter_size=&#8221;3&#8243; overlay_alpha=&#8221;50&#8243; shift_x=&#8221;0&#8243; shift_y=&#8221;0&#8243; shift_y_down=&#8221;0&#8243; z_index=&#8221;0&#8243; medium_width=&#8221;4&#8243; mobile_width=&#8221;0&#8243; width=&#8221;6\/12&#8243; uncode_shortcode_id=&#8221;157888&#8243;][vc_custom_heading text_size=&#8221;h1&#8243; sub_lead=&#8221;yes&#8221; uncode_shortcode_id=&#8221;422618&#8243;]How do I book?<\/p>\n<p>&nbsp;[\/vc_custom_heading][vc_column_text text_lead=&#8221;yes&#8221; uncode_shortcode_id=&#8221;207225&#8243;]Booking a campsite in Oxel\u00f6sund is easy and done directly online.<\/p>\n<p><strong>Step by step<\/strong><\/p>\n<ol>\n<li><strong>Click on &#8220;Book<\/strong>&#8220;<br \/>Click on the Book button at the top of the page to open the booking system.<\/li>\n<li><strong>Select dates<\/strong><br \/>Enter the arrival and departure dates of your stay.<\/li>\n<li><strong>Select accommodation type<\/strong><br \/>Choose whether you are traveling by motorhome, caravan or tent.<\/li>\n<li><strong>Click on &#8220;Search<\/strong>&#8220;<br \/>The system will display available options for your selected dates.<\/li>\n<li><strong>Choose whether to add cancellation protection<\/strong><br \/>You can choose to add cancellation protection for extra peace of mind.<\/li>\n<li><strong>Click on &#8220;Book&#8221; on the accommodation you want<\/strong><br \/>Choose the option that suits you best.<\/li>\n<li><strong>Select a site via the campsite map<\/strong><br \/>Click directly on the map to select the specific site you want (subject to availability).<\/li>\n<li><strong>Make your options<\/strong><br \/>Add for example electricity, extra vehicles or other options.<\/li>\n<li><strong>Pay and receive confirmation<\/strong><br \/>Complete the payment. You will receive a booking confirmation by email immediately after completing your booking. <\/li>\n<\/ol>\n<p>[\/vc_column_text][vc_empty_space empty_h=&#8221;0&#8243;][vc_button button_color=&#8221;color-210407&#8243; size=&#8221;btn-lg&#8221; text_skin=&#8221;yes&#8221; border_width=&#8221;0&#8243; display=&#8221;inline&#8221; inline_mobile=&#8221;yes&#8221; link=&#8221;url:https%3A%2F%2Fbokning4.paxess.se%2Fjogerso2|target:_blank|&#8221; uncode_shortcode_id=&#8221;173825&#8243; button_color_type=&#8221;uncode-palette&#8221;]Reserve[\/vc_button][\/vc_column][\/vc_row][vc_row row_height_percent=&#8221;0&#8243; override_padding=&#8221;yes&#8221; h_padding=&#8221;2&#8243; top_padding=&#8221;5&#8243; bottom_padding=&#8221;5&#8243; overlay_alpha=&#8221;50&#8243; equal_height=&#8221;yes&#8221; gutter_size=&#8221;4&#8243; column_width_percent=&#8221;100&#8243; shift_y=&#8221;0&#8243; z_index=&#8221;0&#8243; inverted_device_order=&#8221;yes&#8221; uncode_shortcode_id=&#8221;117591&#8243;][vc_column column_width_percent=&#8221;100&#8243; position_horizontal=&#8221;left&#8221; position_vertical=&#8221;middle&#8221; gutter_size=&#8221;3&#8243; overlay_alpha=&#8221;50&#8243; shift_x=&#8221;0&#8243; shift_y=&#8221;0&#8243; shift_y_down=&#8221;0&#8243; z_index=&#8221;0&#8243; medium_width=&#8221;4&#8243; mobile_width=&#8221;0&#8243; width=&#8221;6\/12&#8243; uncode_shortcode_id=&#8221;157888&#8243;][vc_custom_heading auto_text=&#8221;yes&#8221; heading_semantic=&#8221;h1&#8243; text_size=&#8221;h1&#8243; sub_lead=&#8221;yes&#8221; uncode_shortcode_id=&#8221;129861&#8243;][\/vc_custom_heading][vc_column_text text_lead=&#8221;yes&#8221; uncode_shortcode_id=&#8221;737595&#8243;]Lorem ipsum dolor sit amet, consectetur adipisicing elit, sed do eiusmod tempor incididunt ut labore et dolore magna aliqua. Ut enim ad minim veniam, quis nostrud exercitation ullamco laboris nisi ut aliquip ex ea commodo consequat. Duis aute irure dolor in reprehenderit in voluptate velit esse cillum dolore eu fugiat nulla pariatur. Excepteur sint occaecat cupidatat non proident, sunt in culpa qui officia deserunt mollit anim id est laborum.[\/vc_column_text][vc_button button_color=&#8221;color-210407&#8243; size=&#8221;btn-lg&#8221; text_skin=&#8221;yes&#8221; border_width=&#8221;0&#8243; display=&#8221;inline&#8221; inline_mobile=&#8221;yes&#8221; link=&#8221;url:https%3A%2F%2Fbokning4.paxess.se%2Fjogerso2|target:_blank|&#8221; uncode_shortcode_id=&#8221;173825&#8243; button_color_type=&#8221;uncode-palette&#8221;]Reserve[\/vc_button][\/vc_column][vc_column column_width_percent=&#8221;100&#8243; gutter_size=&#8221;3&#8243; overlay_alpha=&#8221;50&#8243; shift_x=&#8221;0&#8243; shift_y=&#8221;0&#8243; shift_y_down=&#8221;0&#8243; z_index=&#8221;0&#8243; medium_width=&#8221;4&#8243; mobile_width=&#8221;0&#8243; width=&#8221;6\/12&#8243; uncode_shortcode_id=&#8221;710163&#8243;][vc_single_image media=&#8221;118680&#8243; media_width_percent=&#8221;100&#8243; media_ratio=&#8221;one-one&#8221; alignment=&#8221;right&#8221; shape=&#8221;img-round&#8221; radius=&#8221;lg&#8221; uncode_shortcode_id=&#8221;197916&#8243;][\/vc_column][\/vc_row]<\/p>\n<\/div>","protected":false},"excerpt":{"rendered":"<p>[vc_row row_height_percent=&#8221;0&#8243; override_padding=&#8221;yes&#8221; h_padding=&#8221;2&#8243; top_padding=&#8221;5&#8243; bottom_padding=&#8221;5&#8243; overlay_alpha=&#8221;50&#8243; equal_height=&#8221;yes&#8221; gutter_size=&#8221;4&#8243; column_width_percent=&#8221;100&#8243; shift_y=&#8221;0&#8243; z_index=&#8221;0&#8243; inverted_device_order=&#8221;yes&#8221; uncode_shortcode_id=&#8221;117591&#8243;][vc_column column_width_percent=&#8221;100&#8243; position_horizontal=&#8221;left&#8221; position_vertical=&#8221;middle&#8221; gutter_size=&#8221;3&#8243; overlay_alpha=&#8221;50&#8243; shift_x=&#8221;0&#8243; [&hellip;]<\/p>\n","protected":false},"author":9,"featured_media":0,"parent":0,"menu_order":0,"comment_status":"closed","ping_status":"closed","template":"","meta":{"footnotes":""},"class_list":["post-121547","page","type-page","status-publish","hentry"],"yoast_head":"<!-- This site is optimized with the Yoast SEO plugin v26.0 - https:\/\/yoast.com\/wordpress\/plugins\/seo\/ -->\n<title>Before your visit - Booking &amp; rules | Jogers\u00f6 Eco Camp Oxel\u00f6sund<\/title>\n<meta name=\"description\" content=\"Information about booking, camping map, rules, extras, late arrival and cancellation at Jogers\u00f6 Eco Camp in Oxel\u00f6sund.\" \/>\n<meta name=\"robots\" content=\"index, follow, max-snippet:-1, max-image-preview:large, max-video-preview:-1\" \/>\n<link rel=\"canonical\" href=\"https:\/\/jogerso.se\/en\/infor-ditt-besok\/\" \/>\n<meta property=\"og:locale\" content=\"en_US\" \/>\n<meta property=\"og:type\" content=\"article\" \/>\n<meta property=\"og:title\" content=\"Before your visit - Booking &amp; rules | Jogers\u00f6 Eco Camp Oxel\u00f6sund\" \/>\n<meta property=\"og:description\" content=\"Information about booking, camping map, rules, extras, late arrival and cancellation at Jogers\u00f6 Eco Camp in Oxel\u00f6sund.\" \/>\n<meta property=\"og:url\" content=\"https:\/\/jogerso.se\/en\/infor-ditt-besok\/\" \/>\n<meta property=\"og:site_name\" content=\"Jogers\u00f6\" \/>\n<meta property=\"article:modified_time\" content=\"2026-02-17T12:33:25+00:00\" \/>\n<meta property=\"og:image\" content=\"https:\/\/jogerso.se\/wp-content\/uploads\/2026\/03\/jogerso-eco-camp-featured.webp\" \/>\n\t<meta property=\"og:image:width\" content=\"1200\" \/>\n\t<meta property=\"og:image:height\" content=\"675\" \/>\n\t<meta property=\"og:image:type\" content=\"image\/webp\" \/>\n<meta name=\"twitter:card\" content=\"summary_large_image\" \/>\n<script type=\"application\/ld+json\" class=\"yoast-schema-graph\">{\"@context\":\"https:\/\/schema.org\",\"@graph\":[{\"@type\":\"WebPage\",\"@id\":\"https:\/\/jogerso.se\/en\/infor-ditt-besok\/\",\"url\":\"https:\/\/jogerso.se\/en\/infor-ditt-besok\/\",\"name\":\"Before your visit - Booking & rules | Jogers\u00f6 Eco Camp Oxel\u00f6sund\",\"isPartOf\":{\"@id\":\"https:\/\/jogerso.se\/en\/#website\"},\"datePublished\":\"2026-02-17T10:45:43+00:00\",\"dateModified\":\"2026-02-17T12:33:25+00:00\",\"description\":\"Information about booking, camping map, rules, extras, late arrival and cancellation at Jogers\u00f6 Eco Camp in Oxel\u00f6sund.\",\"breadcrumb\":{\"@id\":\"https:\/\/jogerso.se\/en\/infor-ditt-besok\/#breadcrumb\"},\"inLanguage\":\"en-US\",\"potentialAction\":[{\"@type\":\"ReadAction\",\"target\":[\"https:\/\/jogerso.se\/en\/infor-ditt-besok\/\"]}]},{\"@type\":\"BreadcrumbList\",\"@id\":\"https:\/\/jogerso.se\/en\/infor-ditt-besok\/#breadcrumb\",\"itemListElement\":[{\"@type\":\"ListItem\",\"position\":1,\"name\":\"Home\",\"item\":\"https:\/\/jogerso.se\/en\/\"},{\"@type\":\"ListItem\",\"position\":2,\"name\":\"Before your visit\"}]},{\"@type\":\"WebSite\",\"@id\":\"https:\/\/jogerso.se\/en\/#website\",\"url\":\"https:\/\/jogerso.se\/en\/\",\"name\":\"Jogers\u00f6\",\"description\":\"Eco Camp\",\"potentialAction\":[{\"@type\":\"SearchAction\",\"target\":{\"@type\":\"EntryPoint\",\"urlTemplate\":\"https:\/\/jogerso.se\/en\/?s={search_term_string}\"},\"query-input\":{\"@type\":\"PropertyValueSpecification\",\"valueRequired\":true,\"valueName\":\"search_term_string\"}}],\"inLanguage\":\"en-US\"}]}<\/script>\n<!-- \/ Yoast SEO plugin. -->","yoast_head_json":{"title":"Before your visit - Booking & rules | Jogers\u00f6 Eco Camp Oxel\u00f6sund","description":"Information about booking, camping map, rules, extras, late arrival and cancellation at Jogers\u00f6 Eco Camp in Oxel\u00f6sund.","robots":{"index":"index","follow":"follow","max-snippet":"max-snippet:-1","max-image-preview":"max-image-preview:large","max-video-preview":"max-video-preview:-1"},"canonical":"https:\/\/jogerso.se\/en\/infor-ditt-besok\/","og_locale":"en_US","og_type":"article","og_title":"Before your visit - Booking & rules | Jogers\u00f6 Eco Camp Oxel\u00f6sund","og_description":"Information about booking, camping map, rules, extras, late arrival and cancellation at Jogers\u00f6 Eco Camp in Oxel\u00f6sund.","og_url":"https:\/\/jogerso.se\/en\/infor-ditt-besok\/","og_site_name":"Jogers\u00f6","article_modified_time":"2026-02-17T12:33:25+00:00","og_image":[{"width":1200,"height":675,"url":"https:\/\/jogerso.se\/wp-content\/uploads\/2026\/03\/jogerso-eco-camp-featured.webp","type":"image\/webp"}],"twitter_card":"summary_large_image","schema":{"@context":"https:\/\/schema.org","@graph":[{"@type":"WebPage","@id":"https:\/\/jogerso.se\/en\/infor-ditt-besok\/","url":"https:\/\/jogerso.se\/en\/infor-ditt-besok\/","name":"Before your visit - Booking & rules | Jogers\u00f6 Eco Camp Oxel\u00f6sund","isPartOf":{"@id":"https:\/\/jogerso.se\/en\/#website"},"datePublished":"2026-02-17T10:45:43+00:00","dateModified":"2026-02-17T12:33:25+00:00","description":"Information about booking, camping map, rules, extras, late arrival and cancellation at Jogers\u00f6 Eco Camp in Oxel\u00f6sund.","breadcrumb":{"@id":"https:\/\/jogerso.se\/en\/infor-ditt-besok\/#breadcrumb"},"inLanguage":"en-US","potentialAction":[{"@type":"ReadAction","target":["https:\/\/jogerso.se\/en\/infor-ditt-besok\/"]}]},{"@type":"BreadcrumbList","@id":"https:\/\/jogerso.se\/en\/infor-ditt-besok\/#breadcrumb","itemListElement":[{"@type":"ListItem","position":1,"name":"Home","item":"https:\/\/jogerso.se\/en\/"},{"@type":"ListItem","position":2,"name":"Before your visit"}]},{"@type":"WebSite","@id":"https:\/\/jogerso.se\/en\/#website","url":"https:\/\/jogerso.se\/en\/","name":"Jogers\u00f6","description":"Eco Camp","potentialAction":[{"@type":"SearchAction","target":{"@type":"EntryPoint","urlTemplate":"https:\/\/jogerso.se\/en\/?s={search_term_string}"},"query-input":{"@type":"PropertyValueSpecification","valueRequired":true,"valueName":"search_term_string"}}],"inLanguage":"en-US"}]}},"_links":{"self":[{"href":"https:\/\/jogerso.se\/en\/wp-json\/wp\/v2\/pages\/121547","targetHints":{"allow":["GET"]}}],"collection":[{"href":"https:\/\/jogerso.se\/en\/wp-json\/wp\/v2\/pages"}],"about":[{"href":"https:\/\/jogerso.se\/en\/wp-json\/wp\/v2\/types\/page"}],"author":[{"embeddable":true,"href":"https:\/\/jogerso.se\/en\/wp-json\/wp\/v2\/users\/9"}],"replies":[{"embeddable":true,"href":"https:\/\/jogerso.se\/en\/wp-json\/wp\/v2\/comments?post=121547"}],"version-history":[{"count":5,"href":"https:\/\/jogerso.se\/en\/wp-json\/wp\/v2\/pages\/121547\/revisions"}],"predecessor-version":[{"id":121556,"href":"https:\/\/jogerso.se\/en\/wp-json\/wp\/v2\/pages\/121547\/revisions\/121556"}],"wp:attachment":[{"href":"https:\/\/jogerso.se\/en\/wp-json\/wp\/v2\/media?parent=121547"}],"curies":[{"name":"wp","href":"https:\/\/api.w.org\/{rel}","templated":true}]}}