{"id":119969,"date":"2022-12-14T14:06:14","date_gmt":"2022-12-14T13:06:14","guid":{"rendered":"http:\/\/eco.jogerso.se.loopiadns.com\/?page_id=119969"},"modified":"2022-12-16T16:33:00","modified_gmt":"2022-12-16T15:33:00","slug":"contact","status":"publish","type":"page","link":"https:\/\/jogerso.se\/en\/contact\/","title":{"rendered":"Contact"},"content":{"rendered":"<div class=\"wpb-content-wrapper\"><p>[vc_row row_height_percent=&#8221;0&#8243; override_padding=&#8221;yes&#8221; h_padding=&#8221;2&#8243; top_padding=&#8221;5&#8243; bottom_padding=&#8221;5&#8243; overlay_alpha=&#8221;50&#8243; equal_height=&#8221;yes&#8221; gutter_size=&#8221;4&#8243; column_width_percent=&#8221;100&#8243; shift_y=&#8221;0&#8243; z_index=&#8221;0&#8243; inverted_device_order=&#8221;yes&#8221; uncode_shortcode_id=&#8221;117591&#8243;][vc_column column_width_percent=&#8221;100&#8243; position_horizontal=&#8221;left&#8221; position_vertical=&#8221;middle&#8221; gutter_size=&#8221;3&#8243; overlay_alpha=&#8221;50&#8243; shift_x=&#8221;0&#8243; shift_y=&#8221;0&#8243; shift_y_down=&#8221;0&#8243; z_index=&#8221;0&#8243; medium_width=&#8221;4&#8243; mobile_width=&#8221;0&#8243; width=&#8221;6\/12&#8243; uncode_shortcode_id=&#8221;157888&#8243;][vc_custom_heading heading_semantic=&#8221;h1&#8243; text_size=&#8221;h1&#8243; sub_lead=&#8221;yes&#8221; uncode_shortcode_id=&#8221;197480&#8243;]Contact us[\/vc_custom_heading][vc_column_text text_lead=&#8221;yes&#8221; uncode_shortcode_id=&#8221;199300&#8243;]You are welcome to contact us![\/vc_column_text][vc_separator sep_color=&#8221;color-gyho&#8221; uncode_shortcode_id=&#8221;937495&#8243; sep_color_type=&#8221;uncode-palette&#8221; el_height=&#8221;2px&#8221;][vc_row_inner limit_content=&#8221;&#8221;][vc_column_inner width=&#8221;1\/2&#8243;][uncode_list larger=&#8221;yes&#8221; icon=&#8221;fa fa-phone-handset&#8221; icon_color=&#8221;color-482803&#8243; uncode_shortcode_id=&#8221;670568&#8243; icon_color_type=&#8221;uncode-palette&#8221;]<\/p>\n<ul>\n<li><a href=\"tel:0046155-30466\">0155-304 66<\/a><\/li>\n<\/ul>\n<p>[\/uncode_list][\/vc_column_inner][vc_column_inner width=&#8221;1\/2&#8243;][uncode_list larger=&#8221;yes&#8221; icon=&#8221;fa fa-envelope3&#8243; icon_color=&#8221;color-482803&#8243; uncode_shortcode_id=&#8221;193785&#8243; icon_color_type=&#8221;uncode-palette&#8221;]<\/p>\n<ul>\n<li><a href=\"mailto:info@jogerso.se\">info@jogerso.se<\/a><\/li>\n<\/ul>\n<p>[\/uncode_list][\/vc_column_inner][\/vc_row_inner][vc_separator sep_color=&#8221;color-gyho&#8221; uncode_shortcode_id=&#8221;937495&#8243; sep_color_type=&#8221;uncode-palette&#8221; el_height=&#8221;2px&#8221;][vc_row_inner limit_content=&#8221;&#8221;][vc_column_inner width=&#8221;1\/2&#8243;][uncode_list larger=&#8221;yes&#8221; icon=&#8221;fa fa-compass2&#8243; icon_color=&#8221;color-482803&#8243; uncode_shortcode_id=&#8221;706748&#8243; icon_color_type=&#8221;uncode-palette&#8221;]<\/p>\n<ul>\n<li><a href=\"https:\/\/goo.gl\/maps\/jwmUBo5T1KyYf3ia9\" target=\"_blank\" rel=\"noopener\">Jogers\u00f6v\u00e4gen 15<br \/><span style=\"padding-left: 30px;\">613 51 Oxel\u00f6sund<\/span><br \/><span style=\"padding-left: 30px;\">Sweden<\/span><\/a><\/li>\n<\/ul>\n<p>[\/uncode_list][\/vc_column_inner][vc_column_inner column_width_percent=&#8221;100&#8243; gutter_size=&#8221;3&#8243; overlay_alpha=&#8221;50&#8243; shift_x=&#8221;0&#8243; shift_y=&#8221;0&#8243; shift_y_down=&#8221;0&#8243; z_index=&#8221;0&#8243; align_medium=&#8221;align_left_tablet&#8221; medium_width=&#8221;0&#8243; align_mobile=&#8221;align_left_mobile&#8221; mobile_width=&#8221;0&#8243; width=&#8221;1\/2&#8243; uncode_shortcode_id=&#8221;170386&#8243;][vc_button button_color=&#8221;color-482803&#8243; size=&#8221;btn-lg&#8221; text_skin=&#8221;yes&#8221; border_width=&#8221;0&#8243; display=&#8221;inline&#8221; inline_mobile=&#8221;yes&#8221; link=&#8221;url:https%3A%2F%2Fgoo.gl%2Fmaps%2FjwmUBo5T1KyYf3ia9|target:_blank&#8221; uncode_shortcode_id=&#8221;189294&#8243; button_color_type=&#8221;uncode-palette&#8221;]Directions[\/vc_button][\/vc_column_inner][\/vc_row_inner][vc_separator sep_color=&#8221;color-gyho&#8221; uncode_shortcode_id=&#8221;937495&#8243; sep_color_type=&#8221;uncode-palette&#8221; el_height=&#8221;2px&#8221;][vc_empty_space empty_h=&#8221;0&#8243;][vc_column_text text_lead=&#8221;yes&#8221; uncode_shortcode_id=&#8221;845933&#8243;]During the autumn and winter, the telephone is mainly staffed monday &#8211; friday 9-14.<\/p>\n<h4><strong>On arrival<\/strong><\/h4>\n<p>If you arrive at a time when we have no stuff in the reception.<\/p>\n<p>1. We always want you to book a place before you arrive\u00a0<a href=\"https:\/\/www.jogerso.se\/sv-SE\/boka-44461823\" target=\"_blank\" rel=\"noopener\">&gt;&gt;<\/a><\/p>\n<p>2. Send a text with your name and number of place, to +46703654002<br \/>\nThen you will get back the code to the toilet building.<\/p>\n<p>3. Pay in the reception the day after.<\/p>\n<h4><strong>Find us<\/strong><\/h4>\n<p>It\u2019s easy to find our beautiful island. From the E4 in Nyk\u00f6ping take the exit Nyk\u00f6ping V and follow the directions to Oxel\u00f6sund. Then follow the signs to Jogers\u00f6.<\/p>\n<p>GPS<br \/>\nWGS84: N 58\u00b0 39.9999\u2019, E 17\u00b0 3.3282\u2019<br \/>\nDecimal: 58.6667, 17.0555[\/vc_column_text][\/vc_column][vc_column column_width_percent=&#8221;100&#8243; gutter_size=&#8221;3&#8243; overlay_alpha=&#8221;50&#8243; shift_x=&#8221;0&#8243; shift_y=&#8221;0&#8243; shift_y_down=&#8221;0&#8243; z_index=&#8221;0&#8243; medium_width=&#8221;4&#8243; mobile_width=&#8221;0&#8243; width=&#8221;6\/12&#8243; uncode_shortcode_id=&#8221;710163&#8243;][vc_single_image media=&#8221;118132&#8243; media_width_percent=&#8221;100&#8243; media_ratio=&#8221;one-one&#8221; alignment=&#8221;right&#8221; shape=&#8221;img-round&#8221; radius=&#8221;lg&#8221; uncode_shortcode_id=&#8221;210160&#8243;][\/vc_column][\/vc_row]<\/p>\n<\/div>","protected":false},"excerpt":{"rendered":"<p>[vc_row row_height_percent=&#8221;0&#8243; override_padding=&#8221;yes&#8221; h_padding=&#8221;2&#8243; top_padding=&#8221;5&#8243; bottom_padding=&#8221;5&#8243; overlay_alpha=&#8221;50&#8243; equal_height=&#8221;yes&#8221; gutter_size=&#8221;4&#8243; column_width_percent=&#8221;100&#8243; shift_y=&#8221;0&#8243; z_index=&#8221;0&#8243; inverted_device_order=&#8221;yes&#8221; uncode_shortcode_id=&#8221;117591&#8243;][vc_column column_width_percent=&#8221;100&#8243; position_horizontal=&#8221;left&#8221; position_vertical=&#8221;middle&#8221; gutter_size=&#8221;3&#8243; overlay_alpha=&#8221;50&#8243; shift_x=&#8221;0&#8243; [&hellip;]<\/p>\n","protected":false},"author":1,"featured_media":118976,"parent":0,"menu_order":0,"comment_status":"closed","ping_status":"closed","template":"","meta":{"footnotes":""},"class_list":["post-119969","page","type-page","status-publish","has-post-thumbnail","hentry"],"yoast_head":"<!-- This site is optimized with the Yoast SEO plugin v26.0 - https:\/\/yoast.com\/wordpress\/plugins\/seo\/ -->\n<title>Contact - Jogers\u00f6<\/title>\n<meta name=\"robots\" content=\"index, follow, max-snippet:-1, max-image-preview:large, max-video-preview:-1\" \/>\n<link rel=\"canonical\" href=\"https:\/\/jogerso.se\/en\/contact\/\" \/>\n<meta property=\"og:locale\" content=\"en_US\" \/>\n<meta property=\"og:type\" content=\"article\" \/>\n<meta property=\"og:title\" content=\"Contact - Jogers\u00f6\" \/>\n<meta property=\"og:description\" content=\"[vc_row row_height_percent=&#8221;0&#8243; override_padding=&#8221;yes&#8221; h_padding=&#8221;2&#8243; top_padding=&#8221;5&#8243; bottom_padding=&#8221;5&#8243; overlay_alpha=&#8221;50&#8243; equal_height=&#8221;yes&#8221; gutter_size=&#8221;4&#8243; column_width_percent=&#8221;100&#8243; shift_y=&#8221;0&#8243; z_index=&#8221;0&#8243; inverted_device_order=&#8221;yes&#8221; uncode_shortcode_id=&#8221;117591&#8243;][vc_column column_width_percent=&#8221;100&#8243; position_horizontal=&#8221;left&#8221; position_vertical=&#8221;middle&#8221; gutter_size=&#8221;3&#8243; overlay_alpha=&#8221;50&#8243; shift_x=&#8221;0&#8243; [&hellip;]\" \/>\n<meta property=\"og:url\" content=\"https:\/\/jogerso.se\/en\/contact\/\" \/>\n<meta property=\"og:site_name\" content=\"Jogers\u00f6\" \/>\n<meta property=\"article:modified_time\" content=\"2022-12-16T15:33:00+00:00\" \/>\n<meta property=\"og:image\" content=\"https:\/\/jogerso.se\/wp-content\/uploads\/2022\/11\/Jogerso_kontakt-scaled.jpg\" \/>\n\t<meta property=\"og:image:width\" content=\"1707\" \/>\n\t<meta property=\"og:image:height\" content=\"2560\" \/>\n\t<meta property=\"og:image:type\" content=\"image\/jpeg\" \/>\n<meta name=\"twitter:card\" content=\"summary_large_image\" \/>\n<meta name=\"twitter:label1\" content=\"Est. reading time\" \/>\n\t<meta name=\"twitter:data1\" content=\"2 minutes\" \/>\n<script type=\"application\/ld+json\" class=\"yoast-schema-graph\">{\"@context\":\"https:\/\/schema.org\",\"@graph\":[{\"@type\":\"WebPage\",\"@id\":\"https:\/\/jogerso.se\/en\/contact\/\",\"url\":\"https:\/\/jogerso.se\/en\/contact\/\",\"name\":\"Contact - Jogers\u00f6\",\"isPartOf\":{\"@id\":\"https:\/\/jogerso.se\/en\/#website\"},\"primaryImageOfPage\":{\"@id\":\"https:\/\/jogerso.se\/en\/contact\/#primaryimage\"},\"image\":{\"@id\":\"https:\/\/jogerso.se\/en\/contact\/#primaryimage\"},\"thumbnailUrl\":\"https:\/\/jogerso.se\/wp-content\/uploads\/2022\/11\/Jogerso_kontakt-scaled.jpg\",\"datePublished\":\"2022-12-14T13:06:14+00:00\",\"dateModified\":\"2022-12-16T15:33:00+00:00\",\"breadcrumb\":{\"@id\":\"https:\/\/jogerso.se\/en\/contact\/#breadcrumb\"},\"inLanguage\":\"en-US\",\"potentialAction\":[{\"@type\":\"ReadAction\",\"target\":[\"https:\/\/jogerso.se\/en\/contact\/\"]}]},{\"@type\":\"ImageObject\",\"inLanguage\":\"en-US\",\"@id\":\"https:\/\/jogerso.se\/en\/contact\/#primaryimage\",\"url\":\"https:\/\/jogerso.se\/wp-content\/uploads\/2022\/11\/Jogerso_kontakt-scaled.jpg\",\"contentUrl\":\"https:\/\/jogerso.se\/wp-content\/uploads\/2022\/11\/Jogerso_kontakt-scaled.jpg\",\"width\":1707,\"height\":2560},{\"@type\":\"BreadcrumbList\",\"@id\":\"https:\/\/jogerso.se\/en\/contact\/#breadcrumb\",\"itemListElement\":[{\"@type\":\"ListItem\",\"position\":1,\"name\":\"Home\",\"item\":\"https:\/\/jogerso.se\/en\/\"},{\"@type\":\"ListItem\",\"position\":2,\"name\":\"Contact\"}]},{\"@type\":\"WebSite\",\"@id\":\"https:\/\/jogerso.se\/en\/#website\",\"url\":\"https:\/\/jogerso.se\/en\/\",\"name\":\"Jogers\u00f6\",\"description\":\"Eco Camp\",\"potentialAction\":[{\"@type\":\"SearchAction\",\"target\":{\"@type\":\"EntryPoint\",\"urlTemplate\":\"https:\/\/jogerso.se\/en\/?s={search_term_string}\"},\"query-input\":{\"@type\":\"PropertyValueSpecification\",\"valueRequired\":true,\"valueName\":\"search_term_string\"}}],\"inLanguage\":\"en-US\"}]}<\/script>\n<!-- \/ Yoast SEO plugin. -->","yoast_head_json":{"title":"Contact - Jogers\u00f6","robots":{"index":"index","follow":"follow","max-snippet":"max-snippet:-1","max-image-preview":"max-image-preview:large","max-video-preview":"max-video-preview:-1"},"canonical":"https:\/\/jogerso.se\/en\/contact\/","og_locale":"en_US","og_type":"article","og_title":"Contact - Jogers\u00f6","og_description":"[vc_row row_height_percent=&#8221;0&#8243; override_padding=&#8221;yes&#8221; h_padding=&#8221;2&#8243; top_padding=&#8221;5&#8243; bottom_padding=&#8221;5&#8243; overlay_alpha=&#8221;50&#8243; equal_height=&#8221;yes&#8221; gutter_size=&#8221;4&#8243; column_width_percent=&#8221;100&#8243; shift_y=&#8221;0&#8243; z_index=&#8221;0&#8243; inverted_device_order=&#8221;yes&#8221; uncode_shortcode_id=&#8221;117591&#8243;][vc_column column_width_percent=&#8221;100&#8243; position_horizontal=&#8221;left&#8221; position_vertical=&#8221;middle&#8221; gutter_size=&#8221;3&#8243; overlay_alpha=&#8221;50&#8243; shift_x=&#8221;0&#8243; [&hellip;]","og_url":"https:\/\/jogerso.se\/en\/contact\/","og_site_name":"Jogers\u00f6","article_modified_time":"2022-12-16T15:33:00+00:00","og_image":[{"width":1707,"height":2560,"url":"https:\/\/jogerso.se\/wp-content\/uploads\/2022\/11\/Jogerso_kontakt-scaled.jpg","type":"image\/jpeg"}],"twitter_card":"summary_large_image","twitter_misc":{"Est. reading time":"2 minutes"},"schema":{"@context":"https:\/\/schema.org","@graph":[{"@type":"WebPage","@id":"https:\/\/jogerso.se\/en\/contact\/","url":"https:\/\/jogerso.se\/en\/contact\/","name":"Contact - Jogers\u00f6","isPartOf":{"@id":"https:\/\/jogerso.se\/en\/#website"},"primaryImageOfPage":{"@id":"https:\/\/jogerso.se\/en\/contact\/#primaryimage"},"image":{"@id":"https:\/\/jogerso.se\/en\/contact\/#primaryimage"},"thumbnailUrl":"https:\/\/jogerso.se\/wp-content\/uploads\/2022\/11\/Jogerso_kontakt-scaled.jpg","datePublished":"2022-12-14T13:06:14+00:00","dateModified":"2022-12-16T15:33:00+00:00","breadcrumb":{"@id":"https:\/\/jogerso.se\/en\/contact\/#breadcrumb"},"inLanguage":"en-US","potentialAction":[{"@type":"ReadAction","target":["https:\/\/jogerso.se\/en\/contact\/"]}]},{"@type":"ImageObject","inLanguage":"en-US","@id":"https:\/\/jogerso.se\/en\/contact\/#primaryimage","url":"https:\/\/jogerso.se\/wp-content\/uploads\/2022\/11\/Jogerso_kontakt-scaled.jpg","contentUrl":"https:\/\/jogerso.se\/wp-content\/uploads\/2022\/11\/Jogerso_kontakt-scaled.jpg","width":1707,"height":2560},{"@type":"BreadcrumbList","@id":"https:\/\/jogerso.se\/en\/contact\/#breadcrumb","itemListElement":[{"@type":"ListItem","position":1,"name":"Home","item":"https:\/\/jogerso.se\/en\/"},{"@type":"ListItem","position":2,"name":"Contact"}]},{"@type":"WebSite","@id":"https:\/\/jogerso.se\/en\/#website","url":"https:\/\/jogerso.se\/en\/","name":"Jogers\u00f6","description":"Eco Camp","potentialAction":[{"@type":"SearchAction","target":{"@type":"EntryPoint","urlTemplate":"https:\/\/jogerso.se\/en\/?s={search_term_string}"},"query-input":{"@type":"PropertyValueSpecification","valueRequired":true,"valueName":"search_term_string"}}],"inLanguage":"en-US"}]}},"_links":{"self":[{"href":"https:\/\/jogerso.se\/en\/wp-json\/wp\/v2\/pages\/119969","targetHints":{"allow":["GET"]}}],"collection":[{"href":"https:\/\/jogerso.se\/en\/wp-json\/wp\/v2\/pages"}],"about":[{"href":"https:\/\/jogerso.se\/en\/wp-json\/wp\/v2\/types\/page"}],"author":[{"embeddable":true,"href":"https:\/\/jogerso.se\/en\/wp-json\/wp\/v2\/users\/1"}],"replies":[{"embeddable":true,"href":"https:\/\/jogerso.se\/en\/wp-json\/wp\/v2\/comments?post=119969"}],"version-history":[{"count":3,"href":"https:\/\/jogerso.se\/en\/wp-json\/wp\/v2\/pages\/119969\/revisions"}],"predecessor-version":[{"id":119993,"href":"https:\/\/jogerso.se\/en\/wp-json\/wp\/v2\/pages\/119969\/revisions\/119993"}],"wp:featuredmedia":[{"embeddable":true,"href":"https:\/\/jogerso.se\/en\/wp-json\/wp\/v2\/media\/118976"}],"wp:attachment":[{"href":"https:\/\/jogerso.se\/en\/wp-json\/wp\/v2\/media?parent=119969"}],"curies":[{"name":"wp","href":"https:\/\/api.w.org\/{rel}","templated":true}]}}