{"id":121708,"date":"2023-07-06T11:12:17","date_gmt":"2023-07-06T10:12:17","guid":{"rendered":"https:\/\/jogerso.se\/vertragsregeln-fuer-saisonale-buchungen-2026\/"},"modified":"2026-02-22T17:36:20","modified_gmt":"2026-02-22T16:36:20","slug":"vertragsregeln-fuer-saisonale-buchungen-2026","status":"publish","type":"page","link":"https:\/\/jogerso.se\/de\/vertragsregeln-fuer-saisonale-buchungen-2026\/","title":{"rendered":"Vertragsregeln f\u00fcr saisonale Buchungen 2026"},"content":{"rendered":"<div class=\"wpb-content-wrapper\"><p>[vc_row][vc_column width=&#8220;1\/1&#8243;][vc_custom_heading uncode_shortcode_id=&#8220;388353&#8243;]<\/p>\n<h2><strong><span class=\"font-339240\">Vertragliche Regeln f\u00fcr saisonale V.I.P.-Buchungen<\/span><\/strong><\/h2>\n<p>[\/vc_custom_heading][vc_column_text uncode_shortcode_id=&#8220;369482&#8243;]<span class=\"font-339240\"><strong>Vertragliche Regelungen f\u00fcr Saisonbuchungen 2026, f\u00fcr den folgenden Gast und Campingplatzbetreiber:<\/strong><\/span><\/p>\n<ol>\n<li><span class=\"font-339240\">Der Gastgeber des Campingplatzes stellt einen Stellplatz mit Stromanschluss zur Verf\u00fcgung, siehe oben. Dusche inklusive. <\/span><\/li>\n<li><span class=\"font-339240\">Lizensiert f\u00fcr den Zeitraum: 2026-04-1 0- 2025-09-27. Wenn Fahrzeuge vor Ort geparkt werden m\u00fcssen, kann der Starttermin verschoben werden, wenn der Boden zu nass ist. Der Gastgeber des Campingplatzes entscheidet, ob der Boden befahrbar ist.  <\/span><\/li>\n<li><span class=\"font-339240\">Der Vertrag gilt f\u00fcr den oben genannten Gast. F\u00fcr andere G\u00e4ste, die nicht durch den Vertrag abgedeckt sind, kann der Gastgeber des Campingplatzes eine zus\u00e4tzliche Geb\u00fchr erheben. Besuche m\u00fcssen an der Rezeption angemeldet werden und kosten 50 SEK\/Person\/Nacht. Die Parzelle kann vom Gast nicht \u00fcbertragen oder vermietet werden. Bei vor\u00fcbergehenden Tagesbesuchen m\u00fcssen die Autos auf dem gro\u00dfen Parkplatz geparkt werden.    <\/span><\/li>\n<li><span class=\"font-339240\">W\u00e4hrend Ihres Aufenthalts auf dem Campingplatz gelten die gleichen Verhaltensregeln wie f\u00fcr andere Camper.<\/span><\/li>\n<li><span class=\"font-339240\">Die Buchung wird verbindlich, sobald Sie eine E-Mail-Best\u00e4tigung Ihrer Buchung erhalten haben.<\/span><\/li>\n<li><span class=\"font-339240\">Die Miete f\u00fcr das oben genannte Grundst\u00fcck betr\u00e4gt f\u00fcr den oben genannten Zeitraum 18.900 SEK. Die Geb\u00fchr wird in zwei Etappen in Rechnung gestellt. Teil 1 wird mit der letzten Zahlung am 29. Februar und der zweite Teil am 31. M\u00e4rz in Rechnung gestellt. Erfolgt die Zahlung nicht gem\u00e4\u00df den angegebenen Fristen und Betr\u00e4gen, ist der Vertrag f\u00e4llig und der Stellplatz wird einem anderen Gast angeboten. Eine Teilzahlung kann nach Vereinbarung erfolgen.   <\/span><\/li>\n<li><span class=\"font-339240\">Die Stromkosten werden mit 2,40 SEK\/kWh berechnet und k\u00f6nnen angepasst werden, wenn sich der Strompreis erheblich \u00e4ndert. Der Gastgeber des Campingplatzes wird Sie 30 Tage im Voraus \u00fcber eine Erh\u00f6hung informieren.   <\/span><\/li>\n<li><span class=\"font-339240\">F\u00fcr Stornierungen gelten die folgenden Standardbedingungen, um den Gastgeber des Campingplatzes f\u00fcr Einkommensverluste zu entsch\u00e4digen:<\/span><\/li>\n<\/ol>\n<p><span class=\"font-339240\">&#8211; Die Buchungsgeb\u00fchr in H\u00f6he von SEK 1500 ist mit der Zusendung dieser Buchungsbest\u00e4tigung verbindlich.<\/span><\/p>\n<p><span class=\"font-339240\">&#8211; Geht die Stornierung 30-90 Tage vor dem Belegungsdatum ein, zahlt der Gast 50% des vereinbarten Mietpreises.- Geht die Stornierung 8-29 Tage vor dem Belegungsdatum ein, zahlt der Gast 80% des vereinbarten Mietpreises.- Geht die Stornierung sp\u00e4ter als sieben Tage vor dem Belegungsdatum ein oder bricht der Gast den laufenden Aufenthalt ohne triftigen Grund ab, wird kein Geld zur\u00fcckerstattet und der Gastgeber ist berechtigt, die nicht gezahlte Miete in Rechnung zu stellen.<\/span><\/p>\n<ol start=\"9\">\n<li><span class=\"font-339240\">Die Vergr\u00f6\u00dferung der Terrasse und die Errichtung eines Windschutzes m\u00fcssen zwischen den Parteien vereinbart werden. Die Gr\u00f6\u00dfe der Terrasse und des Wohnwagens darf nicht gr\u00f6\u00dfer sein, als das eigene Fahrzeug des Gastes auf dem oben genannten Grundst\u00fcck untergebracht werden kann. Zwischen dem Wohnwagen (inkl. Zelt) und der Grundst\u00fccksgrenze muss ein Abstand von mindestens 2 Metern eingehalten werden. Der Wohnwagen darf nicht aufgebaut werden, ein Rad sollte ebenerdig sein. Wenn Sie sich daf\u00fcr entscheiden, Ihren Aufenthalt bei uns zu beenden, muss die gesamte gemietete Fl\u00e4che wiederhergestellt werden. Au\u00dferhalb Ihrer eigenen Grundst\u00fccksgrenze ist keine Bebauung erlaubt. Auch Anpflanzungen sind nur in K\u00fcbeln und innerhalb Ihrer eigenen Grundst\u00fccksgrenze erlaubt. Z\u00e4une bis zu einer H\u00f6he von 70 cm sind erlaubt. Dar\u00fcber hinausgehende feste Vorrichtungen sind nicht erlaubt. Vor\u00fcbergehende Windschutzvorrichtungen aus Stoff und \u00e4hnlichen Materialien, die h\u00f6her als 70 cm sind, sind erlaubt, sofern sie vor\u00fcbergehend direkt neben dem Wohnwagen errichtet werden.          <\/span><\/li>\n<li><span class=\"font-339240\">Ein Versto\u00df gegen die Regeln und Vorschriften des Campingplatzes oder ein allgemeiner Vertragsbruch kann zur sofortigen K\u00fcndigung des Vertrags f\u00fchren. Im Falle einer R\u00e4umung wird die f\u00e4llige Miete auf der Grundlage des regul\u00e4ren Tagestarifs berechnet, der f\u00fcr die Zeit gilt, in der der Gast Zugang zum Platz hatte, abz\u00fcglich der gesch\u00e4tzten Sch\u00e4den und Verwaltungsgeb\u00fchren. Im Falle eines Vertragsbruchs durch den Campingplatzbetreiber, bei schwerwiegenden St\u00f6rungen oder wenn die Leistung anderweitig von den Angaben des Campingplatzbetreibers oder dem, was der Gast vern\u00fcnftigerweise erwarten konnte, abweicht, hat der Gast das Recht, Nachbesserung, Preisminderung oder Stornierung zu verlangen. Ein Vertragsbruch oder eine andere Unzul\u00e4nglichkeit der Dienstleistung, die auf Ursachen zur\u00fcckzuf\u00fchren ist, die au\u00dferhalb des Einflussbereichs des Campinggastgebers liegen, berechtigt nicht zu einer Entsch\u00e4digung im Rahmen dieses Vertrags.   <\/span><\/li>\n<li><span class=\"font-339240\">Jeder, der Eigentum des Gastgebers oder anderer G\u00e4ste des Campingplatzes besch\u00e4digt, kann nach den geltenden Gesetzen schadenersatzpflichtig sein.<\/span><\/li>\n<li><span class=\"font-339240\">Der Gast verpflichtet sich, die Rasenfl\u00e4che seines Grundst\u00fccks sauber zu halten. Dazu geh\u00f6rt das M\u00e4hen und Trimmen der Parzelle. Die anderen Bereiche werden von den Mitarbeitern des Campingplatzes gepflegt.  <\/span><\/li>\n<li><span class=\"font-339240\">Stellen Sie sicher, dass der Wohnwagen feuerversichert ist, das Gassystem mindestens alle zwei Jahre auf Lecks \u00fcberpr\u00fcft wird und die elektrische Ausr\u00fcstung gem\u00e4\u00df den geltenden Vorschriften zugelassen ist.<\/span><\/li>\n<li><span class=\"font-339240\">Der Stromanschluss betr\u00e4gt 10 A. Alle Kabel m\u00fcssen von einem in der EU zugelassenen Typ sein. Das Kabel sollte nicht l\u00e4nger als n\u00f6tig sein, da es zu Spannungsabf\u00e4llen kommt. Es liegt in der Verantwortung des Campinggastes, daf\u00fcr zu sorgen, dass der Stromz\u00e4hler korrekt im Strommast installiert ist. Manipulationen am Stromz\u00e4hler f\u00fchren zur sofortigen Stornierung.  <\/span><\/li>\n<li><span class=\"font-339240\">Wenn Sie einen Saisonplatz bei uns mieten, haben Sie in der Regel Vorrang f\u00fcr denselben Campingplatz im folgenden Jahr. Wir behalten uns das Recht vor, \u00c4nderungen vorzunehmen, auf die wir keinen Einfluss haben und die diese Verfahren beeintr\u00e4chtigen k\u00f6nnen. <\/span><\/li>\n<li><span class=\"font-339240\">Wenn kein Wintercampingplatz gebucht ist, hat der Campingplatzbetreiber das Recht, den Platz an einen anderen Gast zu vermieten.<\/span><\/li>\n<\/ol>\n<p>[\/vc_column_text][\/vc_column][\/vc_row][vc_row][vc_column width=&#8220;1\/1&#8243;][\/vc_column][\/vc_row]<\/p>\n<\/div>","protected":false},"excerpt":{"rendered":"<p>[vc_row][vc_column width=&#8220;1\/1&#8243;][vc_custom_heading uncode_shortcode_id=&#8220;388353&#8243;] Vertragliche Regeln f\u00fcr saisonale V.I.P.-Buchungen [\/vc_custom_heading][vc_column_text uncode_shortcode_id=&#8220;369482&#8243;]Vertragliche Regelungen f\u00fcr Saisonbuchungen 2026, f\u00fcr den folgenden Gast und Campingplatzbetreiber: [&hellip;]<\/p>\n","protected":false},"author":8,"featured_media":0,"parent":0,"menu_order":0,"comment_status":"closed","ping_status":"closed","template":"","meta":{"footnotes":""},"class_list":["post-121708","page","type-page","status-publish","hentry"],"yoast_head":"<!-- This site is optimized with the Yoast SEO plugin v26.0 - https:\/\/yoast.com\/wordpress\/plugins\/seo\/ -->\n<title>Vertragsregeln f\u00fcr saisonale Buchungen 2026 - Jogers\u00f6<\/title>\n<meta name=\"description\" content=\"Vertragliche Regelungen f\u00fcr Saisonbuchungen im Jahr 2025, f\u00fcr den folgenden Gast und den Gastgeber des Campingplatzes.\" \/>\n<meta name=\"robots\" content=\"index, follow, max-snippet:-1, max-image-preview:large, max-video-preview:-1\" \/>\n<link rel=\"canonical\" href=\"https:\/\/jogerso.se\/de\/vertragsregeln-fuer-saisonale-buchungen-2026\/\" \/>\n<meta property=\"og:locale\" content=\"de_DE\" \/>\n<meta property=\"og:type\" content=\"article\" \/>\n<meta property=\"og:title\" content=\"Vertragsregeln f\u00fcr saisonale Buchungen 2026 - Jogers\u00f6\" \/>\n<meta property=\"og:description\" content=\"Vertragliche Regelungen f\u00fcr Saisonbuchungen im Jahr 2025, f\u00fcr den folgenden Gast und den Gastgeber des Campingplatzes.\" \/>\n<meta property=\"og:url\" content=\"https:\/\/jogerso.se\/de\/vertragsregeln-fuer-saisonale-buchungen-2026\/\" \/>\n<meta property=\"og:site_name\" content=\"Jogers\u00f6\" \/>\n<meta property=\"article:modified_time\" content=\"2026-02-22T16:36:20+00:00\" \/>\n<meta property=\"og:image\" content=\"https:\/\/jogerso.se\/wp-content\/uploads\/2026\/03\/jogerso-eco-camp-featured.webp\" \/>\n\t<meta property=\"og:image:width\" content=\"1200\" \/>\n\t<meta property=\"og:image:height\" content=\"675\" \/>\n\t<meta property=\"og:image:type\" content=\"image\/webp\" \/>\n<meta name=\"twitter:card\" content=\"summary_large_image\" \/>\n<meta name=\"twitter:label1\" content=\"Gesch\u00e4tzte Lesezeit\" \/>\n\t<meta name=\"twitter:data1\" content=\"5\u00a0Minuten\" \/>\n<script type=\"application\/ld+json\" class=\"yoast-schema-graph\">{\"@context\":\"https:\/\/schema.org\",\"@graph\":[{\"@type\":\"WebPage\",\"@id\":\"https:\/\/jogerso.se\/de\/vertragsregeln-fuer-saisonale-buchungen-2026\/\",\"url\":\"https:\/\/jogerso.se\/de\/vertragsregeln-fuer-saisonale-buchungen-2026\/\",\"name\":\"Vertragsregeln f\u00fcr saisonale Buchungen 2026 - Jogers\u00f6\",\"isPartOf\":{\"@id\":\"https:\/\/jogerso.se\/de\/#website\"},\"datePublished\":\"2023-07-06T10:12:17+00:00\",\"dateModified\":\"2026-02-22T16:36:20+00:00\",\"description\":\"Vertragliche Regelungen f\u00fcr Saisonbuchungen im Jahr 2025, f\u00fcr den folgenden Gast und den Gastgeber des Campingplatzes.\",\"breadcrumb\":{\"@id\":\"https:\/\/jogerso.se\/de\/vertragsregeln-fuer-saisonale-buchungen-2026\/#breadcrumb\"},\"inLanguage\":\"de\",\"potentialAction\":[{\"@type\":\"ReadAction\",\"target\":[\"https:\/\/jogerso.se\/de\/vertragsregeln-fuer-saisonale-buchungen-2026\/\"]}]},{\"@type\":\"BreadcrumbList\",\"@id\":\"https:\/\/jogerso.se\/de\/vertragsregeln-fuer-saisonale-buchungen-2026\/#breadcrumb\",\"itemListElement\":[{\"@type\":\"ListItem\",\"position\":1,\"name\":\"Home\",\"item\":\"https:\/\/jogerso.se\/de\/\"},{\"@type\":\"ListItem\",\"position\":2,\"name\":\"Vertragsregeln f\u00fcr saisonale Buchungen 2026\"}]},{\"@type\":\"WebSite\",\"@id\":\"https:\/\/jogerso.se\/de\/#website\",\"url\":\"https:\/\/jogerso.se\/de\/\",\"name\":\"Jogers\u00f6\",\"description\":\"Eco Camp\",\"potentialAction\":[{\"@type\":\"SearchAction\",\"target\":{\"@type\":\"EntryPoint\",\"urlTemplate\":\"https:\/\/jogerso.se\/de\/?s={search_term_string}\"},\"query-input\":{\"@type\":\"PropertyValueSpecification\",\"valueRequired\":true,\"valueName\":\"search_term_string\"}}],\"inLanguage\":\"de\"}]}<\/script>\n<!-- \/ Yoast SEO plugin. -->","yoast_head_json":{"title":"Vertragsregeln f\u00fcr saisonale Buchungen 2026 - Jogers\u00f6","description":"Vertragliche Regelungen f\u00fcr Saisonbuchungen im Jahr 2025, f\u00fcr den folgenden Gast und den Gastgeber des Campingplatzes.","robots":{"index":"index","follow":"follow","max-snippet":"max-snippet:-1","max-image-preview":"max-image-preview:large","max-video-preview":"max-video-preview:-1"},"canonical":"https:\/\/jogerso.se\/de\/vertragsregeln-fuer-saisonale-buchungen-2026\/","og_locale":"de_DE","og_type":"article","og_title":"Vertragsregeln f\u00fcr saisonale Buchungen 2026 - Jogers\u00f6","og_description":"Vertragliche Regelungen f\u00fcr Saisonbuchungen im Jahr 2025, f\u00fcr den folgenden Gast und den Gastgeber des Campingplatzes.","og_url":"https:\/\/jogerso.se\/de\/vertragsregeln-fuer-saisonale-buchungen-2026\/","og_site_name":"Jogers\u00f6","article_modified_time":"2026-02-22T16:36:20+00:00","og_image":[{"width":1200,"height":675,"url":"https:\/\/jogerso.se\/wp-content\/uploads\/2026\/03\/jogerso-eco-camp-featured.webp","type":"image\/webp"}],"twitter_card":"summary_large_image","twitter_misc":{"Gesch\u00e4tzte Lesezeit":"5\u00a0Minuten"},"schema":{"@context":"https:\/\/schema.org","@graph":[{"@type":"WebPage","@id":"https:\/\/jogerso.se\/de\/vertragsregeln-fuer-saisonale-buchungen-2026\/","url":"https:\/\/jogerso.se\/de\/vertragsregeln-fuer-saisonale-buchungen-2026\/","name":"Vertragsregeln f\u00fcr saisonale Buchungen 2026 - Jogers\u00f6","isPartOf":{"@id":"https:\/\/jogerso.se\/de\/#website"},"datePublished":"2023-07-06T10:12:17+00:00","dateModified":"2026-02-22T16:36:20+00:00","description":"Vertragliche Regelungen f\u00fcr Saisonbuchungen im Jahr 2025, f\u00fcr den folgenden Gast und den Gastgeber des Campingplatzes.","breadcrumb":{"@id":"https:\/\/jogerso.se\/de\/vertragsregeln-fuer-saisonale-buchungen-2026\/#breadcrumb"},"inLanguage":"de","potentialAction":[{"@type":"ReadAction","target":["https:\/\/jogerso.se\/de\/vertragsregeln-fuer-saisonale-buchungen-2026\/"]}]},{"@type":"BreadcrumbList","@id":"https:\/\/jogerso.se\/de\/vertragsregeln-fuer-saisonale-buchungen-2026\/#breadcrumb","itemListElement":[{"@type":"ListItem","position":1,"name":"Home","item":"https:\/\/jogerso.se\/de\/"},{"@type":"ListItem","position":2,"name":"Vertragsregeln f\u00fcr saisonale Buchungen 2026"}]},{"@type":"WebSite","@id":"https:\/\/jogerso.se\/de\/#website","url":"https:\/\/jogerso.se\/de\/","name":"Jogers\u00f6","description":"Eco Camp","potentialAction":[{"@type":"SearchAction","target":{"@type":"EntryPoint","urlTemplate":"https:\/\/jogerso.se\/de\/?s={search_term_string}"},"query-input":{"@type":"PropertyValueSpecification","valueRequired":true,"valueName":"search_term_string"}}],"inLanguage":"de"}]}},"_links":{"self":[{"href":"https:\/\/jogerso.se\/de\/wp-json\/wp\/v2\/pages\/121708","targetHints":{"allow":["GET"]}}],"collection":[{"href":"https:\/\/jogerso.se\/de\/wp-json\/wp\/v2\/pages"}],"about":[{"href":"https:\/\/jogerso.se\/de\/wp-json\/wp\/v2\/types\/page"}],"author":[{"embeddable":true,"href":"https:\/\/jogerso.se\/de\/wp-json\/wp\/v2\/users\/8"}],"replies":[{"embeddable":true,"href":"https:\/\/jogerso.se\/de\/wp-json\/wp\/v2\/comments?post=121708"}],"version-history":[{"count":5,"href":"https:\/\/jogerso.se\/de\/wp-json\/wp\/v2\/pages\/121708\/revisions"}],"predecessor-version":[{"id":121716,"href":"https:\/\/jogerso.se\/de\/wp-json\/wp\/v2\/pages\/121708\/revisions\/121716"}],"wp:attachment":[{"href":"https:\/\/jogerso.se\/de\/wp-json\/wp\/v2\/media?parent=121708"}],"curies":[{"name":"wp","href":"https:\/\/api.w.org\/{rel}","templated":true}]}}