{"id":121569,"date":"2026-02-17T13:35:13","date_gmt":"2026-02-17T12:35:13","guid":{"rendered":"https:\/\/jogerso.se\/hur-bokar-jag\/"},"modified":"2026-02-17T14:28:35","modified_gmt":"2026-02-17T13:28:35","slug":"hur-bokar-jag","status":"publish","type":"page","link":"https:\/\/jogerso.se\/de\/hur-bokar-jag\/","title":{"rendered":"Wie buche ich"},"content":{"rendered":"<div class=\"wpb-content-wrapper\"><p>[vc_row row_height_percent=&#8220;0&#8243; override_padding=&#8220;yes&#8220; h_padding=&#8220;2&#8243; top_padding=&#8220;5&#8243; bottom_padding=&#8220;5&#8243; overlay_alpha=&#8220;50&#8243; equal_height=&#8220;yes&#8220; gutter_size=&#8220;4&#8243; column_width_percent=&#8220;100&#8243; shift_y=&#8220;0&#8243; z_index=&#8220;0&#8243; content_parallax=&#8220;0&#8243; uncode_shortcode_id=&#8220;214384&#8243; el_id=&#8220;Buch&#8220;][vc_column column_width_percent=&#8220;100&#8243; gutter_size=&#8220;3&#8243; overlay_alpha=&#8220;50&#8243; shift_x=&#8220;0&#8243; shift_y=&#8220;0&#8243; shift_y_down=&#8220;0&#8243; z_index=&#8220;0&#8243; medium_width=&#8220;4&#8243; mobile_width=&#8220;0&#8243; width=&#8220;6\/12&#8243; uncode_shortcode_id=&#8220;626807&#8243;][vc_single_image media=&#8220;121493&#8243; media_width_percent=&#8220;100&#8243; uncode_shortcode_id=&#8220;186641&#8243;][\/vc_column][vc_column column_width_percent=&#8220;100&#8243; position_horizontal=&#8220;left&#8220; position_vertical=&#8220;middle&#8220; gutter_size=&#8220;3&#8243; overlay_alpha=&#8220;50&#8243; shift_x=&#8220;0&#8243; shift_y=&#8220;0&#8243; shift_y_down=&#8220;0&#8243; z_index=&#8220;0&#8243; medium_width=&#8220;4&#8243; mobile_width=&#8220;0&#8243; width=&#8220;6\/12&#8243; uncode_shortcode_id=&#8220;157888&#8243;][vc_custom_heading heading_semantic=&#8220;h1&#8243; text_size=&#8220;h1&#8243; sub_lead=&#8220;yes&#8220; uncode_shortcode_id=&#8220;102402&#8243;]Wie kann ich buchen?<\/p>\n<p>&nbsp;[\/vc_custom_heading][vc_column_text text_lead=&#8220;yes&#8220; uncode_shortcode_id=&#8220;207225&#8243;]Die Buchung eines Campingplatzes in Oxel\u00f6sund ist einfach und erfolgt direkt online.<\/p>\n<p><strong>Schritt f\u00fcr Schritt<\/strong><\/p>\n<ol>\n<li><strong>Klicken Sie auf &#8222;Buchen<\/strong>&#8222;<br \/>Klicken Sie auf die Schaltfl\u00e4che Buchen am oberen Rand der Seite, um das Buchungssystem zu \u00f6ffnen.<\/li>\n<li><strong>W\u00e4hlen Sie Daten<\/strong><br \/>Geben Sie das An- und Abreisedatum Ihres Aufenthalts ein.<\/li>\n<li><strong>W\u00e4hlen Sie die Art der Unterkunft<\/strong><br \/>W\u00e4hlen Sie, ob Sie mit einem Wohnmobil, einem Wohnwagen oder einem Zelt unterwegs sind.<\/li>\n<li><strong>Klicken Sie auf &#8222;Suchen<\/strong>&#8222;<br \/>. Das System zeigt die verf\u00fcgbaren Optionen f\u00fcr die von Ihnen ausgew\u00e4hlten Daten an.<\/li>\n<li><strong>W\u00e4hlen Sie, ob Sie einen Stornierungsschutz hinzuf\u00fcgen m\u00f6chten<\/strong><br \/>Sie k\u00f6nnen einen Stornierungsschutz hinzuf\u00fcgen, um sich zus\u00e4tzlich abzusichern.<\/li>\n<li><strong>Klicken Sie auf &#8222;Buchen&#8220; bei der gew\u00fcnschten Unterkunft<\/strong><br \/>W\u00e4hlen Sie die Option, die Ihnen am besten gef\u00e4llt.<\/li>\n<li><strong>W\u00e4hlen Sie Ihren Stellplatz \u00fcber die Campingkarte<\/strong><br \/>Klicken Sie direkt auf die Karte, um den gew\u00fcnschten Stellplatz zu w\u00e4hlen (je nach Verf\u00fcgbarkeit).<\/li>\n<li><strong>Machen Sie Ihre Optionen<\/strong><br \/>F\u00fcgen Sie zum Beispiel Strom, zus\u00e4tzliche Fahrzeuge oder andere Optionen hinzu.<\/li>\n<li><strong>Bezahlen und Best\u00e4tigung erhalten<\/strong><br \/>Schlie\u00dfen Sie die Zahlung ab. Sie erhalten sofort nach Abschluss Ihrer Buchung eine Buchungsbest\u00e4tigung per E-Mail.<\/li>\n<\/ol>\n<p>[\/vc_column_text][vc_empty_space empty_h=&#8220;0&#8243;][vc_button button_color=&#8220;color-210407&#8243; size=&#8220;btn-lg&#8220; text_skin=&#8220;yes&#8220; border_width=&#8220;0&#8243; display=&#8220;inline&#8220; inline_mobile=&#8220;yes&#8220; link=&#8220;url:https%3A%2F%2Fbokning4.paxess.se%2Fjogerso2|target:_blank|&#8220; uncode_shortcode_id=&#8220;173825&#8243; button_color_type=&#8220;uncode-palette&#8220;]Reservieren[\/vc_button][\/vc_column][\/vc_row]<\/p>\n<\/div>","protected":false},"excerpt":{"rendered":"<p>[vc_row row_height_percent=&#8220;0&#8243; override_padding=&#8220;yes&#8220; h_padding=&#8220;2&#8243; top_padding=&#8220;5&#8243; bottom_padding=&#8220;5&#8243; overlay_alpha=&#8220;50&#8243; equal_height=&#8220;yes&#8220; gutter_size=&#8220;4&#8243; column_width_percent=&#8220;100&#8243; shift_y=&#8220;0&#8243; z_index=&#8220;0&#8243; content_parallax=&#8220;0&#8243; uncode_shortcode_id=&#8220;214384&#8243; el_id=&#8220;Buch&#8220;][vc_column column_width_percent=&#8220;100&#8243; gutter_size=&#8220;3&#8243; overlay_alpha=&#8220;50&#8243; shift_x=&#8220;0&#8243; shift_y=&#8220;0&#8243; [&hellip;]<\/p>\n","protected":false},"author":9,"featured_media":0,"parent":0,"menu_order":0,"comment_status":"closed","ping_status":"closed","template":"","meta":{"footnotes":""},"class_list":["post-121569","page","type-page","status-publish","hentry"],"yoast_head":"<!-- This site is optimized with the Yoast SEO plugin v26.0 - https:\/\/yoast.com\/wordpress\/plugins\/seo\/ -->\n<title>Wie buche ich - Jogers\u00f6<\/title>\n<meta name=\"robots\" content=\"index, follow, max-snippet:-1, max-image-preview:large, max-video-preview:-1\" \/>\n<link rel=\"canonical\" href=\"https:\/\/jogerso.se\/de\/hur-bokar-jag\/\" \/>\n<meta property=\"og:locale\" content=\"de_DE\" \/>\n<meta property=\"og:type\" content=\"article\" \/>\n<meta property=\"og:title\" content=\"Wie buche ich - Jogers\u00f6\" \/>\n<meta property=\"og:description\" content=\"[vc_row row_height_percent=&#8220;0&#8243; override_padding=&#8220;yes&#8220; h_padding=&#8220;2&#8243; top_padding=&#8220;5&#8243; bottom_padding=&#8220;5&#8243; overlay_alpha=&#8220;50&#8243; equal_height=&#8220;yes&#8220; gutter_size=&#8220;4&#8243; column_width_percent=&#8220;100&#8243; shift_y=&#8220;0&#8243; z_index=&#8220;0&#8243; content_parallax=&#8220;0&#8243; uncode_shortcode_id=&#8220;214384&#8243; el_id=&#8220;Buch&#8220;][vc_column column_width_percent=&#8220;100&#8243; gutter_size=&#8220;3&#8243; overlay_alpha=&#8220;50&#8243; shift_x=&#8220;0&#8243; shift_y=&#8220;0&#8243; [&hellip;]\" \/>\n<meta property=\"og:url\" content=\"https:\/\/jogerso.se\/de\/hur-bokar-jag\/\" \/>\n<meta property=\"og:site_name\" content=\"Jogers\u00f6\" \/>\n<meta property=\"article:modified_time\" content=\"2026-02-17T13:28:35+00:00\" \/>\n<meta property=\"og:image\" content=\"https:\/\/jogerso.se\/wp-content\/uploads\/2026\/03\/jogerso-eco-camp-featured.webp\" \/>\n\t<meta property=\"og:image:width\" content=\"1200\" \/>\n\t<meta property=\"og:image:height\" content=\"675\" \/>\n\t<meta property=\"og:image:type\" content=\"image\/webp\" \/>\n<meta name=\"twitter:card\" content=\"summary_large_image\" \/>\n<meta name=\"twitter:label1\" content=\"Gesch\u00e4tzte Lesezeit\" \/>\n\t<meta name=\"twitter:data1\" content=\"2\u00a0Minuten\" \/>\n<script type=\"application\/ld+json\" class=\"yoast-schema-graph\">{\"@context\":\"https:\/\/schema.org\",\"@graph\":[{\"@type\":\"WebPage\",\"@id\":\"https:\/\/jogerso.se\/de\/hur-bokar-jag\/\",\"url\":\"https:\/\/jogerso.se\/de\/hur-bokar-jag\/\",\"name\":\"Wie buche ich - Jogers\u00f6\",\"isPartOf\":{\"@id\":\"https:\/\/jogerso.se\/de\/#website\"},\"datePublished\":\"2026-02-17T12:35:13+00:00\",\"dateModified\":\"2026-02-17T13:28:35+00:00\",\"breadcrumb\":{\"@id\":\"https:\/\/jogerso.se\/de\/hur-bokar-jag\/#breadcrumb\"},\"inLanguage\":\"de\",\"potentialAction\":[{\"@type\":\"ReadAction\",\"target\":[\"https:\/\/jogerso.se\/de\/hur-bokar-jag\/\"]}]},{\"@type\":\"BreadcrumbList\",\"@id\":\"https:\/\/jogerso.se\/de\/hur-bokar-jag\/#breadcrumb\",\"itemListElement\":[{\"@type\":\"ListItem\",\"position\":1,\"name\":\"Home\",\"item\":\"https:\/\/jogerso.se\/de\/\"},{\"@type\":\"ListItem\",\"position\":2,\"name\":\"Wie buche ich\"}]},{\"@type\":\"WebSite\",\"@id\":\"https:\/\/jogerso.se\/de\/#website\",\"url\":\"https:\/\/jogerso.se\/de\/\",\"name\":\"Jogers\u00f6\",\"description\":\"Eco Camp\",\"potentialAction\":[{\"@type\":\"SearchAction\",\"target\":{\"@type\":\"EntryPoint\",\"urlTemplate\":\"https:\/\/jogerso.se\/de\/?s={search_term_string}\"},\"query-input\":{\"@type\":\"PropertyValueSpecification\",\"valueRequired\":true,\"valueName\":\"search_term_string\"}}],\"inLanguage\":\"de\"}]}<\/script>\n<!-- \/ Yoast SEO plugin. -->","yoast_head_json":{"title":"Wie buche ich - Jogers\u00f6","robots":{"index":"index","follow":"follow","max-snippet":"max-snippet:-1","max-image-preview":"max-image-preview:large","max-video-preview":"max-video-preview:-1"},"canonical":"https:\/\/jogerso.se\/de\/hur-bokar-jag\/","og_locale":"de_DE","og_type":"article","og_title":"Wie buche ich - Jogers\u00f6","og_description":"[vc_row row_height_percent=&#8220;0&#8243; override_padding=&#8220;yes&#8220; h_padding=&#8220;2&#8243; top_padding=&#8220;5&#8243; bottom_padding=&#8220;5&#8243; overlay_alpha=&#8220;50&#8243; equal_height=&#8220;yes&#8220; gutter_size=&#8220;4&#8243; column_width_percent=&#8220;100&#8243; shift_y=&#8220;0&#8243; z_index=&#8220;0&#8243; content_parallax=&#8220;0&#8243; uncode_shortcode_id=&#8220;214384&#8243; el_id=&#8220;Buch&#8220;][vc_column column_width_percent=&#8220;100&#8243; gutter_size=&#8220;3&#8243; overlay_alpha=&#8220;50&#8243; shift_x=&#8220;0&#8243; shift_y=&#8220;0&#8243; [&hellip;]","og_url":"https:\/\/jogerso.se\/de\/hur-bokar-jag\/","og_site_name":"Jogers\u00f6","article_modified_time":"2026-02-17T13:28:35+00:00","og_image":[{"width":1200,"height":675,"url":"https:\/\/jogerso.se\/wp-content\/uploads\/2026\/03\/jogerso-eco-camp-featured.webp","type":"image\/webp"}],"twitter_card":"summary_large_image","twitter_misc":{"Gesch\u00e4tzte Lesezeit":"2\u00a0Minuten"},"schema":{"@context":"https:\/\/schema.org","@graph":[{"@type":"WebPage","@id":"https:\/\/jogerso.se\/de\/hur-bokar-jag\/","url":"https:\/\/jogerso.se\/de\/hur-bokar-jag\/","name":"Wie buche ich - Jogers\u00f6","isPartOf":{"@id":"https:\/\/jogerso.se\/de\/#website"},"datePublished":"2026-02-17T12:35:13+00:00","dateModified":"2026-02-17T13:28:35+00:00","breadcrumb":{"@id":"https:\/\/jogerso.se\/de\/hur-bokar-jag\/#breadcrumb"},"inLanguage":"de","potentialAction":[{"@type":"ReadAction","target":["https:\/\/jogerso.se\/de\/hur-bokar-jag\/"]}]},{"@type":"BreadcrumbList","@id":"https:\/\/jogerso.se\/de\/hur-bokar-jag\/#breadcrumb","itemListElement":[{"@type":"ListItem","position":1,"name":"Home","item":"https:\/\/jogerso.se\/de\/"},{"@type":"ListItem","position":2,"name":"Wie buche ich"}]},{"@type":"WebSite","@id":"https:\/\/jogerso.se\/de\/#website","url":"https:\/\/jogerso.se\/de\/","name":"Jogers\u00f6","description":"Eco Camp","potentialAction":[{"@type":"SearchAction","target":{"@type":"EntryPoint","urlTemplate":"https:\/\/jogerso.se\/de\/?s={search_term_string}"},"query-input":{"@type":"PropertyValueSpecification","valueRequired":true,"valueName":"search_term_string"}}],"inLanguage":"de"}]}},"_links":{"self":[{"href":"https:\/\/jogerso.se\/de\/wp-json\/wp\/v2\/pages\/121569","targetHints":{"allow":["GET"]}}],"collection":[{"href":"https:\/\/jogerso.se\/de\/wp-json\/wp\/v2\/pages"}],"about":[{"href":"https:\/\/jogerso.se\/de\/wp-json\/wp\/v2\/types\/page"}],"author":[{"embeddable":true,"href":"https:\/\/jogerso.se\/de\/wp-json\/wp\/v2\/users\/9"}],"replies":[{"embeddable":true,"href":"https:\/\/jogerso.se\/de\/wp-json\/wp\/v2\/comments?post=121569"}],"version-history":[{"count":9,"href":"https:\/\/jogerso.se\/de\/wp-json\/wp\/v2\/pages\/121569\/revisions"}],"predecessor-version":[{"id":121589,"href":"https:\/\/jogerso.se\/de\/wp-json\/wp\/v2\/pages\/121569\/revisions\/121589"}],"wp:attachment":[{"href":"https:\/\/jogerso.se\/de\/wp-json\/wp\/v2\/media?parent=121569"}],"curies":[{"name":"wp","href":"https:\/\/api.w.org\/{rel}","templated":true}]}}