{"id":120234,"date":"2023-02-09T11:36:01","date_gmt":"2023-02-09T10:36:01","guid":{"rendered":"https:\/\/jogerso.se\/leben\/spaete-ankunft\/"},"modified":"2024-07-09T09:31:47","modified_gmt":"2024-07-09T08:31:47","slug":"spaete-ankunft","status":"publish","type":"page","link":"https:\/\/jogerso.se\/de\/leben\/spaete-ankunft\/","title":{"rendered":"Sp\u00e4te Ankunft"},"content":{"rendered":"<div class=\"wpb-content-wrapper\"><p>[vc_row][vc_column width=&#8220;1\/2&#8243;][vc_column_text uncode_shortcode_id=&#8220;459803&#8243;]<span class=\"font-339240\">Wer au\u00dferhalb der \u00d6ffnungszeiten der Rezeption anreist, hat zwei M\u00f6glichkeiten<\/span><\/p>\n<ol>\n<li><span style=\"font-family: Urbanist;\">Vorgebuchter Platz \u2013 Sie haben einen reservierten Platz und kommen au\u00dferhalb der \u00d6ffnungszeiten der Rezeption am Jogers\u00f6 Eco Camping an \u2013 Bitte fahren Sie hinein und parken Sie auf Ihrem vorgebuchten Platz. Den Servicehauscode finden Sie in der Buchungsbest\u00e4tigung.<\/span><\/li>\n<li>Buchen Sie jetzt direkt einen Platz &#8211; Sie haben keinen reservierten Platz und kommen au\u00dferhalb der \u00d6ffnungszeiten der Rezeption am Jogers\u00f6 Eco Camping an. Sie w\u00e4hlen \u00fcber unsere Website einen freien Sitzplatz aus und klicken auf \u201eBuchen\u201c. In der Buchungsbest\u00e4tigung erhalten Sie dann einen PIN-Code f\u00fcr das Servicehaus.<\/li>\n<\/ol>\n<p><span class=\"font-339240\">Unabh\u00e4ngig von all dem:<\/span><\/p>\n<p><span class=\"font-339240\">Die Zahlung erfolgt per IBAN Jogers\u00f6 Eco Camp, SE69 8000 0825 7809 3004 6065 oder wenn die Rezeption am n\u00e4chsten Tag ge\u00f6ffnet ist. Siehe \u00d6ffnungszeitenschild.<\/span><\/p>\n<pre id=\"tw-target-text\" class=\"tw-data-text tw-text-large tw-ta\" dir=\"ltr\" data-placeholder=\"\u00d6vers\u00e4ttning\" aria-label=\"\u00d6versatt text\" data-ved=\"2ahUKEwjs07XB0ZaFAxUKPxAIHV9DDrkQ3ewLegQIBRAU\"><span class=\"Y2IQFc font-339240\" lang=\"de\">Notfalltelefon: 0046 70 365 40 02<\/span><\/pre>\n<p><span class=\"font-339240\">Genie\u00dfe deinen Aufenthalt!<\/span>[\/vc_column_text][\/vc_column][vc_column width=&#8220;1\/2&#8243;][vc_single_image media=&#8220;120172&#8243; media_width_percent=&#8220;100&#8243; uncode_shortcode_id=&#8220;916911&#8243;][\/vc_column][\/vc_row][vc_row][vc_column width=&#8220;1\/1&#8243;][\/vc_column][\/vc_row]<\/p>\n<\/div>","protected":false},"excerpt":{"rendered":"<p>[vc_row][vc_column width=&#8220;1\/2&#8243;][vc_column_text uncode_shortcode_id=&#8220;459803&#8243;]Wer au\u00dferhalb der \u00d6ffnungszeiten der Rezeption anreist, hat zwei M\u00f6glichkeiten Vorgebuchter Platz \u2013 Sie haben einen reservierten Platz [&hellip;]<\/p>\n","protected":false},"author":1,"featured_media":120170,"parent":119600,"menu_order":0,"comment_status":"closed","ping_status":"closed","template":"","meta":{"footnotes":""},"class_list":["post-120234","page","type-page","status-publish","has-post-thumbnail","hentry"],"yoast_head":"<!-- This site is optimized with the Yoast SEO plugin v26.0 - https:\/\/yoast.com\/wordpress\/plugins\/seo\/ -->\n<title>Sp\u00e4te Ankunft - Jogers\u00f6<\/title>\n<meta name=\"robots\" content=\"index, follow, max-snippet:-1, max-image-preview:large, max-video-preview:-1\" \/>\n<link rel=\"canonical\" href=\"https:\/\/jogerso.se\/de\/leben\/spaete-ankunft\/\" \/>\n<meta property=\"og:locale\" content=\"de_DE\" \/>\n<meta property=\"og:type\" content=\"article\" \/>\n<meta property=\"og:title\" content=\"Sp\u00e4te Ankunft - Jogers\u00f6\" \/>\n<meta property=\"og:description\" content=\"[vc_row][vc_column width=&#8220;1\/2&#8243;][vc_column_text uncode_shortcode_id=&#8220;459803&#8243;]Wer au\u00dferhalb der \u00d6ffnungszeiten der Rezeption anreist, hat zwei M\u00f6glichkeiten Vorgebuchter Platz \u2013 Sie haben einen reservierten Platz [&hellip;]\" \/>\n<meta property=\"og:url\" content=\"https:\/\/jogerso.se\/de\/leben\/spaete-ankunft\/\" \/>\n<meta property=\"og:site_name\" content=\"Jogers\u00f6\" \/>\n<meta property=\"article:modified_time\" content=\"2024-07-09T08:31:47+00:00\" \/>\n<meta property=\"og:image\" content=\"https:\/\/jogerso.se\/wp-content\/uploads\/2023\/02\/jogersostjarnhimmel-003.jpg\" \/>\n\t<meta property=\"og:image:width\" content=\"1365\" \/>\n\t<meta property=\"og:image:height\" content=\"2048\" \/>\n\t<meta property=\"og:image:type\" content=\"image\/jpeg\" \/>\n<meta name=\"twitter:card\" content=\"summary_large_image\" \/>\n<meta name=\"twitter:label1\" content=\"Gesch\u00e4tzte Lesezeit\" \/>\n\t<meta name=\"twitter:data1\" content=\"1\u00a0Minute\" \/>\n<script type=\"application\/ld+json\" class=\"yoast-schema-graph\">{\"@context\":\"https:\/\/schema.org\",\"@graph\":[{\"@type\":\"WebPage\",\"@id\":\"https:\/\/jogerso.se\/de\/leben\/spaete-ankunft\/\",\"url\":\"https:\/\/jogerso.se\/de\/leben\/spaete-ankunft\/\",\"name\":\"Sp\u00e4te Ankunft - Jogers\u00f6\",\"isPartOf\":{\"@id\":\"https:\/\/jogerso.se\/de\/#website\"},\"primaryImageOfPage\":{\"@id\":\"https:\/\/jogerso.se\/de\/leben\/spaete-ankunft\/#primaryimage\"},\"image\":{\"@id\":\"https:\/\/jogerso.se\/de\/leben\/spaete-ankunft\/#primaryimage\"},\"thumbnailUrl\":\"https:\/\/jogerso.se\/wp-content\/uploads\/2023\/02\/jogersostjarnhimmel-003.jpg\",\"datePublished\":\"2023-02-09T10:36:01+00:00\",\"dateModified\":\"2024-07-09T08:31:47+00:00\",\"breadcrumb\":{\"@id\":\"https:\/\/jogerso.se\/de\/leben\/spaete-ankunft\/#breadcrumb\"},\"inLanguage\":\"de\",\"potentialAction\":[{\"@type\":\"ReadAction\",\"target\":[\"https:\/\/jogerso.se\/de\/leben\/spaete-ankunft\/\"]}]},{\"@type\":\"ImageObject\",\"inLanguage\":\"de\",\"@id\":\"https:\/\/jogerso.se\/de\/leben\/spaete-ankunft\/#primaryimage\",\"url\":\"https:\/\/jogerso.se\/wp-content\/uploads\/2023\/02\/jogersostjarnhimmel-003.jpg\",\"contentUrl\":\"https:\/\/jogerso.se\/wp-content\/uploads\/2023\/02\/jogersostjarnhimmel-003.jpg\",\"width\":1365,\"height\":2048},{\"@type\":\"BreadcrumbList\",\"@id\":\"https:\/\/jogerso.se\/de\/leben\/spaete-ankunft\/#breadcrumb\",\"itemListElement\":[{\"@type\":\"ListItem\",\"position\":1,\"name\":\"Home\",\"item\":\"https:\/\/jogerso.se\/de\/\"},{\"@type\":\"ListItem\",\"position\":2,\"name\":\"Leben auf Jogers\u00f6\",\"item\":\"https:\/\/jogerso.se\/de\/stay\/\"},{\"@type\":\"ListItem\",\"position\":3,\"name\":\"Sp\u00e4te Ankunft\"}]},{\"@type\":\"WebSite\",\"@id\":\"https:\/\/jogerso.se\/de\/#website\",\"url\":\"https:\/\/jogerso.se\/de\/\",\"name\":\"Jogers\u00f6\",\"description\":\"Eco Camp\",\"potentialAction\":[{\"@type\":\"SearchAction\",\"target\":{\"@type\":\"EntryPoint\",\"urlTemplate\":\"https:\/\/jogerso.se\/de\/?s={search_term_string}\"},\"query-input\":{\"@type\":\"PropertyValueSpecification\",\"valueRequired\":true,\"valueName\":\"search_term_string\"}}],\"inLanguage\":\"de\"}]}<\/script>\n<!-- \/ Yoast SEO plugin. -->","yoast_head_json":{"title":"Sp\u00e4te Ankunft - Jogers\u00f6","robots":{"index":"index","follow":"follow","max-snippet":"max-snippet:-1","max-image-preview":"max-image-preview:large","max-video-preview":"max-video-preview:-1"},"canonical":"https:\/\/jogerso.se\/de\/leben\/spaete-ankunft\/","og_locale":"de_DE","og_type":"article","og_title":"Sp\u00e4te Ankunft - Jogers\u00f6","og_description":"[vc_row][vc_column width=&#8220;1\/2&#8243;][vc_column_text uncode_shortcode_id=&#8220;459803&#8243;]Wer au\u00dferhalb der \u00d6ffnungszeiten der Rezeption anreist, hat zwei M\u00f6glichkeiten Vorgebuchter Platz \u2013 Sie haben einen reservierten Platz [&hellip;]","og_url":"https:\/\/jogerso.se\/de\/leben\/spaete-ankunft\/","og_site_name":"Jogers\u00f6","article_modified_time":"2024-07-09T08:31:47+00:00","og_image":[{"width":1365,"height":2048,"url":"https:\/\/jogerso.se\/wp-content\/uploads\/2023\/02\/jogersostjarnhimmel-003.jpg","type":"image\/jpeg"}],"twitter_card":"summary_large_image","twitter_misc":{"Gesch\u00e4tzte Lesezeit":"1\u00a0Minute"},"schema":{"@context":"https:\/\/schema.org","@graph":[{"@type":"WebPage","@id":"https:\/\/jogerso.se\/de\/leben\/spaete-ankunft\/","url":"https:\/\/jogerso.se\/de\/leben\/spaete-ankunft\/","name":"Sp\u00e4te Ankunft - Jogers\u00f6","isPartOf":{"@id":"https:\/\/jogerso.se\/de\/#website"},"primaryImageOfPage":{"@id":"https:\/\/jogerso.se\/de\/leben\/spaete-ankunft\/#primaryimage"},"image":{"@id":"https:\/\/jogerso.se\/de\/leben\/spaete-ankunft\/#primaryimage"},"thumbnailUrl":"https:\/\/jogerso.se\/wp-content\/uploads\/2023\/02\/jogersostjarnhimmel-003.jpg","datePublished":"2023-02-09T10:36:01+00:00","dateModified":"2024-07-09T08:31:47+00:00","breadcrumb":{"@id":"https:\/\/jogerso.se\/de\/leben\/spaete-ankunft\/#breadcrumb"},"inLanguage":"de","potentialAction":[{"@type":"ReadAction","target":["https:\/\/jogerso.se\/de\/leben\/spaete-ankunft\/"]}]},{"@type":"ImageObject","inLanguage":"de","@id":"https:\/\/jogerso.se\/de\/leben\/spaete-ankunft\/#primaryimage","url":"https:\/\/jogerso.se\/wp-content\/uploads\/2023\/02\/jogersostjarnhimmel-003.jpg","contentUrl":"https:\/\/jogerso.se\/wp-content\/uploads\/2023\/02\/jogersostjarnhimmel-003.jpg","width":1365,"height":2048},{"@type":"BreadcrumbList","@id":"https:\/\/jogerso.se\/de\/leben\/spaete-ankunft\/#breadcrumb","itemListElement":[{"@type":"ListItem","position":1,"name":"Home","item":"https:\/\/jogerso.se\/de\/"},{"@type":"ListItem","position":2,"name":"Leben auf Jogers\u00f6","item":"https:\/\/jogerso.se\/de\/stay\/"},{"@type":"ListItem","position":3,"name":"Sp\u00e4te Ankunft"}]},{"@type":"WebSite","@id":"https:\/\/jogerso.se\/de\/#website","url":"https:\/\/jogerso.se\/de\/","name":"Jogers\u00f6","description":"Eco Camp","potentialAction":[{"@type":"SearchAction","target":{"@type":"EntryPoint","urlTemplate":"https:\/\/jogerso.se\/de\/?s={search_term_string}"},"query-input":{"@type":"PropertyValueSpecification","valueRequired":true,"valueName":"search_term_string"}}],"inLanguage":"de"}]}},"_links":{"self":[{"href":"https:\/\/jogerso.se\/de\/wp-json\/wp\/v2\/pages\/120234","targetHints":{"allow":["GET"]}}],"collection":[{"href":"https:\/\/jogerso.se\/de\/wp-json\/wp\/v2\/pages"}],"about":[{"href":"https:\/\/jogerso.se\/de\/wp-json\/wp\/v2\/types\/page"}],"author":[{"embeddable":true,"href":"https:\/\/jogerso.se\/de\/wp-json\/wp\/v2\/users\/1"}],"replies":[{"embeddable":true,"href":"https:\/\/jogerso.se\/de\/wp-json\/wp\/v2\/comments?post=120234"}],"version-history":[{"count":14,"href":"https:\/\/jogerso.se\/de\/wp-json\/wp\/v2\/pages\/120234\/revisions"}],"predecessor-version":[{"id":120728,"href":"https:\/\/jogerso.se\/de\/wp-json\/wp\/v2\/pages\/120234\/revisions\/120728"}],"up":[{"embeddable":true,"href":"https:\/\/jogerso.se\/de\/wp-json\/wp\/v2\/pages\/119600"}],"wp:featuredmedia":[{"embeddable":true,"href":"https:\/\/jogerso.se\/de\/wp-json\/wp\/v2\/media\/120170"}],"wp:attachment":[{"href":"https:\/\/jogerso.se\/de\/wp-json\/wp\/v2\/media?parent=120234"}],"curies":[{"name":"wp","href":"https:\/\/api.w.org\/{rel}","templated":true}]}}