{"id":120050,"date":"2022-12-19T09:58:48","date_gmt":"2022-12-19T08:58:48","guid":{"rendered":"https:\/\/jogerso.se\/cookies\/"},"modified":"2022-12-19T10:39:40","modified_gmt":"2022-12-19T09:39:40","slug":"cookies","status":"publish","type":"page","link":"https:\/\/jogerso.se\/de\/cookies\/","title":{"rendered":"Information om cookies"},"content":{"rendered":"<p><strong>Version:<\/strong>\u00a01<br \/>\n<strong>Datum:<\/strong> 2022-12-16<\/p>\n<h2>Cookies<\/h2>\n<p>Diese Website verwendet sogenannte \u201eCookies\u201c oder \u201ekakor\u201c auf Schwedisch. Auf dieser Seite wird ein Cookie als \u201eCookie\u201c und Cookies als \u201eCookies\u201c bezeichnet. Cookies sind Textdateien, die auf Ihrem Ger\u00e4t gespeichert werden, um zu verfolgen, was Sie auf der Website tun. Es gibt zwei Arten von Cookies; permanente Cookies und Session-Cookies.<\/p>\n<p>Ein permanentes Cookie wird f\u00fcr eine bestimmte festgelegte Zeit auf dem Ger\u00e4t des Besuchers gespeichert. Auf dieser Website werden diese verwendet, um die Website zu verbessern, indem Statistiken dar\u00fcber erstellt werden, wie ein Besucher die Website nutzt, beispielsweise welche Artikel am h\u00e4ufigsten gelesen werden und wie sich Benutzer in der Navigation bewegen.<\/p>\n<p>Ein Sitzungscookie wird vor\u00fcbergehend im Speicher des Ger\u00e4ts des Besuchers gespeichert, w\u00e4hrend sich der Besucher auf einer Webseite befindet, und verschwindet, wenn der Browser geschlossen wird. Diese Website verwendet Sitzungscookies, um Informationen zu verwalten, die Sie bei der Nutzung der Dienste dieser Website bereitstellen.<\/p>\n<p>Weitere Informationen zu Cookies finden Sie auf der Website der Aufsichtsbeh\u00f6rde, der schwedischen Post- und Telekommunikationsbeh\u00f6rde. <a href=\"https:\/\/www.pts.se\/cookies\" target=\"_blank\" rel=\"noopener\">Lesen Sie mehr \u00fcber Cookies auf der Website der schwedischen Post- und Telekommunikationsbeh\u00f6rde<\/a>.<\/p>\n<h2>Deaktivieren oder l\u00f6schen Sie Cookies<\/h2>\n<p>Sie k\u00f6nnen Cookies in den Sicherheitseinstellungen Ihres Browsers deaktivieren, wenn Sie die Verwendung von Cookies nicht akzeptieren. Es ist m\u00f6glich, den Browser so einzustellen, dass er Sie jedes Mal fragt, wenn eine Website versucht, ein Cookie auf Ihrem Ger\u00e4t zu platzieren. Es ist m\u00f6glich, zuvor gespeicherte Cookies \u00fcber den Browser zu l\u00f6schen. Weitere Informationen finden Sie auf den Hilfeseiten des Browsers. Es ist auch m\u00f6glich, Cookies manuell von der Festplatte zu l\u00f6schen. Wenn Sie Cookies deaktivieren, garantiert Samordningsf\u00f6rbundet RAR S\u00f6rmland nicht, dass diese Website wie beabsichtigt funktioniert.<\/p>\n<h2>Cookie-Dateien<\/h2>\n<table width=\"700\">\n<tbody>\n<tr>\n<td width=\"20%\"><strong>Name<\/strong><\/td>\n<td width=\"20%\"><strong>Category<\/strong><\/td>\n<td width=\"50%\"><strong>Function<\/strong><\/td>\n<td width=\"10%\"><strong>Expiry<\/strong><\/td>\n<\/tr>\n<tr>\n<td>cookiehub<\/td>\n<td>Necessary<\/td>\n<td>Used by CookieHub to store information about whether visitors have given or declined the use of cookie categories used on the site.<\/td>\n<td>365 days<\/td>\n<\/tr>\n<tr>\n<td>uncodeAI.screen<\/td>\n<td>Preferences<\/td>\n<td>Used by Adaptive Image system to calculate the correct adaptive images.<\/td>\n<td>Session<\/td>\n<\/tr>\n<tr>\n<td>uncodeAI.images<\/td>\n<td>Preferences<\/td>\n<td>Used by Adaptive Image system to calculate the correct adaptive images.<\/td>\n<td>Session<\/td>\n<\/tr>\n<tr>\n<td>uncodeAI.css<\/td>\n<td>Preferences<\/td>\n<td>Used by Adaptive Image system to calculate the correct adaptive images.<\/td>\n<td>Session<\/td>\n<\/tr>\n<tr>\n<td>wp-wpml_current_language<\/td>\n<td>Preferences<\/td>\n<td>This cookie is set by WPML and it stores the current language settings.<\/td>\n<td>Session<\/td>\n<\/tr>\n<tr>\n<td>_pk_id.*<\/td>\n<td>Analytics<\/td>\n<td>Used by Matomo to store a few details about the user such as the unique visitor ID<\/td>\n<td>393 days<\/td>\n<\/tr>\n<tr>\n<td>_pk_ses.*<\/td>\n<td>Analytics<\/td>\n<td>Short lived cookies used by Matomo to temporarily store data for the visit<\/td>\n<td>1 hour<\/td>\n<\/tr>\n<\/tbody>\n<\/table>\n<h2>Eingebettete Inhalte von anderen Websites<\/h2>\n<p>Artikel auf dieser Website k\u00f6nnen eingebettete Inhalte enthalten (z. B. Videos, Bilder, Artikel usw.). Eingebettete Inhalte von anderen Websites verhalten sich genau so, als ob der Besucher die andere Website besucht h\u00e4tte.<\/p>\n<p>Diese Websites k\u00f6nnen Informationen \u00fcber Sie sammeln, Cookies verwenden, zus\u00e4tzliches Tracking von Drittanbietern einbetten und Ihre Interaktion mit diesen eingebetteten Inhalten \u00fcberwachen, einschlie\u00dflich der Verfolgung Ihrer Interaktion mit diesen eingebetteten Inhalten, wenn Sie ein Konto haben und bei der betreffenden Website angemeldet sind.<\/p>\n<h2>Kontaktiere uns<\/h2>\n<p>Sie haben Fragen oder m\u00f6chten mit uns in Kontakt treten? <a href=\"\/de\/kontakt\">Gehen Sie zur Kontaktseite<\/a>.<\/p>\n","protected":false},"excerpt":{"rendered":"<p>Version:\u00a01 Datum: 2022-12-16 Cookies Diese Website verwendet sogenannte \u201eCookies\u201c oder \u201ekakor\u201c auf Schwedisch. Auf dieser Seite wird ein Cookie als [&hellip;]<\/p>\n","protected":false},"author":1,"featured_media":0,"parent":0,"menu_order":0,"comment_status":"closed","ping_status":"closed","template":"","meta":{"footnotes":""},"class_list":["post-120050","page","type-page","status-publish","hentry"],"yoast_head":"<!-- This site is optimized with the Yoast SEO plugin v26.0 - https:\/\/yoast.com\/wordpress\/plugins\/seo\/ -->\n<title>Information om cookies - Jogers\u00f6<\/title>\n<meta name=\"robots\" content=\"index, follow, max-snippet:-1, max-image-preview:large, max-video-preview:-1\" \/>\n<link rel=\"canonical\" href=\"https:\/\/jogerso.se\/de\/cookies\/\" \/>\n<meta property=\"og:locale\" content=\"de_DE\" \/>\n<meta property=\"og:type\" content=\"article\" \/>\n<meta property=\"og:title\" content=\"Information om cookies - Jogers\u00f6\" \/>\n<meta property=\"og:description\" content=\"Version:\u00a01 Datum: 2022-12-16 Cookies Diese Website verwendet sogenannte \u201eCookies\u201c oder \u201ekakor\u201c auf Schwedisch. Auf dieser Seite wird ein Cookie als [&hellip;]\" \/>\n<meta property=\"og:url\" content=\"https:\/\/jogerso.se\/de\/cookies\/\" \/>\n<meta property=\"og:site_name\" content=\"Jogers\u00f6\" \/>\n<meta property=\"article:modified_time\" content=\"2022-12-19T09:39:40+00:00\" \/>\n<meta property=\"og:image\" content=\"https:\/\/jogerso.se\/wp-content\/uploads\/2026\/03\/jogerso-eco-camp-featured.webp\" \/>\n\t<meta property=\"og:image:width\" content=\"1200\" \/>\n\t<meta property=\"og:image:height\" content=\"675\" \/>\n\t<meta property=\"og:image:type\" content=\"image\/webp\" \/>\n<meta name=\"twitter:card\" content=\"summary_large_image\" \/>\n<meta name=\"twitter:label1\" content=\"Gesch\u00e4tzte Lesezeit\" \/>\n\t<meta name=\"twitter:data1\" content=\"3\u00a0Minuten\" \/>\n<script type=\"application\/ld+json\" class=\"yoast-schema-graph\">{\"@context\":\"https:\/\/schema.org\",\"@graph\":[{\"@type\":\"WebPage\",\"@id\":\"https:\/\/jogerso.se\/de\/cookies\/\",\"url\":\"https:\/\/jogerso.se\/de\/cookies\/\",\"name\":\"Information om cookies - Jogers\u00f6\",\"isPartOf\":{\"@id\":\"https:\/\/jogerso.se\/de\/#website\"},\"datePublished\":\"2022-12-19T08:58:48+00:00\",\"dateModified\":\"2022-12-19T09:39:40+00:00\",\"breadcrumb\":{\"@id\":\"https:\/\/jogerso.se\/de\/cookies\/#breadcrumb\"},\"inLanguage\":\"de\",\"potentialAction\":[{\"@type\":\"ReadAction\",\"target\":[\"https:\/\/jogerso.se\/de\/cookies\/\"]}]},{\"@type\":\"BreadcrumbList\",\"@id\":\"https:\/\/jogerso.se\/de\/cookies\/#breadcrumb\",\"itemListElement\":[{\"@type\":\"ListItem\",\"position\":1,\"name\":\"Home\",\"item\":\"https:\/\/jogerso.se\/de\/\"},{\"@type\":\"ListItem\",\"position\":2,\"name\":\"Information om cookies\"}]},{\"@type\":\"WebSite\",\"@id\":\"https:\/\/jogerso.se\/de\/#website\",\"url\":\"https:\/\/jogerso.se\/de\/\",\"name\":\"Jogers\u00f6\",\"description\":\"Eco Camp\",\"potentialAction\":[{\"@type\":\"SearchAction\",\"target\":{\"@type\":\"EntryPoint\",\"urlTemplate\":\"https:\/\/jogerso.se\/de\/?s={search_term_string}\"},\"query-input\":{\"@type\":\"PropertyValueSpecification\",\"valueRequired\":true,\"valueName\":\"search_term_string\"}}],\"inLanguage\":\"de\"}]}<\/script>\n<!-- \/ Yoast SEO plugin. -->","yoast_head_json":{"title":"Information om cookies - Jogers\u00f6","robots":{"index":"index","follow":"follow","max-snippet":"max-snippet:-1","max-image-preview":"max-image-preview:large","max-video-preview":"max-video-preview:-1"},"canonical":"https:\/\/jogerso.se\/de\/cookies\/","og_locale":"de_DE","og_type":"article","og_title":"Information om cookies - Jogers\u00f6","og_description":"Version:\u00a01 Datum: 2022-12-16 Cookies Diese Website verwendet sogenannte \u201eCookies\u201c oder \u201ekakor\u201c auf Schwedisch. Auf dieser Seite wird ein Cookie als [&hellip;]","og_url":"https:\/\/jogerso.se\/de\/cookies\/","og_site_name":"Jogers\u00f6","article_modified_time":"2022-12-19T09:39:40+00:00","og_image":[{"width":1200,"height":675,"url":"https:\/\/jogerso.se\/wp-content\/uploads\/2026\/03\/jogerso-eco-camp-featured.webp","type":"image\/webp"}],"twitter_card":"summary_large_image","twitter_misc":{"Gesch\u00e4tzte Lesezeit":"3\u00a0Minuten"},"schema":{"@context":"https:\/\/schema.org","@graph":[{"@type":"WebPage","@id":"https:\/\/jogerso.se\/de\/cookies\/","url":"https:\/\/jogerso.se\/de\/cookies\/","name":"Information om cookies - Jogers\u00f6","isPartOf":{"@id":"https:\/\/jogerso.se\/de\/#website"},"datePublished":"2022-12-19T08:58:48+00:00","dateModified":"2022-12-19T09:39:40+00:00","breadcrumb":{"@id":"https:\/\/jogerso.se\/de\/cookies\/#breadcrumb"},"inLanguage":"de","potentialAction":[{"@type":"ReadAction","target":["https:\/\/jogerso.se\/de\/cookies\/"]}]},{"@type":"BreadcrumbList","@id":"https:\/\/jogerso.se\/de\/cookies\/#breadcrumb","itemListElement":[{"@type":"ListItem","position":1,"name":"Home","item":"https:\/\/jogerso.se\/de\/"},{"@type":"ListItem","position":2,"name":"Information om cookies"}]},{"@type":"WebSite","@id":"https:\/\/jogerso.se\/de\/#website","url":"https:\/\/jogerso.se\/de\/","name":"Jogers\u00f6","description":"Eco Camp","potentialAction":[{"@type":"SearchAction","target":{"@type":"EntryPoint","urlTemplate":"https:\/\/jogerso.se\/de\/?s={search_term_string}"},"query-input":{"@type":"PropertyValueSpecification","valueRequired":true,"valueName":"search_term_string"}}],"inLanguage":"de"}]}},"_links":{"self":[{"href":"https:\/\/jogerso.se\/de\/wp-json\/wp\/v2\/pages\/120050","targetHints":{"allow":["GET"]}}],"collection":[{"href":"https:\/\/jogerso.se\/de\/wp-json\/wp\/v2\/pages"}],"about":[{"href":"https:\/\/jogerso.se\/de\/wp-json\/wp\/v2\/types\/page"}],"author":[{"embeddable":true,"href":"https:\/\/jogerso.se\/de\/wp-json\/wp\/v2\/users\/1"}],"replies":[{"embeddable":true,"href":"https:\/\/jogerso.se\/de\/wp-json\/wp\/v2\/comments?post=120050"}],"version-history":[{"count":2,"href":"https:\/\/jogerso.se\/de\/wp-json\/wp\/v2\/pages\/120050\/revisions"}],"predecessor-version":[{"id":120057,"href":"https:\/\/jogerso.se\/de\/wp-json\/wp\/v2\/pages\/120050\/revisions\/120057"}],"wp:attachment":[{"href":"https:\/\/jogerso.se\/de\/wp-json\/wp\/v2\/media?parent=120050"}],"curies":[{"name":"wp","href":"https:\/\/api.w.org\/{rel}","templated":true}]}}