{"id":119820,"date":"2022-11-21T15:14:07","date_gmt":"2022-11-21T14:14:07","guid":{"rendered":"http:\/\/eco.jogerso.se.loopiadns.com\/hallbarhets-och-miljopolicy\/"},"modified":"2022-12-14T10:07:11","modified_gmt":"2022-12-14T09:07:11","slug":"nachhaltigkeit-und-umweltpolitik","status":"publish","type":"page","link":"https:\/\/jogerso.se\/de\/nachhaltigkeit-und-umweltpolitik\/","title":{"rendered":"Nachhaltigkeit und Umweltpolitik"},"content":{"rendered":"<div class=\"wpb-content-wrapper\"><p>[vc_row row_height_percent=&#8220;0&#8243; override_padding=&#8220;yes&#8220; h_padding=&#8220;2&#8243; top_padding=&#8220;5&#8243; bottom_padding=&#8220;5&#8243; overlay_alpha=&#8220;50&#8243; gutter_size=&#8220;4&#8243; column_width_percent=&#8220;100&#8243; shift_y=&#8220;0&#8243; z_index=&#8220;0&#8243; uncode_shortcode_id=&#8220;460073&#8243;][vc_column column_width_percent=&#8220;100&#8243; position_horizontal=&#8220;left&#8220; gutter_size=&#8220;3&#8243; overlay_alpha=&#8220;50&#8243; shift_x=&#8220;0&#8243; shift_y=&#8220;0&#8243; shift_y_down=&#8220;0&#8243; z_index=&#8220;0&#8243; medium_width=&#8220;4&#8243; mobile_width=&#8220;0&#8243; width=&#8220;6\/12&#8243; uncode_shortcode_id=&#8220;108755&#8243;][vc_custom_heading auto_text=&#8220;yes&#8220; heading_semantic=&#8220;h1&#8243; text_size=&#8220;h1&#8243; sub_lead=&#8220;yes&#8220; uncode_shortcode_id=&#8220;158239&#8243;][\/vc_custom_heading][vc_single_image media=&#8220;119622&#8243; media_width_percent=&#8220;100&#8243; shape=&#8220;img-round&#8220; uncode_shortcode_id=&#8220;125772&#8243;][\/vc_column][vc_column column_width_percent=&#8220;100&#8243; gutter_size=&#8220;3&#8243; overlay_alpha=&#8220;50&#8243; shift_x=&#8220;0&#8243; shift_y=&#8220;0&#8243; shift_y_down=&#8220;0&#8243; z_index=&#8220;0&#8243; medium_width=&#8220;4&#8243; mobile_width=&#8220;0&#8243; width=&#8220;6\/12&#8243; uncode_shortcode_id=&#8220;214487&#8243; el_class=&#8220;mobile-padding-top-fix&#8220;][vc_custom_heading uncode_shortcode_id=&#8220;613924&#8243;]Vision &#8211; Jogers\u00f6 Eco Camp[\/vc_custom_heading][vc_column_text text_lead=&#8220;yes&#8220; uncode_shortcode_id=&#8220;215035&#8243;]Das Jogers\u00f6 Eco Camp sollte die offensichtliche Wahl f\u00fcr einen Gast in Ostschweden sein, der einen nachhaltigen Urlaub verbringen m\u00f6chte. Wir wollen die heutige Nachfrage nach gem\u00fctlichem und nat\u00fcrlichem Familiencamping mit vielen Aktivit\u00e4ten befriedigen, ohne zu riskieren, dass die M\u00f6glichkeiten zuk\u00fcnftiger Generationen eingeschr\u00e4nkt werden. Wir sind die letzte Generation, die einen weiteren Klimawandel verhindern kann.[\/vc_column_text][vc_column_text text_lead=&#8220;yes&#8220; uncode_shortcode_id=&#8220;290199&#8243;]Wir haben uns entschieden, unsere Nachhaltigkeitsarbeit in drei Eckpfeiler zu unterteilen:[\/vc_column_text][vc_custom_heading text_font=&#8220;font-339240&#8243; text_weight=&#8220;600&#8243; uncode_shortcode_id=&#8220;156366&#8243;]<\/p>\n<h4><strong>Wir arbeiten mit sozialer Nachhaltigkeit<\/strong><\/h4>\n<p>[\/vc_custom_heading][vc_column_text text_lead=&#8220;yes&#8220; uncode_shortcode_id=&#8220;116165&#8243;]Soziale Nachhaltigkeit bedeutet f\u00fcr uns, dass man bei uns gut leben kann und die Mitarbeiter zufrieden sind und wir ein dichtes Team haben. Jeder ist gleich. Wir unterst\u00fctzen lokale und nachhaltige Lieferanten.[\/vc_column_text][vc_custom_heading text_font=&#8220;font-339240&#8243; text_weight=&#8220;600&#8243; uncode_shortcode_id=&#8220;295912&#8243;]<\/p>\n<h4><strong>Wir arbeiten daran, dass unsere Umwelt nachhaltig ist<\/strong><\/h4>\n<p>[\/vc_custom_heading][vc_column_text text_lead=&#8220;yes&#8220; uncode_shortcode_id=&#8220;102891&#8243;]Wir m\u00fcssen nur umweltfreundliche Produkte verwenden und alles, was geht und funktioniert, recyceln, um zuk\u00fcnftigen Generationen die Chance zu geben, Urlaub zu machen und langfristig in einer schadstofffreien Umwelt zu leben.[\/vc_column_text][vc_custom_heading text_font=&#8220;font-339240&#8243; text_weight=&#8220;600&#8243; uncode_shortcode_id=&#8220;107064&#8243;]<\/p>\n<h4><strong>Wir arbeiten mit nachhaltiger Rentabilit\u00e4t<\/strong><\/h4>\n<p>[\/vc_custom_heading][vc_column_text text_lead=&#8220;yes&#8220; uncode_shortcode_id=&#8220;785312&#8243;]Wir m\u00fcssen energieeffizient sein, wiederverwenden und erneuerbare Materialien verwenden, die Kundennutzen schaffen und gleichzeitig unsere Rentabilit\u00e4t verbessern.[\/vc_column_text][\/vc_column][\/vc_row]<\/p>\n<\/div>","protected":false},"excerpt":{"rendered":"<p>[vc_row row_height_percent=&#8220;0&#8243; override_padding=&#8220;yes&#8220; h_padding=&#8220;2&#8243; top_padding=&#8220;5&#8243; bottom_padding=&#8220;5&#8243; overlay_alpha=&#8220;50&#8243; gutter_size=&#8220;4&#8243; column_width_percent=&#8220;100&#8243; shift_y=&#8220;0&#8243; z_index=&#8220;0&#8243; uncode_shortcode_id=&#8220;460073&#8243;][vc_column column_width_percent=&#8220;100&#8243; position_horizontal=&#8220;left&#8220; gutter_size=&#8220;3&#8243; overlay_alpha=&#8220;50&#8243; shift_x=&#8220;0&#8243; shift_y=&#8220;0&#8243; shift_y_down=&#8220;0&#8243; z_index=&#8220;0&#8243; [&hellip;]<\/p>\n","protected":false},"author":1,"featured_media":0,"parent":0,"menu_order":0,"comment_status":"closed","ping_status":"closed","template":"","meta":{"footnotes":""},"class_list":["post-119820","page","type-page","status-publish","hentry"],"yoast_head":"<!-- This site is optimized with the Yoast SEO plugin v26.0 - https:\/\/yoast.com\/wordpress\/plugins\/seo\/ -->\n<title>Nachhaltigkeit und Umweltpolitik - Jogers\u00f6<\/title>\n<meta name=\"robots\" content=\"index, follow, max-snippet:-1, max-image-preview:large, max-video-preview:-1\" \/>\n<link rel=\"canonical\" href=\"https:\/\/jogerso.se\/de\/nachhaltigkeit-und-umweltpolitik\/\" \/>\n<meta property=\"og:locale\" content=\"de_DE\" \/>\n<meta property=\"og:type\" content=\"article\" \/>\n<meta property=\"og:title\" content=\"Nachhaltigkeit und Umweltpolitik - Jogers\u00f6\" \/>\n<meta property=\"og:description\" content=\"[vc_row row_height_percent=&#8220;0&#8243; override_padding=&#8220;yes&#8220; h_padding=&#8220;2&#8243; top_padding=&#8220;5&#8243; bottom_padding=&#8220;5&#8243; overlay_alpha=&#8220;50&#8243; gutter_size=&#8220;4&#8243; column_width_percent=&#8220;100&#8243; shift_y=&#8220;0&#8243; z_index=&#8220;0&#8243; uncode_shortcode_id=&#8220;460073&#8243;][vc_column column_width_percent=&#8220;100&#8243; position_horizontal=&#8220;left&#8220; gutter_size=&#8220;3&#8243; overlay_alpha=&#8220;50&#8243; shift_x=&#8220;0&#8243; shift_y=&#8220;0&#8243; shift_y_down=&#8220;0&#8243; z_index=&#8220;0&#8243; [&hellip;]\" \/>\n<meta property=\"og:url\" content=\"https:\/\/jogerso.se\/de\/nachhaltigkeit-und-umweltpolitik\/\" \/>\n<meta property=\"og:site_name\" content=\"Jogers\u00f6\" \/>\n<meta property=\"article:modified_time\" content=\"2022-12-14T09:07:11+00:00\" \/>\n<meta property=\"og:image\" content=\"https:\/\/jogerso.se\/wp-content\/uploads\/2026\/03\/jogerso-eco-camp-featured.webp\" \/>\n\t<meta property=\"og:image:width\" content=\"1200\" \/>\n\t<meta property=\"og:image:height\" content=\"675\" \/>\n\t<meta property=\"og:image:type\" content=\"image\/webp\" \/>\n<meta name=\"twitter:card\" content=\"summary_large_image\" \/>\n<meta name=\"twitter:label1\" content=\"Gesch\u00e4tzte Lesezeit\" \/>\n\t<meta name=\"twitter:data1\" content=\"2\u00a0Minuten\" \/>\n<script type=\"application\/ld+json\" class=\"yoast-schema-graph\">{\"@context\":\"https:\/\/schema.org\",\"@graph\":[{\"@type\":\"WebPage\",\"@id\":\"https:\/\/jogerso.se\/de\/nachhaltigkeit-und-umweltpolitik\/\",\"url\":\"https:\/\/jogerso.se\/de\/nachhaltigkeit-und-umweltpolitik\/\",\"name\":\"Nachhaltigkeit und Umweltpolitik - Jogers\u00f6\",\"isPartOf\":{\"@id\":\"https:\/\/jogerso.se\/de\/#website\"},\"datePublished\":\"2022-11-21T14:14:07+00:00\",\"dateModified\":\"2022-12-14T09:07:11+00:00\",\"breadcrumb\":{\"@id\":\"https:\/\/jogerso.se\/de\/nachhaltigkeit-und-umweltpolitik\/#breadcrumb\"},\"inLanguage\":\"de\",\"potentialAction\":[{\"@type\":\"ReadAction\",\"target\":[\"https:\/\/jogerso.se\/de\/nachhaltigkeit-und-umweltpolitik\/\"]}]},{\"@type\":\"BreadcrumbList\",\"@id\":\"https:\/\/jogerso.se\/de\/nachhaltigkeit-und-umweltpolitik\/#breadcrumb\",\"itemListElement\":[{\"@type\":\"ListItem\",\"position\":1,\"name\":\"Home\",\"item\":\"https:\/\/jogerso.se\/de\/\"},{\"@type\":\"ListItem\",\"position\":2,\"name\":\"Nachhaltigkeit und Umweltpolitik\"}]},{\"@type\":\"WebSite\",\"@id\":\"https:\/\/jogerso.se\/de\/#website\",\"url\":\"https:\/\/jogerso.se\/de\/\",\"name\":\"Jogers\u00f6\",\"description\":\"Eco Camp\",\"potentialAction\":[{\"@type\":\"SearchAction\",\"target\":{\"@type\":\"EntryPoint\",\"urlTemplate\":\"https:\/\/jogerso.se\/de\/?s={search_term_string}\"},\"query-input\":{\"@type\":\"PropertyValueSpecification\",\"valueRequired\":true,\"valueName\":\"search_term_string\"}}],\"inLanguage\":\"de\"}]}<\/script>\n<!-- \/ Yoast SEO plugin. -->","yoast_head_json":{"title":"Nachhaltigkeit und Umweltpolitik - Jogers\u00f6","robots":{"index":"index","follow":"follow","max-snippet":"max-snippet:-1","max-image-preview":"max-image-preview:large","max-video-preview":"max-video-preview:-1"},"canonical":"https:\/\/jogerso.se\/de\/nachhaltigkeit-und-umweltpolitik\/","og_locale":"de_DE","og_type":"article","og_title":"Nachhaltigkeit und Umweltpolitik - Jogers\u00f6","og_description":"[vc_row row_height_percent=&#8220;0&#8243; override_padding=&#8220;yes&#8220; h_padding=&#8220;2&#8243; top_padding=&#8220;5&#8243; bottom_padding=&#8220;5&#8243; overlay_alpha=&#8220;50&#8243; gutter_size=&#8220;4&#8243; column_width_percent=&#8220;100&#8243; shift_y=&#8220;0&#8243; z_index=&#8220;0&#8243; uncode_shortcode_id=&#8220;460073&#8243;][vc_column column_width_percent=&#8220;100&#8243; position_horizontal=&#8220;left&#8220; gutter_size=&#8220;3&#8243; overlay_alpha=&#8220;50&#8243; shift_x=&#8220;0&#8243; shift_y=&#8220;0&#8243; shift_y_down=&#8220;0&#8243; z_index=&#8220;0&#8243; [&hellip;]","og_url":"https:\/\/jogerso.se\/de\/nachhaltigkeit-und-umweltpolitik\/","og_site_name":"Jogers\u00f6","article_modified_time":"2022-12-14T09:07:11+00:00","og_image":[{"width":1200,"height":675,"url":"https:\/\/jogerso.se\/wp-content\/uploads\/2026\/03\/jogerso-eco-camp-featured.webp","type":"image\/webp"}],"twitter_card":"summary_large_image","twitter_misc":{"Gesch\u00e4tzte Lesezeit":"2\u00a0Minuten"},"schema":{"@context":"https:\/\/schema.org","@graph":[{"@type":"WebPage","@id":"https:\/\/jogerso.se\/de\/nachhaltigkeit-und-umweltpolitik\/","url":"https:\/\/jogerso.se\/de\/nachhaltigkeit-und-umweltpolitik\/","name":"Nachhaltigkeit und Umweltpolitik - Jogers\u00f6","isPartOf":{"@id":"https:\/\/jogerso.se\/de\/#website"},"datePublished":"2022-11-21T14:14:07+00:00","dateModified":"2022-12-14T09:07:11+00:00","breadcrumb":{"@id":"https:\/\/jogerso.se\/de\/nachhaltigkeit-und-umweltpolitik\/#breadcrumb"},"inLanguage":"de","potentialAction":[{"@type":"ReadAction","target":["https:\/\/jogerso.se\/de\/nachhaltigkeit-und-umweltpolitik\/"]}]},{"@type":"BreadcrumbList","@id":"https:\/\/jogerso.se\/de\/nachhaltigkeit-und-umweltpolitik\/#breadcrumb","itemListElement":[{"@type":"ListItem","position":1,"name":"Home","item":"https:\/\/jogerso.se\/de\/"},{"@type":"ListItem","position":2,"name":"Nachhaltigkeit und Umweltpolitik"}]},{"@type":"WebSite","@id":"https:\/\/jogerso.se\/de\/#website","url":"https:\/\/jogerso.se\/de\/","name":"Jogers\u00f6","description":"Eco Camp","potentialAction":[{"@type":"SearchAction","target":{"@type":"EntryPoint","urlTemplate":"https:\/\/jogerso.se\/de\/?s={search_term_string}"},"query-input":{"@type":"PropertyValueSpecification","valueRequired":true,"valueName":"search_term_string"}}],"inLanguage":"de"}]}},"_links":{"self":[{"href":"https:\/\/jogerso.se\/de\/wp-json\/wp\/v2\/pages\/119820","targetHints":{"allow":["GET"]}}],"collection":[{"href":"https:\/\/jogerso.se\/de\/wp-json\/wp\/v2\/pages"}],"about":[{"href":"https:\/\/jogerso.se\/de\/wp-json\/wp\/v2\/types\/page"}],"author":[{"embeddable":true,"href":"https:\/\/jogerso.se\/de\/wp-json\/wp\/v2\/users\/1"}],"replies":[{"embeddable":true,"href":"https:\/\/jogerso.se\/de\/wp-json\/wp\/v2\/comments?post=119820"}],"version-history":[{"count":4,"href":"https:\/\/jogerso.se\/de\/wp-json\/wp\/v2\/pages\/119820\/revisions"}],"predecessor-version":[{"id":119828,"href":"https:\/\/jogerso.se\/de\/wp-json\/wp\/v2\/pages\/119820\/revisions\/119828"}],"wp:attachment":[{"href":"https:\/\/jogerso.se\/de\/wp-json\/wp\/v2\/media?parent=119820"}],"curies":[{"name":"wp","href":"https:\/\/api.w.org\/{rel}","templated":true}]}}