{"id":119811,"date":"2022-11-21T18:06:12","date_gmt":"2022-11-21T17:06:12","guid":{"rendered":"http:\/\/eco.jogerso.se.loopiadns.com\/faq\/"},"modified":"2022-12-14T10:46:11","modified_gmt":"2022-12-14T09:46:11","slug":"faq","status":"publish","type":"page","link":"https:\/\/jogerso.se\/de\/faq\/","title":{"rendered":"FAQ"},"content":{"rendered":"<div class=\"wpb-content-wrapper\"><p>[vc_row row_height_percent=&#8220;0&#8243; override_padding=&#8220;yes&#8220; h_padding=&#8220;2&#8243; top_padding=&#8220;5&#8243; bottom_padding=&#8220;5&#8243; overlay_alpha=&#8220;50&#8243; gutter_size=&#8220;4&#8243; column_width_percent=&#8220;100&#8243; shift_y=&#8220;0&#8243; z_index=&#8220;0&#8243; uncode_shortcode_id=&#8220;506420&#8243;][vc_column column_width_percent=&#8220;100&#8243; position_horizontal=&#8220;left&#8220; gutter_size=&#8220;3&#8243; overlay_alpha=&#8220;50&#8243; shift_x=&#8220;0&#8243; shift_y=&#8220;0&#8243; shift_y_down=&#8220;0&#8243; z_index=&#8220;0&#8243; medium_width=&#8220;4&#8243; mobile_width=&#8220;0&#8243; width=&#8220;6\/12&#8243; uncode_shortcode_id=&#8220;108755&#8243;][vc_custom_heading heading_semantic=&#8220;h1&#8243; text_size=&#8220;h1&#8243; sub_lead=&#8220;yes&#8220; uncode_shortcode_id=&#8220;832684&#8243;]FAQ \u2013 allgemeine Fragen und Antworten[\/vc_custom_heading][\/vc_column][vc_column column_width_percent=&#8220;100&#8243; gutter_size=&#8220;3&#8243; overlay_alpha=&#8220;50&#8243; shift_x=&#8220;0&#8243; shift_y=&#8220;0&#8243; shift_y_down=&#8220;0&#8243; z_index=&#8220;0&#8243; medium_width=&#8220;4&#8243; mobile_width=&#8220;0&#8243; width=&#8220;6\/12&#8243; uncode_shortcode_id=&#8220;109326&#8243; el_class=&#8220;mobile-padding-top-fix&#8220;][vc_column_text text_lead=&#8220;yes&#8220; uncode_shortcode_id=&#8220;970061&#8243;]Hier haben wir die am h\u00e4ufigsten gestellten Fragen gesammelt.[\/vc_column_text][\/vc_column][\/vc_row][vc_row row_height_percent=&#8220;0&#8243; override_padding=&#8220;yes&#8220; h_padding=&#8220;2&#8243; top_padding=&#8220;3&#8243; bottom_padding=&#8220;2&#8243; overlay_alpha=&#8220;50&#8243; gutter_size=&#8220;4&#8243; column_width_percent=&#8220;100&#8243; shift_y=&#8220;0&#8243; z_index=&#8220;0&#8243; uncode_shortcode_id=&#8220;136566&#8243; row_name=&#8220;boende&#8220;][vc_column column_width_percent=&#8220;100&#8243; gutter_size=&#8220;4&#8243; overlay_alpha=&#8220;50&#8243; shift_x=&#8220;0&#8243; shift_y=&#8220;0&#8243; shift_y_down=&#8220;0&#8243; z_index=&#8220;0&#8243; medium_width=&#8220;0&#8243; mobile_width=&#8220;0&#8243; width=&#8220;1\/1&#8243; uncode_shortcode_id=&#8220;206934&#8243;][vc_custom_heading text_size=&#8220;h1&#8243; uncode_shortcode_id=&#8220;159087&#8243;]Leben auf Jogers\u00f6[\/vc_custom_heading][vc_accordion active_tab=&#8220;999&#8243;][vc_accordion_tab gutter_size=&#8220;2&#8243; column_padding=&#8220;2&#8243; title=&#8220;Frage 1&#8243; tab_id=&#8220;1669147053-1-87&#8243;][vc_column_text uncode_shortcode_id=&#8220;748014&#8243;]Frage: Ich muss W\u00e4sche waschen, gibt es auf dem Campingplatz W\u00e4schem\u00f6glichkeiten?<br \/>\nAntwort: Ja, hier k\u00f6nnen Sie alle unsere <a href=\"https:\/\/jogerso.se\/de\/optional\/\">Optionen<\/a> nachlesen.[\/vc_column_text][\/vc_accordion_tab][vc_accordion_tab gutter_size=&#8220;2&#8243; column_padding=&#8220;2&#8243; title=&#8220;Frage 2&#8243; tab_id=&#8220;1669147053-2-7&#8243;][vc_column_text uncode_shortcode_id=&#8220;930723&#8243;]Frage: Gibt es auf Jogers\u00f6 ein Lebensmittelgesch\u00e4ft?<br \/>\nAntwort: Wir haben eine kleine Auswahl an Waren in unserem Shop an der Rezeption. Im Zentrum von Oxel\u00f6sund stehen mehrere Lebensmittelgesch\u00e4fte zur Auswahl.[\/vc_column_text][\/vc_accordion_tab][\/vc_accordion][\/vc_column][\/vc_row][vc_row row_height_percent=&#8220;0&#8243; override_padding=&#8220;yes&#8220; h_padding=&#8220;2&#8243; top_padding=&#8220;3&#8243; bottom_padding=&#8220;2&#8243; overlay_alpha=&#8220;50&#8243; gutter_size=&#8220;4&#8243; column_width_percent=&#8220;100&#8243; shift_y=&#8220;0&#8243; z_index=&#8220;0&#8243; uncode_shortcode_id=&#8220;185196&#8243; row_name=&#8220;bokning&#8220;][vc_column column_width_percent=&#8220;100&#8243; gutter_size=&#8220;4&#8243; overlay_alpha=&#8220;50&#8243; shift_x=&#8220;0&#8243; shift_y=&#8220;0&#8243; shift_y_down=&#8220;0&#8243; z_index=&#8220;0&#8243; medium_width=&#8220;0&#8243; mobile_width=&#8220;0&#8243; width=&#8220;1\/1&#8243; uncode_shortcode_id=&#8220;163484&#8243;][vc_custom_heading text_size=&#8220;h1&#8243; uncode_shortcode_id=&#8220;117448&#8243;]Reservierung[\/vc_custom_heading][vc_accordion active_tab=&#8220;999&#8243;][vc_accordion_tab gutter_size=&#8220;2&#8243; column_padding=&#8220;2&#8243; title=&#8220;Frage 1&#8243; tab_id=&#8220;1669149533016-2-7&#8243;][vc_column_text uncode_shortcode_id=&#8220;738651&#8243;]Frage: Ich muss meinen Aufenthalt bei Ihnen stornieren, wie mache ich das?<\/p>\n<p>Antwort: Hier k\u00f6nnen Sie unsere<a href=\"https:\/\/jogerso.se\/de\/leben\/stornierung\/\">Stornierungsregeln<\/a> nachlesen.[\/vc_column_text][\/vc_accordion_tab][vc_accordion_tab gutter_size=&#8220;2&#8243; column_padding=&#8220;2&#8243; title=&#8220;Frage 2&#8243; tab_id=&#8220;1669149560967-1-10&#8243;][vc_column_text uncode_shortcode_id=&#8220;561400&#8243;]Frage: K\u00f6nnen Sie die Reinigung der Kabine buchen?<br \/>\nAntwort: Ja, Sie k\u00f6nnen die endg\u00fcltige Stadt bei der Reservierung buchen.[\/vc_column_text][\/vc_accordion_tab][\/vc_accordion][\/vc_column][\/vc_row][vc_row row_height_percent=&#8220;0&#8243; override_padding=&#8220;yes&#8220; h_padding=&#8220;2&#8243; top_padding=&#8220;3&#8243; bottom_padding=&#8220;2&#8243; overlay_alpha=&#8220;50&#8243; gutter_size=&#8220;4&#8243; column_width_percent=&#8220;100&#8243; shift_y=&#8220;0&#8243; z_index=&#8220;0&#8243; uncode_shortcode_id=&#8220;185196&#8243; row_name=&#8220;bokning&#8220;][vc_column column_width_percent=&#8220;100&#8243; gutter_size=&#8220;4&#8243; overlay_alpha=&#8220;50&#8243; shift_x=&#8220;0&#8243; shift_y=&#8220;0&#8243; shift_y_down=&#8220;0&#8243; z_index=&#8220;0&#8243; medium_width=&#8220;0&#8243; mobile_width=&#8220;0&#8243; width=&#8220;1\/1&#8243; uncode_shortcode_id=&#8220;163484&#8243;][vc_custom_heading text_size=&#8220;h1&#8243; uncode_shortcode_id=&#8220;498476&#8243;]Sonstiges[\/vc_custom_heading][vc_accordion active_tab=&#8220;999&#8243;][vc_accordion_tab gutter_size=&#8220;2&#8243; column_padding=&#8220;2&#8243; title=&#8220;Frage 1&#8243; tab_id=&#8220;1669149533016-2-71670401315117&#8243;][vc_column_text uncode_shortcode_id=&#8220;418714&#8243;]Gibt es R\u00e4umlichkeiten f\u00fcr Geburtstagsfeiern zu mieten?<\/p>\n<p>Antwort: Ja, es gibt einen Besprechungs- und Partyraum:<br \/>\nBuchbar f\u00fcr ALLE in der Nebensaison 23.08.-06.2022<br \/>\nHalber Tag 400 SEK, ganzer Tag 800 SEK<br \/>\nF\u00fcr die Unterbringung auf dem Campingplatz:<br \/>\nHalber Tag 300 SEK, ganzer Tag 700 SEK[\/vc_column_text][\/vc_accordion_tab][vc_accordion_tab gutter_size=&#8220;2&#8243; column_padding=&#8220;2&#8243; title=&#8220;Frage 2&#8243; tab_id=&#8220;1669149560967-1-101670401315117&#8243;][vc_column_text uncode_shortcode_id=&#8220;214351&#8243;]Frage: Gibt es B\u00e4der in der N\u00e4he?<br \/>\nAntwort: Ja, wir haben S\u00f6rmlands gr\u00f6\u00dftes Meeresbad auf Jogers\u00f6 neben dem Campingplatz.[\/vc_column_text][\/vc_accordion_tab][\/vc_accordion][\/vc_column][\/vc_row][vc_row][vc_column width=&#8220;1\/1&#8243;][vc_empty_space empty_h=&#8220;3&#8243;][\/vc_column][\/vc_row]<\/p>\n<\/div>","protected":false},"excerpt":{"rendered":"<p>[vc_row row_height_percent=&#8220;0&#8243; override_padding=&#8220;yes&#8220; h_padding=&#8220;2&#8243; top_padding=&#8220;5&#8243; bottom_padding=&#8220;5&#8243; overlay_alpha=&#8220;50&#8243; gutter_size=&#8220;4&#8243; column_width_percent=&#8220;100&#8243; shift_y=&#8220;0&#8243; z_index=&#8220;0&#8243; uncode_shortcode_id=&#8220;506420&#8243;][vc_column column_width_percent=&#8220;100&#8243; position_horizontal=&#8220;left&#8220; gutter_size=&#8220;3&#8243; overlay_alpha=&#8220;50&#8243; shift_x=&#8220;0&#8243; shift_y=&#8220;0&#8243; shift_y_down=&#8220;0&#8243; z_index=&#8220;0&#8243; [&hellip;]<\/p>\n","protected":false},"author":1,"featured_media":0,"parent":0,"menu_order":0,"comment_status":"closed","ping_status":"closed","template":"","meta":{"footnotes":""},"class_list":["post-119811","page","type-page","status-publish","hentry"],"yoast_head":"<!-- This site is optimized with the Yoast SEO plugin v26.0 - https:\/\/yoast.com\/wordpress\/plugins\/seo\/ -->\n<title>FAQ - Jogers\u00f6<\/title>\n<meta name=\"robots\" content=\"index, follow, max-snippet:-1, max-image-preview:large, max-video-preview:-1\" \/>\n<link rel=\"canonical\" href=\"https:\/\/jogerso.se\/de\/faq\/\" \/>\n<meta property=\"og:locale\" content=\"de_DE\" \/>\n<meta property=\"og:type\" content=\"article\" \/>\n<meta property=\"og:title\" content=\"FAQ - Jogers\u00f6\" \/>\n<meta property=\"og:description\" content=\"[vc_row row_height_percent=&#8220;0&#8243; override_padding=&#8220;yes&#8220; h_padding=&#8220;2&#8243; top_padding=&#8220;5&#8243; bottom_padding=&#8220;5&#8243; overlay_alpha=&#8220;50&#8243; gutter_size=&#8220;4&#8243; column_width_percent=&#8220;100&#8243; shift_y=&#8220;0&#8243; z_index=&#8220;0&#8243; uncode_shortcode_id=&#8220;506420&#8243;][vc_column column_width_percent=&#8220;100&#8243; position_horizontal=&#8220;left&#8220; gutter_size=&#8220;3&#8243; overlay_alpha=&#8220;50&#8243; shift_x=&#8220;0&#8243; shift_y=&#8220;0&#8243; shift_y_down=&#8220;0&#8243; z_index=&#8220;0&#8243; [&hellip;]\" \/>\n<meta property=\"og:url\" content=\"https:\/\/jogerso.se\/de\/faq\/\" \/>\n<meta property=\"og:site_name\" content=\"Jogers\u00f6\" \/>\n<meta property=\"article:modified_time\" content=\"2022-12-14T09:46:11+00:00\" \/>\n<meta property=\"og:image\" content=\"https:\/\/jogerso.se\/wp-content\/uploads\/2026\/03\/jogerso-eco-camp-featured.webp\" \/>\n\t<meta property=\"og:image:width\" content=\"1200\" \/>\n\t<meta property=\"og:image:height\" content=\"675\" \/>\n\t<meta property=\"og:image:type\" content=\"image\/webp\" \/>\n<meta name=\"twitter:card\" content=\"summary_large_image\" \/>\n<meta name=\"twitter:label1\" content=\"Gesch\u00e4tzte Lesezeit\" \/>\n\t<meta name=\"twitter:data1\" content=\"2\u00a0Minuten\" \/>\n<script type=\"application\/ld+json\" class=\"yoast-schema-graph\">{\"@context\":\"https:\/\/schema.org\",\"@graph\":[{\"@type\":\"WebPage\",\"@id\":\"https:\/\/jogerso.se\/de\/faq\/\",\"url\":\"https:\/\/jogerso.se\/de\/faq\/\",\"name\":\"FAQ - Jogers\u00f6\",\"isPartOf\":{\"@id\":\"https:\/\/jogerso.se\/de\/#website\"},\"datePublished\":\"2022-11-21T17:06:12+00:00\",\"dateModified\":\"2022-12-14T09:46:11+00:00\",\"breadcrumb\":{\"@id\":\"https:\/\/jogerso.se\/de\/faq\/#breadcrumb\"},\"inLanguage\":\"de\",\"potentialAction\":[{\"@type\":\"ReadAction\",\"target\":[\"https:\/\/jogerso.se\/de\/faq\/\"]}]},{\"@type\":\"BreadcrumbList\",\"@id\":\"https:\/\/jogerso.se\/de\/faq\/#breadcrumb\",\"itemListElement\":[{\"@type\":\"ListItem\",\"position\":1,\"name\":\"Home\",\"item\":\"https:\/\/jogerso.se\/de\/\"},{\"@type\":\"ListItem\",\"position\":2,\"name\":\"FAQ\"}]},{\"@type\":\"WebSite\",\"@id\":\"https:\/\/jogerso.se\/de\/#website\",\"url\":\"https:\/\/jogerso.se\/de\/\",\"name\":\"Jogers\u00f6\",\"description\":\"Eco Camp\",\"potentialAction\":[{\"@type\":\"SearchAction\",\"target\":{\"@type\":\"EntryPoint\",\"urlTemplate\":\"https:\/\/jogerso.se\/de\/?s={search_term_string}\"},\"query-input\":{\"@type\":\"PropertyValueSpecification\",\"valueRequired\":true,\"valueName\":\"search_term_string\"}}],\"inLanguage\":\"de\"}]}<\/script>\n<!-- \/ Yoast SEO plugin. -->","yoast_head_json":{"title":"FAQ - Jogers\u00f6","robots":{"index":"index","follow":"follow","max-snippet":"max-snippet:-1","max-image-preview":"max-image-preview:large","max-video-preview":"max-video-preview:-1"},"canonical":"https:\/\/jogerso.se\/de\/faq\/","og_locale":"de_DE","og_type":"article","og_title":"FAQ - Jogers\u00f6","og_description":"[vc_row row_height_percent=&#8220;0&#8243; override_padding=&#8220;yes&#8220; h_padding=&#8220;2&#8243; top_padding=&#8220;5&#8243; bottom_padding=&#8220;5&#8243; overlay_alpha=&#8220;50&#8243; gutter_size=&#8220;4&#8243; column_width_percent=&#8220;100&#8243; shift_y=&#8220;0&#8243; z_index=&#8220;0&#8243; uncode_shortcode_id=&#8220;506420&#8243;][vc_column column_width_percent=&#8220;100&#8243; position_horizontal=&#8220;left&#8220; gutter_size=&#8220;3&#8243; overlay_alpha=&#8220;50&#8243; shift_x=&#8220;0&#8243; shift_y=&#8220;0&#8243; shift_y_down=&#8220;0&#8243; z_index=&#8220;0&#8243; [&hellip;]","og_url":"https:\/\/jogerso.se\/de\/faq\/","og_site_name":"Jogers\u00f6","article_modified_time":"2022-12-14T09:46:11+00:00","og_image":[{"width":1200,"height":675,"url":"https:\/\/jogerso.se\/wp-content\/uploads\/2026\/03\/jogerso-eco-camp-featured.webp","type":"image\/webp"}],"twitter_card":"summary_large_image","twitter_misc":{"Gesch\u00e4tzte Lesezeit":"2\u00a0Minuten"},"schema":{"@context":"https:\/\/schema.org","@graph":[{"@type":"WebPage","@id":"https:\/\/jogerso.se\/de\/faq\/","url":"https:\/\/jogerso.se\/de\/faq\/","name":"FAQ - Jogers\u00f6","isPartOf":{"@id":"https:\/\/jogerso.se\/de\/#website"},"datePublished":"2022-11-21T17:06:12+00:00","dateModified":"2022-12-14T09:46:11+00:00","breadcrumb":{"@id":"https:\/\/jogerso.se\/de\/faq\/#breadcrumb"},"inLanguage":"de","potentialAction":[{"@type":"ReadAction","target":["https:\/\/jogerso.se\/de\/faq\/"]}]},{"@type":"BreadcrumbList","@id":"https:\/\/jogerso.se\/de\/faq\/#breadcrumb","itemListElement":[{"@type":"ListItem","position":1,"name":"Home","item":"https:\/\/jogerso.se\/de\/"},{"@type":"ListItem","position":2,"name":"FAQ"}]},{"@type":"WebSite","@id":"https:\/\/jogerso.se\/de\/#website","url":"https:\/\/jogerso.se\/de\/","name":"Jogers\u00f6","description":"Eco Camp","potentialAction":[{"@type":"SearchAction","target":{"@type":"EntryPoint","urlTemplate":"https:\/\/jogerso.se\/de\/?s={search_term_string}"},"query-input":{"@type":"PropertyValueSpecification","valueRequired":true,"valueName":"search_term_string"}}],"inLanguage":"de"}]}},"_links":{"self":[{"href":"https:\/\/jogerso.se\/de\/wp-json\/wp\/v2\/pages\/119811","targetHints":{"allow":["GET"]}}],"collection":[{"href":"https:\/\/jogerso.se\/de\/wp-json\/wp\/v2\/pages"}],"about":[{"href":"https:\/\/jogerso.se\/de\/wp-json\/wp\/v2\/types\/page"}],"author":[{"embeddable":true,"href":"https:\/\/jogerso.se\/de\/wp-json\/wp\/v2\/users\/1"}],"replies":[{"embeddable":true,"href":"https:\/\/jogerso.se\/de\/wp-json\/wp\/v2\/comments?post=119811"}],"version-history":[{"count":3,"href":"https:\/\/jogerso.se\/de\/wp-json\/wp\/v2\/pages\/119811\/revisions"}],"predecessor-version":[{"id":119846,"href":"https:\/\/jogerso.se\/de\/wp-json\/wp\/v2\/pages\/119811\/revisions\/119846"}],"wp:attachment":[{"href":"https:\/\/jogerso.se\/de\/wp-json\/wp\/v2\/media?parent=119811"}],"curies":[{"name":"wp","href":"https:\/\/api.w.org\/{rel}","templated":true}]}}