{"id":119640,"date":"2022-12-02T14:45:42","date_gmt":"2022-12-02T13:45:42","guid":{"rendered":"http:\/\/eco.jogerso.se.loopiadns.com\/upplevelser\/"},"modified":"2022-12-14T13:53:38","modified_gmt":"2022-12-14T12:53:38","slug":"erlebnisse","status":"publish","type":"page","link":"https:\/\/jogerso.se\/de\/erlebnisse\/","title":{"rendered":"Erlebnisse"},"content":{"rendered":"<div class=\"wpb-content-wrapper\"><p>[vc_row row_height_percent=&#8220;0&#8243; override_padding=&#8220;yes&#8220; h_padding=&#8220;2&#8243; top_padding=&#8220;5&#8243; bottom_padding=&#8220;5&#8243; overlay_alpha=&#8220;50&#8243; equal_height=&#8220;yes&#8220; gutter_size=&#8220;4&#8243; column_width_percent=&#8220;100&#8243; shift_y=&#8220;0&#8243; z_index=&#8220;0&#8243; inverted_device_order=&#8220;yes&#8220; uncode_shortcode_id=&#8220;160462&#8243; row_name=&#8220;info&#8220;][vc_column column_width_percent=&#8220;100&#8243; position_horizontal=&#8220;left&#8220; position_vertical=&#8220;middle&#8220; gutter_size=&#8220;3&#8243; overlay_alpha=&#8220;50&#8243; shift_x=&#8220;0&#8243; shift_y=&#8220;0&#8243; shift_y_down=&#8220;0&#8243; z_index=&#8220;0&#8243; medium_width=&#8220;4&#8243; mobile_width=&#8220;0&#8243; width=&#8220;6\/12&#8243; uncode_shortcode_id=&#8220;904288&#8243;][vc_custom_heading heading_semantic=&#8220;h1&#8243; text_size=&#8220;h1&#8243; sub_lead=&#8220;yes&#8220; uncode_shortcode_id=&#8220;174308&#8243;]Erlebnisse auf Jogers\u00f6[\/vc_custom_heading][vc_column_text text_lead=&#8220;yes&#8220; uncode_shortcode_id=&#8220;322023&#8243;]Auf der Insel Jogers\u00f6 und in der Umgebung gibt es viel zu erleben.[\/vc_column_text][vc_custom_heading text_size=&#8220;h4&#8243; sub_lead=&#8220;yes&#8220; uncode_shortcode_id=&#8220;792747&#8243;]Erlebnisse in der N\u00e4he[\/vc_custom_heading][vc_column_text text_lead=&#8220;yes&#8220; uncode_shortcode_id=&#8220;146026&#8243;]Jogers\u00f6 liegt in Oxel\u00f6sund, einer kleinen Stadt in den Sch\u00e4ren mit viel Geschichte. In der N\u00e4he gibt es viele Aktivit\u00e4ten f\u00fcr sonnige und regnerische Tage.[\/vc_column_text][vc_empty_space empty_h=&#8220;0&#8243;][vc_button button_color=&#8220;color-482803&#8243; size=&#8220;btn-lg&#8220; text_skin=&#8220;yes&#8220; border_width=&#8220;0&#8243; display=&#8220;inline&#8220; link=&#8220;url:%23erlebnisse&#8220; uncode_shortcode_id=&#8220;936853&#8243; button_color_type=&#8220;uncode-palette&#8220;]Erlebnisse zeigen[\/vc_button][\/vc_column][vc_column column_width_percent=&#8220;100&#8243; gutter_size=&#8220;3&#8243; overlay_alpha=&#8220;50&#8243; shift_x=&#8220;0&#8243; shift_y=&#8220;0&#8243; shift_y_down=&#8220;0&#8243; z_index=&#8220;0&#8243; medium_width=&#8220;4&#8243; mobile_width=&#8220;0&#8243; width=&#8220;6\/12&#8243; uncode_shortcode_id=&#8220;710163&#8243;][vc_gallery el_id=&#8220;gallery-5561434657&#8243; type=&#8220;carousel&#8220; medias=&#8220;118130,119150,119049,118131,118139&#8243; carousel_lg=&#8220;1&#8243; carousel_md=&#8220;1&#8243; carousel_sm=&#8220;1&#8243; thumb_size=&#8220;one-one&#8220; gutter_size=&#8220;3&#8243; media_items=&#8220;media|nolink|original&#8220; carousel_height=&#8220;equal&#8220; carousel_interval=&#8220;3000&#8243; carousel_navspeed=&#8220;400&#8243; carousel_loop=&#8220;yes&#8220; carousel_dots=&#8220;yes&#8220; carousel_dots_mobile=&#8220;yes&#8220; stage_padding=&#8220;0&#8243; single_text=&#8220;under&#8220; single_shape=&#8220;round&#8220; radius=&#8220;lg&#8220; single_overlay_opacity=&#8220;50&#8243; single_overlay_anim=&#8220;no&#8220; single_text_anim=&#8220;no&#8220; single_image_anim=&#8220;no&#8220; single_padding=&#8220;2&#8243; single_border=&#8220;yes&#8220; no_double_tap=&#8220;yes&#8220; uncode_shortcode_id=&#8220;114523&#8243;][\/vc_column][\/vc_row][vc_row row_height_percent=&#8220;0&#8243; override_padding=&#8220;yes&#8220; h_padding=&#8220;2&#8243; top_padding=&#8220;3&#8243; bottom_padding=&#8220;3&#8243; back_color=&#8220;color-393696&#8243; overlay_alpha=&#8220;20&#8243; gutter_size=&#8220;2&#8243; column_width_percent=&#8220;100&#8243; shift_y=&#8220;0&#8243; z_index=&#8220;0&#8243; uncode_shortcode_id=&#8220;120539&#8243; back_color_type=&#8220;uncode-palette&#8220; row_name=&#8220;erlebnisse&#8220; shape_dividers=&#8220;&#8220;][vc_column column_width_percent=&#8220;100&#8243; gutter_size=&#8220;4&#8243; overlay_alpha=&#8220;50&#8243; shift_x=&#8220;0&#8243; shift_y=&#8220;0&#8243; shift_y_down=&#8220;0&#8243; z_index=&#8220;0&#8243; medium_width=&#8220;0&#8243; mobile_width=&#8220;0&#8243; width=&#8220;1\/1&#8243; uncode_shortcode_id=&#8220;525888&#8243;][uncode_index el_id=&#8220;index-220857860&#8243; loop=&#8220;size:All|order_by:rand|post_type:upplevelse|tax_query:97,96|taxonomy_count:10&#8243; screen_lg=&#8220;1000&#8243; screen_md=&#8220;600&#8243; screen_sm=&#8220;480&#8243; filtering=&#8220;yes&#8220; gutter_size=&#8220;3&#8243; post_items=&#8220;media|featured|onpost|poster,date,title,text|excerpt|90,category|bordered|topright|hide-icon&#8220; portfolio_items=&#8220;media|featured|onpost|original,title&#8220; upplevelse_items=&#8220;media|featured|onpost|original,title,text|excerpt,spacer|one,link|link|default_size|Weiter lesen&#8220; single_back_color=&#8220;color-xsdn&#8220; single_shape=&#8220;round&#8220; radius=&#8220;lg&#8220; single_overlay_opacity=&#8220;1&#8243; single_padding=&#8220;2&#8243; single_title_dimension=&#8220;h3&#8243; single_border=&#8220;yes&#8220; no_double_tap=&#8220;yes&#8220; aktivitet_items=&#8220;media|featured|onpost|original,title,text|excerpt,spacer|one,link|link|small_size|Visa aktivitet,category|nobg|relative|display-icon&#8220; uncode_shortcode_id=&#8220;371212&#8243;][\/vc_column][\/vc_row]<\/p>\n<\/div>","protected":false},"excerpt":{"rendered":"<p>[vc_row row_height_percent=&#8220;0&#8243; override_padding=&#8220;yes&#8220; h_padding=&#8220;2&#8243; top_padding=&#8220;5&#8243; bottom_padding=&#8220;5&#8243; overlay_alpha=&#8220;50&#8243; equal_height=&#8220;yes&#8220; gutter_size=&#8220;4&#8243; column_width_percent=&#8220;100&#8243; shift_y=&#8220;0&#8243; z_index=&#8220;0&#8243; inverted_device_order=&#8220;yes&#8220; uncode_shortcode_id=&#8220;160462&#8243; row_name=&#8220;info&#8220;][vc_column column_width_percent=&#8220;100&#8243; position_horizontal=&#8220;left&#8220; position_vertical=&#8220;middle&#8220; gutter_size=&#8220;3&#8243; overlay_alpha=&#8220;50&#8243; [&hellip;]<\/p>\n","protected":false},"author":6,"featured_media":119145,"parent":0,"menu_order":0,"comment_status":"closed","ping_status":"closed","template":"","meta":{"footnotes":""},"class_list":["post-119640","page","type-page","status-publish","has-post-thumbnail","hentry"],"yoast_head":"<!-- This site is optimized with the Yoast SEO plugin v26.0 - https:\/\/yoast.com\/wordpress\/plugins\/seo\/ -->\n<title>Erlebnisse - Jogers\u00f6<\/title>\n<meta name=\"robots\" content=\"index, follow, max-snippet:-1, max-image-preview:large, max-video-preview:-1\" \/>\n<link rel=\"canonical\" href=\"https:\/\/jogerso.se\/de\/erlebnisse\/\" \/>\n<meta property=\"og:locale\" content=\"de_DE\" \/>\n<meta property=\"og:type\" content=\"article\" \/>\n<meta property=\"og:title\" content=\"Erlebnisse - Jogers\u00f6\" \/>\n<meta property=\"og:description\" content=\"[vc_row row_height_percent=&#8220;0&#8243; override_padding=&#8220;yes&#8220; h_padding=&#8220;2&#8243; top_padding=&#8220;5&#8243; bottom_padding=&#8220;5&#8243; overlay_alpha=&#8220;50&#8243; equal_height=&#8220;yes&#8220; gutter_size=&#8220;4&#8243; column_width_percent=&#8220;100&#8243; shift_y=&#8220;0&#8243; z_index=&#8220;0&#8243; inverted_device_order=&#8220;yes&#8220; uncode_shortcode_id=&#8220;160462&#8243; row_name=&#8220;info&#8220;][vc_column column_width_percent=&#8220;100&#8243; position_horizontal=&#8220;left&#8220; position_vertical=&#8220;middle&#8220; gutter_size=&#8220;3&#8243; overlay_alpha=&#8220;50&#8243; [&hellip;]\" \/>\n<meta property=\"og:url\" content=\"https:\/\/jogerso.se\/de\/erlebnisse\/\" \/>\n<meta property=\"og:site_name\" content=\"Jogers\u00f6\" \/>\n<meta property=\"article:modified_time\" content=\"2022-12-14T12:53:38+00:00\" \/>\n<meta property=\"og:image\" content=\"https:\/\/jogerso.se\/wp-content\/uploads\/2022\/12\/upplevelser.jpg\" \/>\n\t<meta property=\"og:image:width\" content=\"1500\" \/>\n\t<meta property=\"og:image:height\" content=\"1000\" \/>\n\t<meta property=\"og:image:type\" content=\"image\/jpeg\" \/>\n<meta name=\"twitter:card\" content=\"summary_large_image\" \/>\n<meta name=\"twitter:label1\" content=\"Gesch\u00e4tzte Lesezeit\" \/>\n\t<meta name=\"twitter:data1\" content=\"1\u00a0Minute\" \/>\n<script type=\"application\/ld+json\" class=\"yoast-schema-graph\">{\"@context\":\"https:\/\/schema.org\",\"@graph\":[{\"@type\":\"WebPage\",\"@id\":\"https:\/\/jogerso.se\/de\/erlebnisse\/\",\"url\":\"https:\/\/jogerso.se\/de\/erlebnisse\/\",\"name\":\"Erlebnisse - Jogers\u00f6\",\"isPartOf\":{\"@id\":\"https:\/\/jogerso.se\/de\/#website\"},\"primaryImageOfPage\":{\"@id\":\"https:\/\/jogerso.se\/de\/erlebnisse\/#primaryimage\"},\"image\":{\"@id\":\"https:\/\/jogerso.se\/de\/erlebnisse\/#primaryimage\"},\"thumbnailUrl\":\"https:\/\/jogerso.se\/wp-content\/uploads\/2022\/12\/upplevelser.jpg\",\"datePublished\":\"2022-12-02T13:45:42+00:00\",\"dateModified\":\"2022-12-14T12:53:38+00:00\",\"breadcrumb\":{\"@id\":\"https:\/\/jogerso.se\/de\/erlebnisse\/#breadcrumb\"},\"inLanguage\":\"de\",\"potentialAction\":[{\"@type\":\"ReadAction\",\"target\":[\"https:\/\/jogerso.se\/de\/erlebnisse\/\"]}]},{\"@type\":\"ImageObject\",\"inLanguage\":\"de\",\"@id\":\"https:\/\/jogerso.se\/de\/erlebnisse\/#primaryimage\",\"url\":\"https:\/\/jogerso.se\/wp-content\/uploads\/2022\/12\/upplevelser.jpg\",\"contentUrl\":\"https:\/\/jogerso.se\/wp-content\/uploads\/2022\/12\/upplevelser.jpg\",\"width\":1500,\"height\":1000},{\"@type\":\"BreadcrumbList\",\"@id\":\"https:\/\/jogerso.se\/de\/erlebnisse\/#breadcrumb\",\"itemListElement\":[{\"@type\":\"ListItem\",\"position\":1,\"name\":\"Home\",\"item\":\"https:\/\/jogerso.se\/de\/\"},{\"@type\":\"ListItem\",\"position\":2,\"name\":\"Erlebnisse\"}]},{\"@type\":\"WebSite\",\"@id\":\"https:\/\/jogerso.se\/de\/#website\",\"url\":\"https:\/\/jogerso.se\/de\/\",\"name\":\"Jogers\u00f6\",\"description\":\"Eco Camp\",\"potentialAction\":[{\"@type\":\"SearchAction\",\"target\":{\"@type\":\"EntryPoint\",\"urlTemplate\":\"https:\/\/jogerso.se\/de\/?s={search_term_string}\"},\"query-input\":{\"@type\":\"PropertyValueSpecification\",\"valueRequired\":true,\"valueName\":\"search_term_string\"}}],\"inLanguage\":\"de\"}]}<\/script>\n<!-- \/ Yoast SEO plugin. -->","yoast_head_json":{"title":"Erlebnisse - Jogers\u00f6","robots":{"index":"index","follow":"follow","max-snippet":"max-snippet:-1","max-image-preview":"max-image-preview:large","max-video-preview":"max-video-preview:-1"},"canonical":"https:\/\/jogerso.se\/de\/erlebnisse\/","og_locale":"de_DE","og_type":"article","og_title":"Erlebnisse - Jogers\u00f6","og_description":"[vc_row row_height_percent=&#8220;0&#8243; override_padding=&#8220;yes&#8220; h_padding=&#8220;2&#8243; top_padding=&#8220;5&#8243; bottom_padding=&#8220;5&#8243; overlay_alpha=&#8220;50&#8243; equal_height=&#8220;yes&#8220; gutter_size=&#8220;4&#8243; column_width_percent=&#8220;100&#8243; shift_y=&#8220;0&#8243; z_index=&#8220;0&#8243; inverted_device_order=&#8220;yes&#8220; uncode_shortcode_id=&#8220;160462&#8243; row_name=&#8220;info&#8220;][vc_column column_width_percent=&#8220;100&#8243; position_horizontal=&#8220;left&#8220; position_vertical=&#8220;middle&#8220; gutter_size=&#8220;3&#8243; overlay_alpha=&#8220;50&#8243; [&hellip;]","og_url":"https:\/\/jogerso.se\/de\/erlebnisse\/","og_site_name":"Jogers\u00f6","article_modified_time":"2022-12-14T12:53:38+00:00","og_image":[{"width":1500,"height":1000,"url":"https:\/\/jogerso.se\/wp-content\/uploads\/2022\/12\/upplevelser.jpg","type":"image\/jpeg"}],"twitter_card":"summary_large_image","twitter_misc":{"Gesch\u00e4tzte Lesezeit":"1\u00a0Minute"},"schema":{"@context":"https:\/\/schema.org","@graph":[{"@type":"WebPage","@id":"https:\/\/jogerso.se\/de\/erlebnisse\/","url":"https:\/\/jogerso.se\/de\/erlebnisse\/","name":"Erlebnisse - Jogers\u00f6","isPartOf":{"@id":"https:\/\/jogerso.se\/de\/#website"},"primaryImageOfPage":{"@id":"https:\/\/jogerso.se\/de\/erlebnisse\/#primaryimage"},"image":{"@id":"https:\/\/jogerso.se\/de\/erlebnisse\/#primaryimage"},"thumbnailUrl":"https:\/\/jogerso.se\/wp-content\/uploads\/2022\/12\/upplevelser.jpg","datePublished":"2022-12-02T13:45:42+00:00","dateModified":"2022-12-14T12:53:38+00:00","breadcrumb":{"@id":"https:\/\/jogerso.se\/de\/erlebnisse\/#breadcrumb"},"inLanguage":"de","potentialAction":[{"@type":"ReadAction","target":["https:\/\/jogerso.se\/de\/erlebnisse\/"]}]},{"@type":"ImageObject","inLanguage":"de","@id":"https:\/\/jogerso.se\/de\/erlebnisse\/#primaryimage","url":"https:\/\/jogerso.se\/wp-content\/uploads\/2022\/12\/upplevelser.jpg","contentUrl":"https:\/\/jogerso.se\/wp-content\/uploads\/2022\/12\/upplevelser.jpg","width":1500,"height":1000},{"@type":"BreadcrumbList","@id":"https:\/\/jogerso.se\/de\/erlebnisse\/#breadcrumb","itemListElement":[{"@type":"ListItem","position":1,"name":"Home","item":"https:\/\/jogerso.se\/de\/"},{"@type":"ListItem","position":2,"name":"Erlebnisse"}]},{"@type":"WebSite","@id":"https:\/\/jogerso.se\/de\/#website","url":"https:\/\/jogerso.se\/de\/","name":"Jogers\u00f6","description":"Eco Camp","potentialAction":[{"@type":"SearchAction","target":{"@type":"EntryPoint","urlTemplate":"https:\/\/jogerso.se\/de\/?s={search_term_string}"},"query-input":{"@type":"PropertyValueSpecification","valueRequired":true,"valueName":"search_term_string"}}],"inLanguage":"de"}]}},"_links":{"self":[{"href":"https:\/\/jogerso.se\/de\/wp-json\/wp\/v2\/pages\/119640","targetHints":{"allow":["GET"]}}],"collection":[{"href":"https:\/\/jogerso.se\/de\/wp-json\/wp\/v2\/pages"}],"about":[{"href":"https:\/\/jogerso.se\/de\/wp-json\/wp\/v2\/types\/page"}],"author":[{"embeddable":true,"href":"https:\/\/jogerso.se\/de\/wp-json\/wp\/v2\/users\/6"}],"replies":[{"embeddable":true,"href":"https:\/\/jogerso.se\/de\/wp-json\/wp\/v2\/comments?post=119640"}],"version-history":[{"count":7,"href":"https:\/\/jogerso.se\/de\/wp-json\/wp\/v2\/pages\/119640\/revisions"}],"predecessor-version":[{"id":119961,"href":"https:\/\/jogerso.se\/de\/wp-json\/wp\/v2\/pages\/119640\/revisions\/119961"}],"wp:featuredmedia":[{"embeddable":true,"href":"https:\/\/jogerso.se\/de\/wp-json\/wp\/v2\/media\/119145"}],"wp:attachment":[{"href":"https:\/\/jogerso.se\/de\/wp-json\/wp\/v2\/media?parent=119640"}],"curies":[{"name":"wp","href":"https:\/\/api.w.org\/{rel}","templated":true}]}}