{"id":119613,"date":"2022-12-09T14:53:38","date_gmt":"2022-12-09T13:53:38","guid":{"rendered":"http:\/\/eco.jogerso.se.loopiadns.com\/om-oss\/"},"modified":"2022-12-09T14:58:28","modified_gmt":"2022-12-09T13:58:28","slug":"ueber-uns","status":"publish","type":"page","link":"https:\/\/jogerso.se\/de\/ueber-uns\/","title":{"rendered":"\u00dcber uns"},"content":{"rendered":"<div class=\"wpb-content-wrapper\"><p>[vc_row row_height_percent=&#8220;0&#8243; override_padding=&#8220;yes&#8220; h_padding=&#8220;2&#8243; top_padding=&#8220;5&#8243; bottom_padding=&#8220;5&#8243; overlay_alpha=&#8220;50&#8243; equal_height=&#8220;yes&#8220; gutter_size=&#8220;4&#8243; column_width_percent=&#8220;100&#8243; shift_y=&#8220;0&#8243; z_index=&#8220;0&#8243; inverted_device_order=&#8220;yes&#8220; uncode_shortcode_id=&#8220;117591&#8243;][vc_column column_width_percent=&#8220;100&#8243; position_horizontal=&#8220;left&#8220; position_vertical=&#8220;middle&#8220; gutter_size=&#8220;3&#8243; overlay_alpha=&#8220;50&#8243; shift_x=&#8220;0&#8243; shift_y=&#8220;0&#8243; shift_y_down=&#8220;0&#8243; z_index=&#8220;0&#8243; medium_width=&#8220;4&#8243; mobile_width=&#8220;0&#8243; width=&#8220;6\/12&#8243; uncode_shortcode_id=&#8220;157888&#8243;][vc_custom_heading auto_text=&#8220;yes&#8220; heading_semantic=&#8220;h1&#8243; text_size=&#8220;h1&#8243; sub_lead=&#8220;yes&#8220; uncode_shortcode_id=&#8220;660691&#8243;][\/vc_custom_heading][vc_column_text text_lead=&#8220;yes&#8220; uncode_shortcode_id=&#8220;422466&#8243;]Auf einem guten Campingplatz sollten viele allt\u00e4gliche Dinge selbstverst\u00e4ndlich sein. Man sollte kein Kleingeld mitnehmen m\u00fcssen, um duschen zu k\u00f6nnen, es sollte sauber und aufger\u00e4umt sein, wo man essen kocht und auch die Wcs sollten sauber sein. F\u00fcr uns ist au\u00dferdem selbstverst\u00e4ndlich, dass man einfach Zugang zu einer Waschmaschine haben sollte und dass man sich ein Fahrrad leihen kann.<\/p>\n<p>Sollte trotzdem etwas fehlen, tun wir immer unser Bestes, es doch noch zu besorgen. Sie haben schlie\u00dflich Urlaub &#8211; und nicht wir.<br \/>\nEin freudiges Wiedersehen sollte in Erinnerungen schwelgen und Sie zugleich zu neuen Erlebnissen auffordern. Auf unserem Familiencampingplatz ist genug Zeit f\u00fcr sowohl faule Tage als auch erlebnisreiche Momente. Und Ruhe? Ja, die ist hier Tradition.<\/p>\n<p>Susann Borg und ihre Mitarbeiter[\/vc_column_text][vc_empty_space empty_h=&#8220;0&#8243;][vc_button button_color=&#8220;color-210407&#8243; size=&#8220;btn-lg&#8220; text_skin=&#8220;yes&#8220; border_width=&#8220;0&#8243; display=&#8220;inline&#8220; inline_mobile=&#8220;yes&#8220; link=&#8220;url:https%3A%2F%2Fbokning4.paxess.se%2Fjogerso2|target:_blank&#8220; uncode_shortcode_id=&#8220;576040&#8243; button_color_type=&#8220;uncode-palette&#8220;]Buchen[\/vc_button][vc_button size=&#8220;btn-lg&#8220; outline=&#8220;yes&#8220; text_skin=&#8220;yes&#8220; border_width=&#8220;0&#8243; display=&#8220;inline&#8220; inline_mobile=&#8220;yes&#8220; link=&#8220;url:%2Fde%2Fkontakt&#8220; uncode_shortcode_id=&#8220;102625&#8243;]Kontaktieren sie uns[\/vc_button][\/vc_column][vc_column column_width_percent=&#8220;100&#8243; gutter_size=&#8220;3&#8243; overlay_alpha=&#8220;50&#8243; shift_x=&#8220;0&#8243; shift_y=&#8220;0&#8243; shift_y_down=&#8220;0&#8243; z_index=&#8220;0&#8243; medium_width=&#8220;4&#8243; mobile_width=&#8220;0&#8243; width=&#8220;6\/12&#8243; uncode_shortcode_id=&#8220;710163&#8243;][vc_single_image media=&#8220;119125&#8243; media_width_percent=&#8220;100&#8243; media_ratio=&#8220;one-one&#8220; alignment=&#8220;right&#8220; shape=&#8220;img-round&#8220; radius=&#8220;lg&#8220; uncode_shortcode_id=&#8220;864347&#8243;][\/vc_column][\/vc_row]<\/p>\n<\/div>","protected":false},"excerpt":{"rendered":"<p>[vc_row row_height_percent=&#8220;0&#8243; override_padding=&#8220;yes&#8220; h_padding=&#8220;2&#8243; top_padding=&#8220;5&#8243; bottom_padding=&#8220;5&#8243; overlay_alpha=&#8220;50&#8243; equal_height=&#8220;yes&#8220; gutter_size=&#8220;4&#8243; column_width_percent=&#8220;100&#8243; shift_y=&#8220;0&#8243; z_index=&#8220;0&#8243; inverted_device_order=&#8220;yes&#8220; uncode_shortcode_id=&#8220;117591&#8243;][vc_column column_width_percent=&#8220;100&#8243; position_horizontal=&#8220;left&#8220; position_vertical=&#8220;middle&#8220; gutter_size=&#8220;3&#8243; overlay_alpha=&#8220;50&#8243; shift_x=&#8220;0&#8243; [&hellip;]<\/p>\n","protected":false},"author":1,"featured_media":118981,"parent":0,"menu_order":0,"comment_status":"closed","ping_status":"closed","template":"","meta":{"footnotes":""},"class_list":["post-119613","page","type-page","status-publish","has-post-thumbnail","hentry"],"yoast_head":"<!-- This site is optimized with the Yoast SEO plugin v26.0 - https:\/\/yoast.com\/wordpress\/plugins\/seo\/ -->\n<title>\u00dcber uns - Jogers\u00f6<\/title>\n<meta name=\"robots\" content=\"index, follow, max-snippet:-1, max-image-preview:large, max-video-preview:-1\" \/>\n<link rel=\"canonical\" href=\"https:\/\/jogerso.se\/de\/ueber-uns\/\" \/>\n<meta property=\"og:locale\" content=\"de_DE\" \/>\n<meta property=\"og:type\" content=\"article\" \/>\n<meta property=\"og:title\" content=\"\u00dcber uns - Jogers\u00f6\" \/>\n<meta property=\"og:description\" content=\"[vc_row row_height_percent=&#8220;0&#8243; override_padding=&#8220;yes&#8220; h_padding=&#8220;2&#8243; top_padding=&#8220;5&#8243; bottom_padding=&#8220;5&#8243; overlay_alpha=&#8220;50&#8243; equal_height=&#8220;yes&#8220; gutter_size=&#8220;4&#8243; column_width_percent=&#8220;100&#8243; shift_y=&#8220;0&#8243; z_index=&#8220;0&#8243; inverted_device_order=&#8220;yes&#8220; uncode_shortcode_id=&#8220;117591&#8243;][vc_column column_width_percent=&#8220;100&#8243; position_horizontal=&#8220;left&#8220; position_vertical=&#8220;middle&#8220; gutter_size=&#8220;3&#8243; overlay_alpha=&#8220;50&#8243; shift_x=&#8220;0&#8243; [&hellip;]\" \/>\n<meta property=\"og:url\" content=\"https:\/\/jogerso.se\/de\/ueber-uns\/\" \/>\n<meta property=\"og:site_name\" content=\"Jogers\u00f6\" \/>\n<meta property=\"article:modified_time\" content=\"2022-12-09T13:58:28+00:00\" \/>\n<meta property=\"og:image\" content=\"https:\/\/jogerso.se\/wp-content\/uploads\/2022\/11\/Jogerso_Eco_Camping_4-scaled.jpg\" \/>\n\t<meta property=\"og:image:width\" content=\"2560\" \/>\n\t<meta property=\"og:image:height\" content=\"1707\" \/>\n\t<meta property=\"og:image:type\" content=\"image\/jpeg\" \/>\n<meta name=\"twitter:card\" content=\"summary_large_image\" \/>\n<meta name=\"twitter:label1\" content=\"Gesch\u00e4tzte Lesezeit\" \/>\n\t<meta name=\"twitter:data1\" content=\"1\u00a0Minute\" \/>\n<script type=\"application\/ld+json\" class=\"yoast-schema-graph\">{\"@context\":\"https:\/\/schema.org\",\"@graph\":[{\"@type\":\"WebPage\",\"@id\":\"https:\/\/jogerso.se\/de\/ueber-uns\/\",\"url\":\"https:\/\/jogerso.se\/de\/ueber-uns\/\",\"name\":\"\u00dcber uns - Jogers\u00f6\",\"isPartOf\":{\"@id\":\"https:\/\/jogerso.se\/de\/#website\"},\"primaryImageOfPage\":{\"@id\":\"https:\/\/jogerso.se\/de\/ueber-uns\/#primaryimage\"},\"image\":{\"@id\":\"https:\/\/jogerso.se\/de\/ueber-uns\/#primaryimage\"},\"thumbnailUrl\":\"https:\/\/jogerso.se\/wp-content\/uploads\/2022\/11\/Jogerso_Eco_Camping_4-scaled.jpg\",\"datePublished\":\"2022-12-09T13:53:38+00:00\",\"dateModified\":\"2022-12-09T13:58:28+00:00\",\"breadcrumb\":{\"@id\":\"https:\/\/jogerso.se\/de\/ueber-uns\/#breadcrumb\"},\"inLanguage\":\"de\",\"potentialAction\":[{\"@type\":\"ReadAction\",\"target\":[\"https:\/\/jogerso.se\/de\/ueber-uns\/\"]}]},{\"@type\":\"ImageObject\",\"inLanguage\":\"de\",\"@id\":\"https:\/\/jogerso.se\/de\/ueber-uns\/#primaryimage\",\"url\":\"https:\/\/jogerso.se\/wp-content\/uploads\/2022\/11\/Jogerso_Eco_Camping_4-scaled.jpg\",\"contentUrl\":\"https:\/\/jogerso.se\/wp-content\/uploads\/2022\/11\/Jogerso_Eco_Camping_4-scaled.jpg\",\"width\":2560,\"height\":1707},{\"@type\":\"BreadcrumbList\",\"@id\":\"https:\/\/jogerso.se\/de\/ueber-uns\/#breadcrumb\",\"itemListElement\":[{\"@type\":\"ListItem\",\"position\":1,\"name\":\"Home\",\"item\":\"https:\/\/jogerso.se\/de\/\"},{\"@type\":\"ListItem\",\"position\":2,\"name\":\"\u00dcber uns\"}]},{\"@type\":\"WebSite\",\"@id\":\"https:\/\/jogerso.se\/de\/#website\",\"url\":\"https:\/\/jogerso.se\/de\/\",\"name\":\"Jogers\u00f6\",\"description\":\"Eco Camp\",\"potentialAction\":[{\"@type\":\"SearchAction\",\"target\":{\"@type\":\"EntryPoint\",\"urlTemplate\":\"https:\/\/jogerso.se\/de\/?s={search_term_string}\"},\"query-input\":{\"@type\":\"PropertyValueSpecification\",\"valueRequired\":true,\"valueName\":\"search_term_string\"}}],\"inLanguage\":\"de\"}]}<\/script>\n<!-- \/ Yoast SEO plugin. -->","yoast_head_json":{"title":"\u00dcber uns - Jogers\u00f6","robots":{"index":"index","follow":"follow","max-snippet":"max-snippet:-1","max-image-preview":"max-image-preview:large","max-video-preview":"max-video-preview:-1"},"canonical":"https:\/\/jogerso.se\/de\/ueber-uns\/","og_locale":"de_DE","og_type":"article","og_title":"\u00dcber uns - Jogers\u00f6","og_description":"[vc_row row_height_percent=&#8220;0&#8243; override_padding=&#8220;yes&#8220; h_padding=&#8220;2&#8243; top_padding=&#8220;5&#8243; bottom_padding=&#8220;5&#8243; overlay_alpha=&#8220;50&#8243; equal_height=&#8220;yes&#8220; gutter_size=&#8220;4&#8243; column_width_percent=&#8220;100&#8243; shift_y=&#8220;0&#8243; z_index=&#8220;0&#8243; inverted_device_order=&#8220;yes&#8220; uncode_shortcode_id=&#8220;117591&#8243;][vc_column column_width_percent=&#8220;100&#8243; position_horizontal=&#8220;left&#8220; position_vertical=&#8220;middle&#8220; gutter_size=&#8220;3&#8243; overlay_alpha=&#8220;50&#8243; shift_x=&#8220;0&#8243; [&hellip;]","og_url":"https:\/\/jogerso.se\/de\/ueber-uns\/","og_site_name":"Jogers\u00f6","article_modified_time":"2022-12-09T13:58:28+00:00","og_image":[{"width":2560,"height":1707,"url":"https:\/\/jogerso.se\/wp-content\/uploads\/2022\/11\/Jogerso_Eco_Camping_4-scaled.jpg","type":"image\/jpeg"}],"twitter_card":"summary_large_image","twitter_misc":{"Gesch\u00e4tzte Lesezeit":"1\u00a0Minute"},"schema":{"@context":"https:\/\/schema.org","@graph":[{"@type":"WebPage","@id":"https:\/\/jogerso.se\/de\/ueber-uns\/","url":"https:\/\/jogerso.se\/de\/ueber-uns\/","name":"\u00dcber uns - Jogers\u00f6","isPartOf":{"@id":"https:\/\/jogerso.se\/de\/#website"},"primaryImageOfPage":{"@id":"https:\/\/jogerso.se\/de\/ueber-uns\/#primaryimage"},"image":{"@id":"https:\/\/jogerso.se\/de\/ueber-uns\/#primaryimage"},"thumbnailUrl":"https:\/\/jogerso.se\/wp-content\/uploads\/2022\/11\/Jogerso_Eco_Camping_4-scaled.jpg","datePublished":"2022-12-09T13:53:38+00:00","dateModified":"2022-12-09T13:58:28+00:00","breadcrumb":{"@id":"https:\/\/jogerso.se\/de\/ueber-uns\/#breadcrumb"},"inLanguage":"de","potentialAction":[{"@type":"ReadAction","target":["https:\/\/jogerso.se\/de\/ueber-uns\/"]}]},{"@type":"ImageObject","inLanguage":"de","@id":"https:\/\/jogerso.se\/de\/ueber-uns\/#primaryimage","url":"https:\/\/jogerso.se\/wp-content\/uploads\/2022\/11\/Jogerso_Eco_Camping_4-scaled.jpg","contentUrl":"https:\/\/jogerso.se\/wp-content\/uploads\/2022\/11\/Jogerso_Eco_Camping_4-scaled.jpg","width":2560,"height":1707},{"@type":"BreadcrumbList","@id":"https:\/\/jogerso.se\/de\/ueber-uns\/#breadcrumb","itemListElement":[{"@type":"ListItem","position":1,"name":"Home","item":"https:\/\/jogerso.se\/de\/"},{"@type":"ListItem","position":2,"name":"\u00dcber uns"}]},{"@type":"WebSite","@id":"https:\/\/jogerso.se\/de\/#website","url":"https:\/\/jogerso.se\/de\/","name":"Jogers\u00f6","description":"Eco Camp","potentialAction":[{"@type":"SearchAction","target":{"@type":"EntryPoint","urlTemplate":"https:\/\/jogerso.se\/de\/?s={search_term_string}"},"query-input":{"@type":"PropertyValueSpecification","valueRequired":true,"valueName":"search_term_string"}}],"inLanguage":"de"}]}},"_links":{"self":[{"href":"https:\/\/jogerso.se\/de\/wp-json\/wp\/v2\/pages\/119613","targetHints":{"allow":["GET"]}}],"collection":[{"href":"https:\/\/jogerso.se\/de\/wp-json\/wp\/v2\/pages"}],"about":[{"href":"https:\/\/jogerso.se\/de\/wp-json\/wp\/v2\/types\/page"}],"author":[{"embeddable":true,"href":"https:\/\/jogerso.se\/de\/wp-json\/wp\/v2\/users\/1"}],"replies":[{"embeddable":true,"href":"https:\/\/jogerso.se\/de\/wp-json\/wp\/v2\/comments?post=119613"}],"version-history":[{"count":4,"href":"https:\/\/jogerso.se\/de\/wp-json\/wp\/v2\/pages\/119613\/revisions"}],"predecessor-version":[{"id":119626,"href":"https:\/\/jogerso.se\/de\/wp-json\/wp\/v2\/pages\/119613\/revisions\/119626"}],"wp:featuredmedia":[{"embeddable":true,"href":"https:\/\/jogerso.se\/de\/wp-json\/wp\/v2\/media\/118981"}],"wp:attachment":[{"href":"https:\/\/jogerso.se\/de\/wp-json\/wp\/v2\/media?parent=119613"}],"curies":[{"name":"wp","href":"https:\/\/api.w.org\/{rel}","templated":true}]}}