{"id":119600,"date":"2022-11-21T11:20:39","date_gmt":"2022-11-21T10:20:39","guid":{"rendered":"http:\/\/eco.jogerso.se.loopiadns.com\/boende\/"},"modified":"2022-12-16T18:33:34","modified_gmt":"2022-12-16T17:33:34","slug":"leben","status":"publish","type":"page","link":"https:\/\/jogerso.se\/de\/leben\/","title":{"rendered":"Leben auf Jogers\u00f6"},"content":{"rendered":"<div class=\"wpb-content-wrapper\"><p>[vc_row row_height_percent=&#8220;0&#8243; override_padding=&#8220;yes&#8220; h_padding=&#8220;2&#8243; top_padding=&#8220;5&#8243; bottom_padding=&#8220;5&#8243; overlay_alpha=&#8220;50&#8243; equal_height=&#8220;yes&#8220; gutter_size=&#8220;4&#8243; column_width_percent=&#8220;100&#8243; shift_y=&#8220;0&#8243; z_index=&#8220;0&#8243; inverted_device_order=&#8220;yes&#8220; uncode_shortcode_id=&#8220;117591&#8243;][vc_column column_width_percent=&#8220;100&#8243; position_horizontal=&#8220;left&#8220; position_vertical=&#8220;middle&#8220; gutter_size=&#8220;3&#8243; overlay_alpha=&#8220;50&#8243; shift_x=&#8220;0&#8243; shift_y=&#8220;0&#8243; shift_y_down=&#8220;0&#8243; z_index=&#8220;0&#8243; medium_width=&#8220;4&#8243; mobile_width=&#8220;0&#8243; width=&#8220;6\/12&#8243; uncode_shortcode_id=&#8220;157888&#8243;][vc_custom_heading heading_semantic=&#8220;h1&#8243; text_size=&#8220;h1&#8243; sub_lead=&#8220;yes&#8220; uncode_shortcode_id=&#8220;178468&#8243;]Vier-Sterne-Familiencamping[\/vc_custom_heading][vc_column_text text_lead=&#8220;yes&#8220; uncode_shortcode_id=&#8220;202486&#8243;]Jogers\u00f6 ist ein ruhiger Familien-Campingplatz mit 4 Sternen an dem wundersch\u00f6nen Meeresschwimmbad Jogers\u00f6 in der Bucht Trappviken. Hier gibt es einen tollen Sandstrand, Stege und einen Sprungturm.<\/p>\n<p>Bei uns gibt es genug Platz, ganz gleich, ob Sie mit dem Wohnwagen, dem Wohnmobil oder dem Zelt kommen. In unseren H\u00fctten und Mietwohnwagen haben wir au\u00dferdem Platz, wenn Sie ohne eigenen Unterschlupf kommen.[\/vc_column_text][vc_empty_space empty_h=&#8220;2&#8243;][vc_button button_color=&#8220;color-210407&#8243; size=&#8220;btn-lg&#8220; text_skin=&#8220;yes&#8220; border_width=&#8220;0&#8243; display=&#8220;inline&#8220; inline_mobile=&#8220;yes&#8220; link=&#8220;url:https%3A%2F%2Fbokning4.paxess.se%2Fjogerso2|target:_blank&#8220; uncode_shortcode_id=&#8220;558737&#8243; button_color_type=&#8220;uncode-palette&#8220;]Reservieren[\/vc_button][vc_button button_color=&#8220;color-482803&#8243; size=&#8220;btn-lg&#8220; text_skin=&#8220;yes&#8220; border_width=&#8220;0&#8243; display=&#8220;inline&#8220; inline_mobile=&#8220;yes&#8220; link=&#8220;url:%23boenden&#8220; uncode_shortcode_id=&#8220;187128&#8243; button_color_type=&#8220;uncode-palette&#8220;]Leben[\/vc_button][\/vc_column][vc_column column_width_percent=&#8220;100&#8243; gutter_size=&#8220;3&#8243; overlay_alpha=&#8220;50&#8243; shift_x=&#8220;0&#8243; shift_y=&#8220;0&#8243; shift_y_down=&#8220;0&#8243; z_index=&#8220;0&#8243; medium_width=&#8220;4&#8243; mobile_width=&#8220;0&#8243; width=&#8220;6\/12&#8243; uncode_shortcode_id=&#8220;710163&#8243;][vc_gallery el_id=&#8220;gallery-556147&#8243; type=&#8220;carousel&#8220; medias=&#8220;119115,119122,118129,119317&#8243; carousel_lg=&#8220;1&#8243; carousel_md=&#8220;1&#8243; carousel_sm=&#8220;1&#8243; thumb_size=&#8220;one-one&#8220; gutter_size=&#8220;3&#8243; media_items=&#8220;media|nolink|original&#8220; carousel_height=&#8220;equal&#8220; carousel_interval=&#8220;3000&#8243; carousel_navspeed=&#8220;400&#8243; carousel_loop=&#8220;yes&#8220; carousel_dots=&#8220;yes&#8220; carousel_dots_mobile=&#8220;yes&#8220; stage_padding=&#8220;0&#8243; single_text=&#8220;under&#8220; single_shape=&#8220;round&#8220; radius=&#8220;lg&#8220; single_overlay_opacity=&#8220;50&#8243; single_overlay_anim=&#8220;no&#8220; single_text_anim=&#8220;no&#8220; single_image_anim=&#8220;no&#8220; single_padding=&#8220;2&#8243; single_border=&#8220;yes&#8220; no_double_tap=&#8220;yes&#8220; uncode_shortcode_id=&#8220;124488&#8243;][\/vc_column][\/vc_row][vc_row row_height_percent=&#8220;0&#8243; override_padding=&#8220;yes&#8220; h_padding=&#8220;2&#8243; top_padding=&#8220;4&#8243; bottom_padding=&#8220;4&#8243; back_color=&#8220;color-149953&#8243; overlay_alpha=&#8220;20&#8243; gutter_size=&#8220;2&#8243; column_width_percent=&#8220;100&#8243; shift_y=&#8220;0&#8243; z_index=&#8220;0&#8243; uncode_shortcode_id=&#8220;137873&#8243; back_color_type=&#8220;uncode-palette&#8220; row_name=&#8220;boenden&#8220; el_class=&#8220;cirklar&#8220;][vc_column column_width_percent=&#8220;100&#8243; position_vertical=&#8220;middle&#8220; align_horizontal=&#8220;align_center&#8220; gutter_size=&#8220;4&#8243; style=&#8220;dark&#8220; overlay_alpha=&#8220;50&#8243; shift_x=&#8220;0&#8243; shift_y=&#8220;0&#8243; shift_y_down=&#8220;0&#8243; z_index=&#8220;0&#8243; medium_width=&#8220;0&#8243; mobile_width=&#8220;0&#8243; width=&#8220;1\/1&#8243; uncode_shortcode_id=&#8220;752105&#8243;][vc_custom_heading text_size=&#8220;h1&#8243; uncode_shortcode_id=&#8220;582058&#8243;]Unterkunft auf Jogers\u00f6[\/vc_custom_heading][uncode_index el_id=&#8220;index-220834534557860&#8243; loop=&#8220;size:All|order_by:title|order:ASC|post_type:bo|taxonomy_count:10&#8243; screen_lg=&#8220;1000&#8243; screen_md=&#8220;480&#8243; screen_sm=&#8220;10&#8243; gutter_size=&#8220;3&#8243; post_items=&#8220;media|featured|onpost|poster,date,title,text|excerpt|90,category|bordered|topright|hide-icon&#8220; page_items=&#8220;media|featured|onpost|original,title&#8220; portfolio_items=&#8220;media|featured|onpost|original,title&#8220; bo_items=&#8220;media|featured|onpost|original,title&#8220; single_text=&#8220;overlay&#8220; images_size=&#8220;one-one&#8220; single_shape=&#8220;circle&#8220; single_overlay_color=&#8220;color-jevc&#8220; single_overlay_opacity=&#8220;20&#8243; single_overlay_visible=&#8220;yes&#8220; single_text_visible=&#8220;yes&#8220; single_h_align=&#8220;center&#8220; single_padding=&#8220;0&#8243; single_title_dimension=&#8220;h1&#8243; single_title_scale_mobile=&#8220;no&#8220; single_border=&#8220;yes&#8220; no_double_tap=&#8220;yes&#8220; aktivitet_items=&#8220;media|featured|onpost|original,title,text|excerpt,spacer|one,link|link|small_size|Visa aktivitet&#8220; uncode_shortcode_id=&#8220;897130&#8243; items=&#8220;eyIxMTk1MzdfaSI6eyJzaW5nbGVfdGl0bGVfZGltZW5zaW9uIjoiaDEifX0=&#8220;][vc_empty_space empty_h=&#8220;2&#8243; medium_visibility=&#8220;yes&#8220; mobile_visibility=&#8220;yes&#8220;][\/vc_column][\/vc_row][vc_row row_height_percent=&#8220;0&#8243; override_padding=&#8220;yes&#8220; h_padding=&#8220;2&#8243; top_padding=&#8220;5&#8243; bottom_padding=&#8220;5&#8243; overlay_alpha=&#8220;50&#8243; equal_height=&#8220;yes&#8220; gutter_size=&#8220;4&#8243; column_width_percent=&#8220;100&#8243; shift_y=&#8220;0&#8243; z_index=&#8220;0&#8243; uncode_shortcode_id=&#8220;130387&#8243; row_name=&#8220;info&#8220;][vc_column column_width_percent=&#8220;100&#8243; gutter_size=&#8220;3&#8243; overlay_alpha=&#8220;50&#8243; shift_x=&#8220;0&#8243; shift_y=&#8220;0&#8243; shift_y_down=&#8220;0&#8243; z_index=&#8220;0&#8243; medium_width=&#8220;4&#8243; mobile_width=&#8220;0&#8243; width=&#8220;6\/12&#8243; uncode_shortcode_id=&#8220;812326&#8243;][vc_single_image media=&#8220;119118&#8243; media_width_percent=&#8220;100&#8243; media_ratio=&#8220;two-three&#8220; alignment=&#8220;right&#8220; shape=&#8220;img-round&#8220; radius=&#8220;lg&#8220; uncode_shortcode_id=&#8220;620996&#8243;][\/vc_column][vc_column column_width_percent=&#8220;100&#8243; position_horizontal=&#8220;left&#8220; position_vertical=&#8220;middle&#8220; gutter_size=&#8220;3&#8243; overlay_alpha=&#8220;50&#8243; shift_x=&#8220;0&#8243; shift_y=&#8220;0&#8243; shift_y_down=&#8220;0&#8243; z_index=&#8220;0&#8243; medium_width=&#8220;4&#8243; mobile_width=&#8220;0&#8243; width=&#8220;6\/12&#8243; uncode_shortcode_id=&#8220;102276&#8243;][vc_custom_heading text_size=&#8220;h1&#8243; sub_lead=&#8220;yes&#8220; uncode_shortcode_id=&#8220;161588&#8243;]Leben auf Jogers\u00f6 Camping[\/vc_custom_heading][vc_column_text text_lead=&#8220;yes&#8220; uncode_shortcode_id=&#8220;158907&#8243;]Sie finden uns an der Rezeption und wir helfen Ihnen gerne weiter. Hier gibt es auch einen Kiosk und einen kleinen Lebensmittelladen (nicht im Winter). Hier finden Sie au\u00dferdem Fahrr\u00e4der zum Ausleihen und Sie k\u00f6nnen eine Zeit f\u00fcr die Waschmaschine reservieren.<\/p>\n<p>Unser Wintergarten! Ein Gemeinschaftsraum, der allen Campern offen steht. Hier k\u00f6nnen Sie sich u. a. hinsetzen, um zu essen und fernzusehen. Perfekt an einem verregneten Sommertag &#8230;<\/p>\n<p>Auf dem Campingplatz herrscht jedoch nicht nur Ruhe. Im Sommer besteht unser Angebot aus vielen verschiedenen Aktivit\u00e4ten. Meerkajakverleih, Minigolf, Tr\u00f6delmarkt und Grillabende sind nur einige der Dinge, die hier organisiert werden. Unter dem Reiter Aktivit\u00e4ten im Hauptmen\u00fc finden Sie weitere Informationen \u00fcber alles, was hier passiert. Auf Jogers\u00f6 gibt es eine kostenlose WLAN.<\/p>\n<p>Jogers\u00f6 Camping ist das ganze Jahr \u00fcber ge\u00f6ffnet. Quick Stop das ganze Jahr \u00fcber![\/vc_column_text][vc_empty_space empty_h=&#8220;0&#8243; medium_visibility=&#8220;yes&#8220; mobile_visibility=&#8220;yes&#8220;][vc_button button_color=&#8220;color-210407&#8243; size=&#8220;btn-lg&#8220; text_skin=&#8220;yes&#8220; border_width=&#8220;0&#8243; display=&#8220;inline&#8220; inline_mobile=&#8220;yes&#8220; link=&#8220;url:https%3A%2F%2Fbokning4.paxess.se%2Fjogerso2|target:_blank&#8220; uncode_shortcode_id=&#8220;326384&#8243; button_color_type=&#8220;uncode-palette&#8220;]Reservieren[\/vc_button][vc_button size=&#8220;btn-lg&#8220; outline=&#8220;yes&#8220; text_skin=&#8220;yes&#8220; border_width=&#8220;0&#8243; display=&#8220;inline&#8220; inline_mobile=&#8220;yes&#8220; link=&#8220;url:%2Fkontakt&#8220; uncode_shortcode_id=&#8220;207623&#8243;]Kontaktieren Sie uns[\/vc_button][\/vc_column][\/vc_row]<\/p>\n<\/div>","protected":false},"excerpt":{"rendered":"<p>[vc_row row_height_percent=&#8220;0&#8243; override_padding=&#8220;yes&#8220; h_padding=&#8220;2&#8243; top_padding=&#8220;5&#8243; bottom_padding=&#8220;5&#8243; overlay_alpha=&#8220;50&#8243; equal_height=&#8220;yes&#8220; gutter_size=&#8220;4&#8243; column_width_percent=&#8220;100&#8243; shift_y=&#8220;0&#8243; z_index=&#8220;0&#8243; inverted_device_order=&#8220;yes&#8220; uncode_shortcode_id=&#8220;117591&#8243;][vc_column column_width_percent=&#8220;100&#8243; position_horizontal=&#8220;left&#8220; position_vertical=&#8220;middle&#8220; gutter_size=&#8220;3&#8243; overlay_alpha=&#8220;50&#8243; shift_x=&#8220;0&#8243; [&hellip;]<\/p>\n","protected":false},"author":1,"featured_media":118983,"parent":0,"menu_order":0,"comment_status":"closed","ping_status":"closed","template":"","meta":{"footnotes":""},"class_list":["post-119600","page","type-page","status-publish","has-post-thumbnail","hentry"],"yoast_head":"<!-- This site is optimized with the Yoast SEO plugin v26.0 - https:\/\/yoast.com\/wordpress\/plugins\/seo\/ -->\n<title>Leben auf Jogers\u00f6 - Jogers\u00f6<\/title>\n<meta name=\"robots\" content=\"index, follow, max-snippet:-1, max-image-preview:large, max-video-preview:-1\" \/>\n<link rel=\"canonical\" href=\"https:\/\/jogerso.se\/de\/leben\/\" \/>\n<meta property=\"og:locale\" content=\"de_DE\" \/>\n<meta property=\"og:type\" content=\"article\" \/>\n<meta property=\"og:title\" content=\"Leben auf Jogers\u00f6 - Jogers\u00f6\" \/>\n<meta property=\"og:description\" content=\"[vc_row row_height_percent=&#8220;0&#8243; override_padding=&#8220;yes&#8220; h_padding=&#8220;2&#8243; top_padding=&#8220;5&#8243; bottom_padding=&#8220;5&#8243; overlay_alpha=&#8220;50&#8243; equal_height=&#8220;yes&#8220; gutter_size=&#8220;4&#8243; column_width_percent=&#8220;100&#8243; shift_y=&#8220;0&#8243; z_index=&#8220;0&#8243; inverted_device_order=&#8220;yes&#8220; uncode_shortcode_id=&#8220;117591&#8243;][vc_column column_width_percent=&#8220;100&#8243; position_horizontal=&#8220;left&#8220; position_vertical=&#8220;middle&#8220; gutter_size=&#8220;3&#8243; overlay_alpha=&#8220;50&#8243; shift_x=&#8220;0&#8243; [&hellip;]\" \/>\n<meta property=\"og:url\" content=\"https:\/\/jogerso.se\/de\/leben\/\" \/>\n<meta property=\"og:site_name\" content=\"Jogers\u00f6\" \/>\n<meta property=\"article:modified_time\" content=\"2022-12-16T17:33:34+00:00\" \/>\n<meta property=\"og:image\" content=\"https:\/\/jogerso.se\/wp-content\/uploads\/2022\/11\/Jogerso_Eco_Camping_3-scaled.jpg\" \/>\n\t<meta property=\"og:image:width\" content=\"2560\" \/>\n\t<meta property=\"og:image:height\" content=\"1705\" \/>\n\t<meta property=\"og:image:type\" content=\"image\/jpeg\" \/>\n<meta name=\"twitter:card\" content=\"summary_large_image\" \/>\n<meta name=\"twitter:label1\" content=\"Gesch\u00e4tzte Lesezeit\" \/>\n\t<meta name=\"twitter:data1\" content=\"3\u00a0Minuten\" \/>\n<script type=\"application\/ld+json\" class=\"yoast-schema-graph\">{\"@context\":\"https:\/\/schema.org\",\"@graph\":[{\"@type\":\"WebPage\",\"@id\":\"https:\/\/jogerso.se\/de\/leben\/\",\"url\":\"https:\/\/jogerso.se\/de\/leben\/\",\"name\":\"Leben auf Jogers\u00f6 - Jogers\u00f6\",\"isPartOf\":{\"@id\":\"https:\/\/jogerso.se\/de\/#website\"},\"primaryImageOfPage\":{\"@id\":\"https:\/\/jogerso.se\/de\/leben\/#primaryimage\"},\"image\":{\"@id\":\"https:\/\/jogerso.se\/de\/leben\/#primaryimage\"},\"thumbnailUrl\":\"https:\/\/jogerso.se\/wp-content\/uploads\/2022\/11\/Jogerso_Eco_Camping_3-scaled.jpg\",\"datePublished\":\"2022-11-21T10:20:39+00:00\",\"dateModified\":\"2022-12-16T17:33:34+00:00\",\"breadcrumb\":{\"@id\":\"https:\/\/jogerso.se\/de\/leben\/#breadcrumb\"},\"inLanguage\":\"de\",\"potentialAction\":[{\"@type\":\"ReadAction\",\"target\":[\"https:\/\/jogerso.se\/de\/leben\/\"]}]},{\"@type\":\"ImageObject\",\"inLanguage\":\"de\",\"@id\":\"https:\/\/jogerso.se\/de\/leben\/#primaryimage\",\"url\":\"https:\/\/jogerso.se\/wp-content\/uploads\/2022\/11\/Jogerso_Eco_Camping_3-scaled.jpg\",\"contentUrl\":\"https:\/\/jogerso.se\/wp-content\/uploads\/2022\/11\/Jogerso_Eco_Camping_3-scaled.jpg\",\"width\":2560,\"height\":1705},{\"@type\":\"BreadcrumbList\",\"@id\":\"https:\/\/jogerso.se\/de\/leben\/#breadcrumb\",\"itemListElement\":[{\"@type\":\"ListItem\",\"position\":1,\"name\":\"Home\",\"item\":\"https:\/\/jogerso.se\/de\/\"},{\"@type\":\"ListItem\",\"position\":2,\"name\":\"Leben auf Jogers\u00f6\"}]},{\"@type\":\"WebSite\",\"@id\":\"https:\/\/jogerso.se\/de\/#website\",\"url\":\"https:\/\/jogerso.se\/de\/\",\"name\":\"Jogers\u00f6\",\"description\":\"Eco Camp\",\"potentialAction\":[{\"@type\":\"SearchAction\",\"target\":{\"@type\":\"EntryPoint\",\"urlTemplate\":\"https:\/\/jogerso.se\/de\/?s={search_term_string}\"},\"query-input\":{\"@type\":\"PropertyValueSpecification\",\"valueRequired\":true,\"valueName\":\"search_term_string\"}}],\"inLanguage\":\"de\"}]}<\/script>\n<!-- \/ Yoast SEO plugin. -->","yoast_head_json":{"title":"Leben auf Jogers\u00f6 - Jogers\u00f6","robots":{"index":"index","follow":"follow","max-snippet":"max-snippet:-1","max-image-preview":"max-image-preview:large","max-video-preview":"max-video-preview:-1"},"canonical":"https:\/\/jogerso.se\/de\/leben\/","og_locale":"de_DE","og_type":"article","og_title":"Leben auf Jogers\u00f6 - Jogers\u00f6","og_description":"[vc_row row_height_percent=&#8220;0&#8243; override_padding=&#8220;yes&#8220; h_padding=&#8220;2&#8243; top_padding=&#8220;5&#8243; bottom_padding=&#8220;5&#8243; overlay_alpha=&#8220;50&#8243; equal_height=&#8220;yes&#8220; gutter_size=&#8220;4&#8243; column_width_percent=&#8220;100&#8243; shift_y=&#8220;0&#8243; z_index=&#8220;0&#8243; inverted_device_order=&#8220;yes&#8220; uncode_shortcode_id=&#8220;117591&#8243;][vc_column column_width_percent=&#8220;100&#8243; position_horizontal=&#8220;left&#8220; position_vertical=&#8220;middle&#8220; gutter_size=&#8220;3&#8243; overlay_alpha=&#8220;50&#8243; shift_x=&#8220;0&#8243; [&hellip;]","og_url":"https:\/\/jogerso.se\/de\/leben\/","og_site_name":"Jogers\u00f6","article_modified_time":"2022-12-16T17:33:34+00:00","og_image":[{"width":2560,"height":1705,"url":"https:\/\/jogerso.se\/wp-content\/uploads\/2022\/11\/Jogerso_Eco_Camping_3-scaled.jpg","type":"image\/jpeg"}],"twitter_card":"summary_large_image","twitter_misc":{"Gesch\u00e4tzte Lesezeit":"3\u00a0Minuten"},"schema":{"@context":"https:\/\/schema.org","@graph":[{"@type":"WebPage","@id":"https:\/\/jogerso.se\/de\/leben\/","url":"https:\/\/jogerso.se\/de\/leben\/","name":"Leben auf Jogers\u00f6 - Jogers\u00f6","isPartOf":{"@id":"https:\/\/jogerso.se\/de\/#website"},"primaryImageOfPage":{"@id":"https:\/\/jogerso.se\/de\/leben\/#primaryimage"},"image":{"@id":"https:\/\/jogerso.se\/de\/leben\/#primaryimage"},"thumbnailUrl":"https:\/\/jogerso.se\/wp-content\/uploads\/2022\/11\/Jogerso_Eco_Camping_3-scaled.jpg","datePublished":"2022-11-21T10:20:39+00:00","dateModified":"2022-12-16T17:33:34+00:00","breadcrumb":{"@id":"https:\/\/jogerso.se\/de\/leben\/#breadcrumb"},"inLanguage":"de","potentialAction":[{"@type":"ReadAction","target":["https:\/\/jogerso.se\/de\/leben\/"]}]},{"@type":"ImageObject","inLanguage":"de","@id":"https:\/\/jogerso.se\/de\/leben\/#primaryimage","url":"https:\/\/jogerso.se\/wp-content\/uploads\/2022\/11\/Jogerso_Eco_Camping_3-scaled.jpg","contentUrl":"https:\/\/jogerso.se\/wp-content\/uploads\/2022\/11\/Jogerso_Eco_Camping_3-scaled.jpg","width":2560,"height":1705},{"@type":"BreadcrumbList","@id":"https:\/\/jogerso.se\/de\/leben\/#breadcrumb","itemListElement":[{"@type":"ListItem","position":1,"name":"Home","item":"https:\/\/jogerso.se\/de\/"},{"@type":"ListItem","position":2,"name":"Leben auf Jogers\u00f6"}]},{"@type":"WebSite","@id":"https:\/\/jogerso.se\/de\/#website","url":"https:\/\/jogerso.se\/de\/","name":"Jogers\u00f6","description":"Eco Camp","potentialAction":[{"@type":"SearchAction","target":{"@type":"EntryPoint","urlTemplate":"https:\/\/jogerso.se\/de\/?s={search_term_string}"},"query-input":{"@type":"PropertyValueSpecification","valueRequired":true,"valueName":"search_term_string"}}],"inLanguage":"de"}]}},"_links":{"self":[{"href":"https:\/\/jogerso.se\/de\/wp-json\/wp\/v2\/pages\/119600","targetHints":{"allow":["GET"]}}],"collection":[{"href":"https:\/\/jogerso.se\/de\/wp-json\/wp\/v2\/pages"}],"about":[{"href":"https:\/\/jogerso.se\/de\/wp-json\/wp\/v2\/types\/page"}],"author":[{"embeddable":true,"href":"https:\/\/jogerso.se\/de\/wp-json\/wp\/v2\/users\/1"}],"replies":[{"embeddable":true,"href":"https:\/\/jogerso.se\/de\/wp-json\/wp\/v2\/comments?post=119600"}],"version-history":[{"count":12,"href":"https:\/\/jogerso.se\/de\/wp-json\/wp\/v2\/pages\/119600\/revisions"}],"predecessor-version":[{"id":120012,"href":"https:\/\/jogerso.se\/de\/wp-json\/wp\/v2\/pages\/119600\/revisions\/120012"}],"wp:featuredmedia":[{"embeddable":true,"href":"https:\/\/jogerso.se\/de\/wp-json\/wp\/v2\/media\/118983"}],"wp:attachment":[{"href":"https:\/\/jogerso.se\/de\/wp-json\/wp\/v2\/media?parent=119600"}],"curies":[{"name":"wp","href":"https:\/\/api.w.org\/{rel}","templated":true}]}}