{"id":119267,"date":"2022-11-21T11:23:23","date_gmt":"2022-11-21T10:23:23","guid":{"rendered":"http:\/\/eco.jogerso.se.loopiadns.com\/stornierung\/"},"modified":"2023-05-09T11:17:19","modified_gmt":"2023-05-09T10:17:19","slug":"avbokning","status":"publish","type":"page","link":"https:\/\/jogerso.se\/de\/leben\/avbokning\/","title":{"rendered":"Stornierung"},"content":{"rendered":"<div class=\"wpb-content-wrapper\"><p>[vc_row row_height_percent=&#8220;0&#8243; override_padding=&#8220;yes&#8220; h_padding=&#8220;2&#8243; top_padding=&#8220;5&#8243; bottom_padding=&#8220;5&#8243; overlay_alpha=&#8220;50&#8243; gutter_size=&#8220;4&#8243; column_width_percent=&#8220;100&#8243; shift_y=&#8220;0&#8243; z_index=&#8220;0&#8243; uncode_shortcode_id=&#8220;174828&#8243;][vc_column column_width_percent=&#8220;100&#8243; gutter_size=&#8220;3&#8243; overlay_alpha=&#8220;50&#8243; shift_x=&#8220;0&#8243; shift_y=&#8220;0&#8243; shift_y_down=&#8220;0&#8243; z_index=&#8220;0&#8243; medium_width=&#8220;4&#8243; mobile_width=&#8220;0&#8243; width=&#8220;1\/2&#8243; uncode_shortcode_id=&#8220;259934&#8243; el_class=&#8220;mobile-padding-top-fix&#8220;][vc_custom_heading uncode_shortcode_id=&#8220;531099&#8243;]<\/p>\n<h2 id=\"tw-target-text\" class=\"tw-data-text tw-text-large tw-ta\" dir=\"ltr\" data-placeholder=\"\u00d6vers\u00e4ttning\"><span class=\"Y2IQFc\" lang=\"de\">Stornierungsbedingungen<\/span><\/h2>\n<p><strong>Die Stornierungsregeln variieren je nachdem, welche Buchungsoption Sie gebucht haben, Standard oder FLEX. Weitere Informationen siehe unten.<\/strong>[\/vc_custom_heading][vc_column_text text_lead=&#8220;yes&#8220; uncode_shortcode_id=&#8220;919026&#8243;]<\/p>\n<pre id=\"tw-target-text\" class=\"tw-data-text tw-text-large tw-ta\" dir=\"ltr\" data-placeholder=\"\u00d6vers\u00e4ttning\"><span class=\"Y2IQFc\" lang=\"de\">Altersgrenze f\u00fcr die Buchung\r\nUm bei uns zu buchen\/einen Vertrag abzuschlie\u00dfen, m\u00fcssen Sie 18 Jahre alt sein.\r\nWann wird meine Buchung verbindlich?\r\nDie Buchung wird verbindlich, wenn Sie eine Buchungsbest\u00e4tigung per E-Mail erhalten haben.\r\nBuchungsbest\u00e4tigung\r\nSie m\u00fcssen eine schriftliche Buchungsbest\u00e4tigung Ihrer Buchung erhalten. Die Buchungsbest\u00e4tigung enth\u00e4lt wichtige Informationen zu Ihrer Buchung. Pr\u00fcfen Sie, ob der Inhalt der Buchungsbest\u00e4tigung Ihrer Buchung entspricht.\r\nZahlungsbedingungen\r\nBei der Buchung stehen Ihnen verschiedene Zahlungsm\u00f6glichkeiten zur Verf\u00fcgung. Bezahlen Sie direkt per Bankgiro, swish alt pay bei der Ankunft.\r\n\r\nKauf 24 Stunden ge\u00f6ffnet\r\nSie haben einen offenen Einkauf f\u00fcr 24 Stunden, wenn noch mehr als 7 Tage bis zur Ankunft verbleiben. R\u00fcckerstattungen f\u00fcr Buchungen, die sich auf einen offenen Kauf beziehen, erfolgen per E-Mail an info@jogerso.se oder telefonisch unter 0155-30466.\r\n\r\nBesucherservice\r\nWenn Sie Fragen haben und Hilfe ben\u00f6tigen, finden Sie die Kontaktdaten auf der Buchungsbest\u00e4tigung. Kontaktieren Sie info@jogerso.se alternativ per Telefon 0155-30466.<\/span><\/pre>\n<p>[\/vc_column_text][vc_column_text text_lead=&#8220;yes&#8220; uncode_shortcode_id=&#8220;206996&#8243;]<\/p>\n<pre id=\"tw-target-text\" class=\"tw-data-text tw-text-large tw-ta\" dir=\"ltr\" data-placeholder=\"\u00d6vers\u00e4ttning\"><span class=\"Y2IQFc\" lang=\"de\"><strong>Standard - Unsere g\u00fcnstigste Option<\/strong>\r\n\r\n\u00dcbertragung der Buchung\r\nBei einer Buchung zu diesen Bedingungen ist die Buchung nicht \u00fcbertragbar.\r\nAbreise fr\u00fcher als geplant\r\nWenn Sie fr\u00fcher als geplant abreisen, wird kein Geld zur\u00fcckerstattet.\r\nWas ist, wenn ich k\u00fcndigen m\u00f6chte?\r\nBei der Buchungsoption Standard k\u00f6nnen Sie m\u00fcndlich, schriftlich oder per E-Mail stornieren. Die Adresse finden Sie in Ihrer Buchungsbest\u00e4tigung.\r\nBei einer Buchung mit diesen Bedingungen wird im Falle einer Stornierung kein Betrag zur\u00fcckerstattet, der unbezahlte Aufenthalt wird in Rechnung gestellt.\r\n\r\nBuchungs\u00e4nderung\r\nBei einer Buchung mit diesen Bedingungen kann die Buchung nicht ge\u00e4ndert werden.<\/span><\/pre>\n<p>[\/vc_column_text][vc_column_text text_lead=&#8220;yes&#8220; uncode_shortcode_id=&#8220;157407&#8243;]<\/p>\n<pre id=\"tw-target-text\" class=\"tw-data-text tw-text-large tw-ta\" dir=\"ltr\" data-placeholder=\"\u00d6vers\u00e4ttning\"><span class=\"Y2IQFc\" lang=\"de\">FLEX - Unsere flexible Buchungsoption\r\n\r\n\u00dcbertragung der Buchung\r\nBei einer Buchung mit diesen Bedingungen kann die Buchung auf einen anderen Gast \u00fcbertragen werden.\r\nAbreise fr\u00fcher als geplant\r\nWenn Sie fr\u00fcher als geplant reisen, wird kein Geld zur\u00fcckerstattet.\r\nWas ist, wenn ich k\u00fcndigen m\u00f6chte?\r\nBei der Buchungsoption FLEX ist ein Stornoschutz enthalten, der gem\u00e4\u00df den nachfolgenden Bedingungen gilt. Die Kosten der Buchung werden im Zusammenhang mit der Buchung angegeben. Der Stornierungsschutz bedeutet, dass Sie bis zu 7 Tage vor dem Ankunftsdatum kostenlos stornieren k\u00f6nnen, die einzigen Kosten sind Verwaltungskosten von 295 SEK. Die K\u00fcndigung sollte jedoch erfolgen, sobald Sie wissen, dass Sie den Vertrag nicht erf\u00fcllen k\u00f6nnen.\r\nBuchungs\u00e4nderung\r\nBei Buchung zu diesen Bedingungen sind Umbuchungen nach M\u00f6glichkeit m\u00f6glich, Preise k\u00f6nnen variieren, \u00c4nderungen m\u00fcssen mindestens 7 Tage im Voraus mitgeteilt werden.<\/span><\/pre>\n<p>[\/vc_column_text][\/vc_column][vc_column width=&#8220;1\/2&#8243;][vc_column_text text_lead=&#8220;yes&#8220; uncode_shortcode_id=&#8220;196663&#8243;]<\/p>\n<pre id=\"tw-target-text\" class=\"tw-data-text tw-text-large tw-ta\" dir=\"ltr\" data-placeholder=\"\u00d6vers\u00e4ttning\"><span class=\"Y2IQFc\" lang=\"de\"><strong>Andere Stornierungsregeln:<\/strong>\r\n\r\nGrenzen der Kontrollverantwortung des Campingplatzes\r\nIn F\u00e4llen, in denen der Aufenthalt aufgrund eines Hindernisses, das wir nicht zu vertreten haben, nicht durchgef\u00fchrt werden kann und mit dem wir bei Vertragsschluss vern\u00fcnftigerweise nicht rechnen konnten und dessen Folgen wir vern\u00fcnftigerweise nicht vermeiden oder \u00fcberwinden konnten, sind wir von der Schadensersatzpflicht befreit oder andere Strafen.\r\n\r\nWas ist, wenn wir uns nicht einig sind?\r\nWenn wir uns nicht einigen k\u00f6nnen, k\u00f6nnen Sie z.B. nehmen Sie die Hilfe folgender Streitbeilegungsstellen in Anspruch:\r\nDas Responsibility Board von Visita, das die Beschwerdestelle der Branche ist. Wir werden den Empfehlungen des Verantwortungsgremiums folgen. http:\/\/www.visita.se\/mitt-foretag\/Ansvarsnamnden\/\r\n\r\nR\u00fccktrittsrecht\r\nDas Widerrufsrecht gem\u00e4\u00df dem Gesetz (2005:59) \u00fcber Fernabsatzvertr\u00e4ge und Vertr\u00e4ge au\u00dferhalb von Gesch\u00e4ftsr\u00e4umen ist bei Vertr\u00e4gen \u00fcber Beherbergung, Beherbergung oder Freizeitaktivit\u00e4ten ausgeschlossen, und Sie k\u00f6nnen daher einen Vertrag \u00fcber die Vermietung von Stellpl\u00e4tzen f\u00fcr Zelte, Wohnwagen und nicht stornieren Mobile Unterk\u00fcnfte.\r\n\r\nZahlung\r\n\r\nDie Zahlung erfolgt online direkt in der Einrichtung zum Zeitpunkt der Buchung, vor Ort bei der Ankunft, alles mit Rechnung.<\/span><\/pre>\n<p>[\/vc_column_text][\/vc_column][\/vc_row][vc_row][vc_column width=&#8220;1\/1&#8243;][\/vc_column][\/vc_row]<\/p>\n<\/div>","protected":false},"excerpt":{"rendered":"<p>[vc_row row_height_percent=&#8220;0&#8243; override_padding=&#8220;yes&#8220; h_padding=&#8220;2&#8243; top_padding=&#8220;5&#8243; bottom_padding=&#8220;5&#8243; overlay_alpha=&#8220;50&#8243; gutter_size=&#8220;4&#8243; column_width_percent=&#8220;100&#8243; shift_y=&#8220;0&#8243; z_index=&#8220;0&#8243; uncode_shortcode_id=&#8220;174828&#8243;][vc_column column_width_percent=&#8220;100&#8243; gutter_size=&#8220;3&#8243; overlay_alpha=&#8220;50&#8243; shift_x=&#8220;0&#8243; shift_y=&#8220;0&#8243; shift_y_down=&#8220;0&#8243; z_index=&#8220;0&#8243; medium_width=&#8220;4&#8243; [&hellip;]<\/p>\n","protected":false},"author":1,"featured_media":0,"parent":119600,"menu_order":10,"comment_status":"closed","ping_status":"closed","template":"","meta":{"footnotes":""},"class_list":["post-119267","page","type-page","status-publish","hentry"],"yoast_head":"<!-- This site is optimized with the Yoast SEO plugin v26.0 - https:\/\/yoast.com\/wordpress\/plugins\/seo\/ -->\n<title>Stornierung - Jogers\u00f6<\/title>\n<meta name=\"robots\" content=\"index, follow, max-snippet:-1, max-image-preview:large, max-video-preview:-1\" \/>\n<link rel=\"canonical\" href=\"https:\/\/jogerso.se\/de\/leben\/avbokning\/\" \/>\n<meta property=\"og:locale\" content=\"de_DE\" \/>\n<meta property=\"og:type\" content=\"article\" \/>\n<meta property=\"og:title\" content=\"Stornierung - Jogers\u00f6\" \/>\n<meta property=\"og:description\" content=\"[vc_row row_height_percent=&#8220;0&#8243; override_padding=&#8220;yes&#8220; h_padding=&#8220;2&#8243; top_padding=&#8220;5&#8243; bottom_padding=&#8220;5&#8243; overlay_alpha=&#8220;50&#8243; gutter_size=&#8220;4&#8243; column_width_percent=&#8220;100&#8243; shift_y=&#8220;0&#8243; z_index=&#8220;0&#8243; uncode_shortcode_id=&#8220;174828&#8243;][vc_column column_width_percent=&#8220;100&#8243; gutter_size=&#8220;3&#8243; overlay_alpha=&#8220;50&#8243; shift_x=&#8220;0&#8243; shift_y=&#8220;0&#8243; shift_y_down=&#8220;0&#8243; z_index=&#8220;0&#8243; medium_width=&#8220;4&#8243; [&hellip;]\" \/>\n<meta property=\"og:url\" content=\"https:\/\/jogerso.se\/de\/leben\/avbokning\/\" \/>\n<meta property=\"og:site_name\" content=\"Jogers\u00f6\" \/>\n<meta property=\"article:modified_time\" content=\"2023-05-09T10:17:19+00:00\" \/>\n<meta property=\"og:image\" content=\"https:\/\/jogerso.se\/wp-content\/uploads\/2026\/03\/jogerso-eco-camp-featured.webp\" \/>\n\t<meta property=\"og:image:width\" content=\"1200\" \/>\n\t<meta property=\"og:image:height\" content=\"675\" \/>\n\t<meta property=\"og:image:type\" content=\"image\/webp\" \/>\n<meta name=\"twitter:card\" content=\"summary_large_image\" \/>\n<meta name=\"twitter:label1\" content=\"Gesch\u00e4tzte Lesezeit\" \/>\n\t<meta name=\"twitter:data1\" content=\"3\u00a0Minuten\" \/>\n<script type=\"application\/ld+json\" class=\"yoast-schema-graph\">{\"@context\":\"https:\/\/schema.org\",\"@graph\":[{\"@type\":\"WebPage\",\"@id\":\"https:\/\/jogerso.se\/de\/leben\/avbokning\/\",\"url\":\"https:\/\/jogerso.se\/de\/leben\/avbokning\/\",\"name\":\"Stornierung - Jogers\u00f6\",\"isPartOf\":{\"@id\":\"https:\/\/jogerso.se\/de\/#website\"},\"datePublished\":\"2022-11-21T10:23:23+00:00\",\"dateModified\":\"2023-05-09T10:17:19+00:00\",\"breadcrumb\":{\"@id\":\"https:\/\/jogerso.se\/de\/leben\/avbokning\/#breadcrumb\"},\"inLanguage\":\"de\",\"potentialAction\":[{\"@type\":\"ReadAction\",\"target\":[\"https:\/\/jogerso.se\/de\/leben\/avbokning\/\"]}]},{\"@type\":\"BreadcrumbList\",\"@id\":\"https:\/\/jogerso.se\/de\/leben\/avbokning\/#breadcrumb\",\"itemListElement\":[{\"@type\":\"ListItem\",\"position\":1,\"name\":\"Home\",\"item\":\"https:\/\/jogerso.se\/de\/\"},{\"@type\":\"ListItem\",\"position\":2,\"name\":\"Leben auf Jogers\u00f6\",\"item\":\"https:\/\/jogerso.se\/de\/stay\/\"},{\"@type\":\"ListItem\",\"position\":3,\"name\":\"Stornierung\"}]},{\"@type\":\"WebSite\",\"@id\":\"https:\/\/jogerso.se\/de\/#website\",\"url\":\"https:\/\/jogerso.se\/de\/\",\"name\":\"Jogers\u00f6\",\"description\":\"Eco Camp\",\"potentialAction\":[{\"@type\":\"SearchAction\",\"target\":{\"@type\":\"EntryPoint\",\"urlTemplate\":\"https:\/\/jogerso.se\/de\/?s={search_term_string}\"},\"query-input\":{\"@type\":\"PropertyValueSpecification\",\"valueRequired\":true,\"valueName\":\"search_term_string\"}}],\"inLanguage\":\"de\"}]}<\/script>\n<!-- \/ Yoast SEO plugin. -->","yoast_head_json":{"title":"Stornierung - Jogers\u00f6","robots":{"index":"index","follow":"follow","max-snippet":"max-snippet:-1","max-image-preview":"max-image-preview:large","max-video-preview":"max-video-preview:-1"},"canonical":"https:\/\/jogerso.se\/de\/leben\/avbokning\/","og_locale":"de_DE","og_type":"article","og_title":"Stornierung - Jogers\u00f6","og_description":"[vc_row row_height_percent=&#8220;0&#8243; override_padding=&#8220;yes&#8220; h_padding=&#8220;2&#8243; top_padding=&#8220;5&#8243; bottom_padding=&#8220;5&#8243; overlay_alpha=&#8220;50&#8243; gutter_size=&#8220;4&#8243; column_width_percent=&#8220;100&#8243; shift_y=&#8220;0&#8243; z_index=&#8220;0&#8243; uncode_shortcode_id=&#8220;174828&#8243;][vc_column column_width_percent=&#8220;100&#8243; gutter_size=&#8220;3&#8243; overlay_alpha=&#8220;50&#8243; shift_x=&#8220;0&#8243; shift_y=&#8220;0&#8243; shift_y_down=&#8220;0&#8243; z_index=&#8220;0&#8243; medium_width=&#8220;4&#8243; [&hellip;]","og_url":"https:\/\/jogerso.se\/de\/leben\/avbokning\/","og_site_name":"Jogers\u00f6","article_modified_time":"2023-05-09T10:17:19+00:00","og_image":[{"width":1200,"height":675,"url":"https:\/\/jogerso.se\/wp-content\/uploads\/2026\/03\/jogerso-eco-camp-featured.webp","type":"image\/webp"}],"twitter_card":"summary_large_image","twitter_misc":{"Gesch\u00e4tzte Lesezeit":"3\u00a0Minuten"},"schema":{"@context":"https:\/\/schema.org","@graph":[{"@type":"WebPage","@id":"https:\/\/jogerso.se\/de\/leben\/avbokning\/","url":"https:\/\/jogerso.se\/de\/leben\/avbokning\/","name":"Stornierung - Jogers\u00f6","isPartOf":{"@id":"https:\/\/jogerso.se\/de\/#website"},"datePublished":"2022-11-21T10:23:23+00:00","dateModified":"2023-05-09T10:17:19+00:00","breadcrumb":{"@id":"https:\/\/jogerso.se\/de\/leben\/avbokning\/#breadcrumb"},"inLanguage":"de","potentialAction":[{"@type":"ReadAction","target":["https:\/\/jogerso.se\/de\/leben\/avbokning\/"]}]},{"@type":"BreadcrumbList","@id":"https:\/\/jogerso.se\/de\/leben\/avbokning\/#breadcrumb","itemListElement":[{"@type":"ListItem","position":1,"name":"Home","item":"https:\/\/jogerso.se\/de\/"},{"@type":"ListItem","position":2,"name":"Leben auf Jogers\u00f6","item":"https:\/\/jogerso.se\/de\/stay\/"},{"@type":"ListItem","position":3,"name":"Stornierung"}]},{"@type":"WebSite","@id":"https:\/\/jogerso.se\/de\/#website","url":"https:\/\/jogerso.se\/de\/","name":"Jogers\u00f6","description":"Eco Camp","potentialAction":[{"@type":"SearchAction","target":{"@type":"EntryPoint","urlTemplate":"https:\/\/jogerso.se\/de\/?s={search_term_string}"},"query-input":{"@type":"PropertyValueSpecification","valueRequired":true,"valueName":"search_term_string"}}],"inLanguage":"de"}]}},"_links":{"self":[{"href":"https:\/\/jogerso.se\/de\/wp-json\/wp\/v2\/pages\/119267","targetHints":{"allow":["GET"]}}],"collection":[{"href":"https:\/\/jogerso.se\/de\/wp-json\/wp\/v2\/pages"}],"about":[{"href":"https:\/\/jogerso.se\/de\/wp-json\/wp\/v2\/types\/page"}],"author":[{"embeddable":true,"href":"https:\/\/jogerso.se\/de\/wp-json\/wp\/v2\/users\/1"}],"replies":[{"embeddable":true,"href":"https:\/\/jogerso.se\/de\/wp-json\/wp\/v2\/comments?post=119267"}],"version-history":[{"count":7,"href":"https:\/\/jogerso.se\/de\/wp-json\/wp\/v2\/pages\/119267\/revisions"}],"predecessor-version":[{"id":120211,"href":"https:\/\/jogerso.se\/de\/wp-json\/wp\/v2\/pages\/119267\/revisions\/120211"}],"up":[{"embeddable":true,"href":"https:\/\/jogerso.se\/de\/wp-json\/wp\/v2\/pages\/119600"}],"wp:attachment":[{"href":"https:\/\/jogerso.se\/de\/wp-json\/wp\/v2\/media?parent=119267"}],"curies":[{"name":"wp","href":"https:\/\/api.w.org\/{rel}","templated":true}]}}